{"id":15585,"date":"2021-01-04T16:51:33","date_gmt":"2021-01-04T15:51:33","guid":{"rendered":"https:\/\/sklep.nowyork.pl\/?post_type=product&#038;p=15585"},"modified":"2021-01-04T17:11:30","modified_gmt":"2021-01-04T16:11:30","slug":"smycz-linkowa-seoul-100-cm-x-8-mm-rozowa","status":"publish","type":"product","link":"https:\/\/sklep.nowyork.pl\/index.php\/produkt\/smycz-linkowa-seoul-100-cm-x-8-mm-rozowa\/","title":{"rendered":"Smycz linkowa Seoul  100 cm x 8 mm r\u00f3\u017cowa"},"content":{"rendered":"<h1 class=\"page-title\"><span class=\"base\" data-ui-id=\"page-title-wrapper\">Smycz linkowa Seoul<\/span><\/h1>\n<p><a href=\"https:\/\/sklep.nowyork.pl\/wp-content\/uploads\/2021\/01\/seoul-roz.jpeg\"><img loading=\"lazy\" class=\"alignnone size-medium wp-image-15581\" src=\"https:\/\/sklep.nowyork.pl\/wp-content\/uploads\/2021\/01\/seoul-roz-227x300.jpeg\" alt=\"\" width=\"227\" height=\"300\" srcset=\"https:\/\/sklep.nowyork.pl\/wp-content\/uploads\/2021\/01\/seoul-roz-227x300.jpeg 227w, https:\/\/sklep.nowyork.pl\/wp-content\/uploads\/2021\/01\/seoul-roz-500x660.jpeg 500w, https:\/\/sklep.nowyork.pl\/wp-content\/uploads\/2021\/01\/seoul-roz-700x924.jpeg 700w, https:\/\/sklep.nowyork.pl\/wp-content\/uploads\/2021\/01\/seoul-roz-776x1024.jpeg 776w, https:\/\/sklep.nowyork.pl\/wp-content\/uploads\/2021\/01\/seoul-roz-768x1014.jpeg 768w, https:\/\/sklep.nowyork.pl\/wp-content\/uploads\/2021\/01\/seoul-roz.jpeg 1000w\" sizes=\"(max-width: 227px) 100vw, 227px\" \/><\/a><\/p>\n<p>&nbsp;<\/p>\n<p><span style=\"color: #000000\">\u2022 okr\u0105g\u0142a, wytrzyma\u0142a smycz<\/span><\/p>\n<p><span style=\"color: #000000\"> \u2022 z wysokiej jako\u015bci tkaniny nylonowej <\/span><\/p>\n<p><span style=\"color: #000000\">\u2022 odblaskowa<\/span><\/p>\n<p>&nbsp;<\/p>\n<p><span style=\"color: #000000\"><strong>Marka<\/strong>: Kerbl<\/span><\/p>\n<p><span style=\"color: #000000\"><strong>Kolor<\/strong>: r\u00f3\u017cowy<\/span><\/p>\n<p><span style=\"color: #000000\"><strong>D\u0142ugo\u015b\u0107:<\/strong> 100cm<\/span><\/p>\n<p><span style=\"color: #000000\"><strong>Szeroko\u015b\u0107<\/strong>: 8mm<\/span><\/p>\n<p>&nbsp;<\/p>\n<h1 class=\"page-title\"><\/h1>\n<p>&nbsp;<\/p>\n<p>&nbsp;<\/p>\n<p>N80228<\/p>\n","protected":false},"excerpt":{"rendered":"<p>Smycz linkowa Seoul &nbsp; \u2022 okr\u0105g\u0142a, wytrzyma\u0142a smycz \u2022 z wysokiej jako\u015bci tkaniny nylonowej \u2022 odblaskowa &nbsp; Marka: Kerbl Kolor: r\u00f3\u017cowy D\u0142ugo\u015b\u0107: 100cm Szeroko\u015b\u0107: 8mm &nbsp; &nbsp; &nbsp; N80228<\/p>\n","protected":false},"featured_media":15581,"template":"","meta":[],"product_cat":[70,93,207],"product_tag":[352,337,348,347,354,124,369,346,355,356,357,361],"_links":{"self":[{"href":"https:\/\/sklep.nowyork.pl\/index.php\/wp-json\/wp\/v2\/product\/15585"}],"collection":[{"href":"https:\/\/sklep.nowyork.pl\/index.php\/wp-json\/wp\/v2\/product"}],"about":[{"href":"https:\/\/sklep.nowyork.pl\/index.php\/wp-json\/wp\/v2\/types\/product"}],"wp:featuredmedia":[{"embeddable":true,"href":"https:\/\/sklep.nowyork.pl\/index.php\/wp-json\/wp\/v2\/media\/15581"}],"wp:attachment":[{"href":"https:\/\/sklep.nowyork.pl\/index.php\/wp-json\/wp\/v2\/media?parent=15585"}],"wp:term":[{"taxonomy":"product_cat","embeddable":true,"href":"https:\/\/sklep.nowyork.pl\/index.php\/wp-json\/wp\/v2\/product_cat?post=15585"},{"taxonomy":"product_tag","embeddable":true,"href":"https:\/\/sklep.nowyork.pl\/index.php\/wp-json\/wp\/v2\/product_tag?post=15585"}],"curies":[{"name":"wp","href":"https:\/\/api.w.org\/{rel}","templated":true}]}}