{"id":15706,"date":"2021-01-13T13:00:06","date_gmt":"2021-01-13T12:00:06","guid":{"rendered":"https:\/\/sklep.nowyork.pl\/?post_type=product&#038;p=15706"},"modified":"2021-01-13T15:24:14","modified_gmt":"2021-01-13T14:24:14","slug":"transporter-trixie-be-eco-capri-xs","status":"publish","type":"product","link":"https:\/\/sklep.nowyork.pl\/index.php\/produkt\/transporter-trixie-be-eco-capri-xs\/","title":{"rendered":"Transporter Trixie Be Eco Capri XS"},"content":{"rendered":"<p><strong><span style=\"color: #000000\">Rozmiar XS\u00a0<\/span><\/strong><\/p>\n<p><span style=\"color: #000000\"><strong>Wymiary:<\/strong> 32 \u00d7 31 \u00d7 48 cm<\/span><br \/>\n<span style=\"color: #000000\"><strong>Waga transportera:<\/strong> 1,2 kg<\/span><br \/>\n<span style=\"color: #000000\"><strong>Max waga zwierz\u0119cia:<\/strong> 6 kg<\/span><\/p>\n<p>&nbsp;<\/p>\n<ul>\n<li><span style=\"color: #000000\">plastik pochodz\u0105cy z recyklingu<\/span><\/li>\n<li><span style=\"color: #000000\">z raczk\u0105<\/span><\/li>\n<li><span style=\"color: #000000\">\u00a0z pojemnikiem i klapa na zasuwke<\/span><\/li>\n<li><span style=\"color: #000000\">kolor: szary-zielony<\/span><\/li>\n<\/ul>\n","protected":false},"excerpt":{"rendered":"<p>Rozmiar XS\u00a0 Wymiary: 32 \u00d7 31 \u00d7 48 cm Waga transportera: 1,2 kg Max waga zwierz\u0119cia: 6 kg &nbsp; plastik pochodz\u0105cy z recyklingu z raczk\u0105 \u00a0z pojemnikiem i klapa na zasuwke kolor: szary-zielony<\/p>\n","protected":false},"featured_media":15710,"template":"","meta":[],"product_cat":[70,92,160],"product_tag":[441,336,352,440,438,437,436,439,442,443],"_links":{"self":[{"href":"https:\/\/sklep.nowyork.pl\/index.php\/wp-json\/wp\/v2\/product\/15706"}],"collection":[{"href":"https:\/\/sklep.nowyork.pl\/index.php\/wp-json\/wp\/v2\/product"}],"about":[{"href":"https:\/\/sklep.nowyork.pl\/index.php\/wp-json\/wp\/v2\/types\/product"}],"wp:featuredmedia":[{"embeddable":true,"href":"https:\/\/sklep.nowyork.pl\/index.php\/wp-json\/wp\/v2\/media\/15710"}],"wp:attachment":[{"href":"https:\/\/sklep.nowyork.pl\/index.php\/wp-json\/wp\/v2\/media?parent=15706"}],"wp:term":[{"taxonomy":"product_cat","embeddable":true,"href":"https:\/\/sklep.nowyork.pl\/index.php\/wp-json\/wp\/v2\/product_cat?post=15706"},{"taxonomy":"product_tag","embeddable":true,"href":"https:\/\/sklep.nowyork.pl\/index.php\/wp-json\/wp\/v2\/product_tag?post=15706"}],"curies":[{"name":"wp","href":"https:\/\/api.w.org\/{rel}","templated":true}]}}