{"id":15715,"date":"2021-01-13T15:17:10","date_gmt":"2021-01-13T14:17:10","guid":{"rendered":"https:\/\/sklep.nowyork.pl\/?post_type=product&#038;p=15715"},"modified":"2021-05-10T17:25:02","modified_gmt":"2021-05-10T15:25:02","slug":"transporter-trixie-be-eco-capri-2","status":"publish","type":"product","link":"https:\/\/sklep.nowyork.pl\/index.php\/produkt\/transporter-trixie-be-eco-capri-2\/","title":{"rendered":"Transporter Trixie Be Eco Capri S"},"content":{"rendered":"<p><strong><span style=\"color: #000000;\">Rozmiar\u00a0 S<\/span><\/strong><\/p>\n<p><span style=\"color: #000000;\"><strong>Wymiary:<\/strong> 40 \u00d7 38 \u00d7 56 cm<\/span><br \/>\n<span style=\"color: #000000;\"><strong>Waga transportera:<\/strong> 2,1kg<\/span><br \/>\n<span style=\"color: #000000;\"><strong>Max waga zwierz\u0119cia:<\/strong> 12 kg<\/span><\/p>\n<p>&nbsp;<\/p>\n<ul>\n<li><span style=\"color: #000000;\">plastik pochodz\u0105cy z recyklingu<\/span><\/li>\n<li><span style=\"color: #000000;\">z raczk\u0105<\/span><\/li>\n<li><span style=\"color: #000000;\">\u00a0z pojemnikiem i klapa na zasuwke<\/span><\/li>\n<li><span style=\"color: #000000;\">kolor: szary-zielony<\/span><\/li>\n<\/ul>\n","protected":false},"excerpt":{"rendered":"<p>Rozmiar\u00a0 S Wymiary: 40 \u00d7 38 \u00d7 56 cm Waga transportera: 2,1kg Max waga zwierz\u0119cia: 12 kg &nbsp; plastik pochodz\u0105cy z recyklingu z raczk\u0105 \u00a0z pojemnikiem i klapa na zasuwke kolor: szary-zielony<\/p>\n","protected":false},"featured_media":15710,"template":"","meta":[],"product_cat":[70,92,160],"product_tag":[441,336,352,440,1277,438,437,436,439,442,443],"_links":{"self":[{"href":"https:\/\/sklep.nowyork.pl\/index.php\/wp-json\/wp\/v2\/product\/15715"}],"collection":[{"href":"https:\/\/sklep.nowyork.pl\/index.php\/wp-json\/wp\/v2\/product"}],"about":[{"href":"https:\/\/sklep.nowyork.pl\/index.php\/wp-json\/wp\/v2\/types\/product"}],"wp:featuredmedia":[{"embeddable":true,"href":"https:\/\/sklep.nowyork.pl\/index.php\/wp-json\/wp\/v2\/media\/15710"}],"wp:attachment":[{"href":"https:\/\/sklep.nowyork.pl\/index.php\/wp-json\/wp\/v2\/media?parent=15715"}],"wp:term":[{"taxonomy":"product_cat","embeddable":true,"href":"https:\/\/sklep.nowyork.pl\/index.php\/wp-json\/wp\/v2\/product_cat?post=15715"},{"taxonomy":"product_tag","embeddable":true,"href":"https:\/\/sklep.nowyork.pl\/index.php\/wp-json\/wp\/v2\/product_tag?post=15715"}],"curies":[{"name":"wp","href":"https:\/\/api.w.org\/{rel}","templated":true}]}}