{"id":15802,"date":"2021-01-15T11:23:57","date_gmt":"2021-01-15T10:23:57","guid":{"rendered":"https:\/\/sklep.nowyork.pl\/?post_type=product&#038;p=15802"},"modified":"2022-10-13T12:34:14","modified_gmt":"2022-10-13T10:34:14","slug":"miska-ceramiczna-dog-princess-0-45l","status":"publish","type":"product","link":"https:\/\/sklep.nowyork.pl\/index.php\/produkt\/miska-ceramiczna-dog-princess-0-45l\/","title":{"rendered":"Miska ceramiczna Dog Princess 0.45l"},"content":{"rendered":"<h4 style=\"text-align: center;\"><span style=\"color: #ff00ff;\">Miska ceramiczna Trixie\u00a0<\/span><\/h4>\n<h4 style=\"text-align: center;\"><span style=\"color: #ff00ff;\"> Dog Princess<\/span><\/h4>\n<p style=\"text-align: center;\"><span style=\"color: #ff00ff;\">zaprojektowana przez ksiezniczke Maje von Hohenzollern<\/span><\/p>\n<h6 style=\"text-align: center;\"><span style=\"color: #000000;\">Pojemno\u015b\u0107: 0.45l\u00a0<\/span><\/h6>\n<h6 style=\"text-align: center;\"><span style=\"color: #000000;\">\u015arednica: <strong>16cm\u00a0<\/strong><\/span><\/h6>\n<h6 style=\"text-align: center;\"><span style=\"color: #000000;\">Kolor: r\u00f3\u017cowy<\/span><\/h6>\n<h6 style=\"text-align: center;\"><span style=\"color: #000000;\">Materia\u0142:<strong> ceramiczna<\/strong><\/span><\/h6>\n","protected":false},"excerpt":{"rendered":"<p>Miska ceramiczna Trixie\u00a0 Dog Princess zaprojektowana przez ksiezniczke Maje von Hohenzollern Pojemno\u015b\u0107: 0.45l\u00a0 \u015arednica: 16cm\u00a0 Kolor: r\u00f3\u017cowy Materia\u0142: ceramiczna<\/p>\n","protected":false},"featured_media":15803,"template":"","meta":[],"product_cat":[1278,70,88,90],"product_tag":[522,517,519,516,526,524,525,443],"_links":{"self":[{"href":"https:\/\/sklep.nowyork.pl\/index.php\/wp-json\/wp\/v2\/product\/15802"}],"collection":[{"href":"https:\/\/sklep.nowyork.pl\/index.php\/wp-json\/wp\/v2\/product"}],"about":[{"href":"https:\/\/sklep.nowyork.pl\/index.php\/wp-json\/wp\/v2\/types\/product"}],"wp:featuredmedia":[{"embeddable":true,"href":"https:\/\/sklep.nowyork.pl\/index.php\/wp-json\/wp\/v2\/media\/15803"}],"wp:attachment":[{"href":"https:\/\/sklep.nowyork.pl\/index.php\/wp-json\/wp\/v2\/media?parent=15802"}],"wp:term":[{"taxonomy":"product_cat","embeddable":true,"href":"https:\/\/sklep.nowyork.pl\/index.php\/wp-json\/wp\/v2\/product_cat?post=15802"},{"taxonomy":"product_tag","embeddable":true,"href":"https:\/\/sklep.nowyork.pl\/index.php\/wp-json\/wp\/v2\/product_tag?post=15802"}],"curies":[{"name":"wp","href":"https:\/\/api.w.org\/{rel}","templated":true}]}}