{"id":16248,"date":"2021-02-12T13:26:37","date_gmt":"2021-02-12T12:26:37","guid":{"rendered":"https:\/\/sklep.nowyork.pl\/?post_type=product&#038;p=16248"},"modified":"2024-03-23T12:17:23","modified_gmt":"2024-03-23T11:17:23","slug":"pokusa-czystek-100g","status":"publish","type":"product","link":"https:\/\/sklep.nowyork.pl\/index.php\/produkt\/pokusa-czystek-100g\/","title":{"rendered":"Pokusa czystek 100g"},"content":{"rendered":"<p>Naturalny, wolny od GMO i pestycyd\u00f3w zio\u0142owy dodatek \u017cywieniowy dla ps\u00f3w i kot\u00f3w. Odpowiednio dobrany proces drobnego mielenia, gwarantuje \u0142atwe mieszanie z pokarmem dzi\u0119ki czemu jest ch\u0119tniej pobierany przez zwierz\u0119ta.<\/p>\n<p>Czystek turecki wyhodowany na glebach wulkanicznych, dzi\u0119ki kt\u00f3rym zawdzi\u0119cza swoje w\u0142a\u015bciwo\u015bci. Zawiera wysoki poziom polifenoli &#8211; lotnych substancji o szerokim spektrum. Regularnie podawany przyczynia si\u0119 do zmiany zapachu cia\u0142a, czyni\u0105c zwierz\u0119 mniej atrakcyjnym dla paso\u017cyt\u00f3w zewn\u0119trznych (pch\u0142y, komary, kleszcze). Stanowi bogate \u017ar\u00f3d\u0142o antyoksydant\u00f3w &#8211; szczeg\u00f3lnie wa\u017cne u zwierz\u0105t sterylizowanych\/kastrowanych o mniejszej odporno\u015bci na dzia\u0142anie wolnych rodnik\u00f3w. Fenylokwasy zawarte w czystku pozytywnie stymuluj\u0105 prac\u0119 w\u0105troby i trzustki. Czystek jest doskona\u0142ym uzupe\u0142nieniem diety ps\u00f3w i kot\u00f3w sk\u0142onnych do alergii (wycisza reakcje alergiczne); wykazuje tak\u017ce dzia\u0142anie przeciwbakteryjne, przeciwgrzybicze, przeciwwirusowe. Warto podawa\u0107 go wspomagaj\u0105co w przypadku nie\u017cyt\u00f3w przewodu pokarmowego, schorze\u0144 w\u0105troby, zaka\u017ce\u0144 i stan\u00f3w zapalnych uk\u0142adu moczowego, sk\u00f3ry i staw\u00f3w.<\/p>\n<p><strong>Zastosowanie:<\/strong><\/p>\n<ul>\n<li>Wspomaga odporno\u015b\u0107<\/li>\n<li>Wspomaga ochron\u0119 przed paso\u017cytami zewn\u0119trznymi i wewn\u0119trznymi<\/li>\n<li>Neutralizuje przykry zapach cia\u0142a<\/li>\n<li>W przypadku alergii<\/li>\n<li>Dzia\u0142anie przeciwbakteryjne, przeciwgrzybicze, przeciwwirusowe<\/li>\n<\/ul>\n<p>PROCES PRODUKCJI<br \/>\nWszystkie sk\u0142adniki zosta\u0142y dodane w naturalnie czystej postaci, \u015bwie\u017co po zmieleniu, uprzednio poddane obr\u00f3bce termicznej odpowiednio dobranej dla optymalnego zachowania du\u017cych ilo\u015bci doskonale przyswajalnych, naturalnych witamin oraz sk\u0142adnik\u00f3w mineralnych.<\/p>\n<p>&nbsp;<\/p>\n<p><strong>Sk\u0142ad:<\/strong>\u00a0100% Cistus incanus L. &#8211; m\u0105czka z li\u015bci.<\/p>\n<p>Kraj pochodzenia: Turcja<\/p>\n","protected":false},"excerpt":{"rendered":"<p>Naturalny, wolny od GMO i pestycyd\u00f3w zio\u0142owy dodatek \u017cywieniowy dla ps\u00f3w i kot\u00f3w. Odpowiednio dobrany proces drobnego mielenia, gwarantuje \u0142atwe mieszanie z pokarmem dzi\u0119ki czemu jest ch\u0119tniej pobierany przez zwierz\u0119ta. Czystek turecki wyhodowany na glebach wulkanicznych, dzi\u0119ki kt\u00f3rym zawdzi\u0119cza swoje w\u0142a\u015bciwo\u015bci. Zawiera wysoki poziom polifenoli &#8211; lotnych substancji o szerokim spektrum. Regularnie podawany przyczynia si\u0119&hellip;<\/p>\n","protected":false},"featured_media":16249,"template":"","meta":[],"product_cat":[70,87,71,655],"product_tag":[701,380,336,352,702,708,703,704,705,706,700,694,707,129,699,455],"_links":{"self":[{"href":"https:\/\/sklep.nowyork.pl\/index.php\/wp-json\/wp\/v2\/product\/16248"}],"collection":[{"href":"https:\/\/sklep.nowyork.pl\/index.php\/wp-json\/wp\/v2\/product"}],"about":[{"href":"https:\/\/sklep.nowyork.pl\/index.php\/wp-json\/wp\/v2\/types\/product"}],"wp:featuredmedia":[{"embeddable":true,"href":"https:\/\/sklep.nowyork.pl\/index.php\/wp-json\/wp\/v2\/media\/16249"}],"wp:attachment":[{"href":"https:\/\/sklep.nowyork.pl\/index.php\/wp-json\/wp\/v2\/media?parent=16248"}],"wp:term":[{"taxonomy":"product_cat","embeddable":true,"href":"https:\/\/sklep.nowyork.pl\/index.php\/wp-json\/wp\/v2\/product_cat?post=16248"},{"taxonomy":"product_tag","embeddable":true,"href":"https:\/\/sklep.nowyork.pl\/index.php\/wp-json\/wp\/v2\/product_tag?post=16248"}],"curies":[{"name":"wp","href":"https:\/\/api.w.org\/{rel}","templated":true}]}}