{"id":16254,"date":"2021-02-12T13:37:39","date_gmt":"2021-02-12T12:37:39","guid":{"rendered":"https:\/\/sklep.nowyork.pl\/?post_type=product&#038;p=16254"},"modified":"2022-10-14T12:32:16","modified_gmt":"2022-10-14T10:32:16","slug":"pokusa-olej-z-lososia-1l","status":"publish","type":"product","link":"https:\/\/sklep.nowyork.pl\/index.php\/produkt\/pokusa-olej-z-lososia-1l\/","title":{"rendered":"Pokusa olej z \u0142ososia 1l"},"content":{"rendered":"<p>Najwy\u017cszej jako\u015bci olej z dzikiego \u0142ososia atlantyckiego. 100% czysty, bogaty w kwasy t\u0142uszczowe Omega 3, EPA i DHA olej jest doskona\u0142ym uzupe\u0142nieniem diety ps\u00f3w i kot\u00f3w. Produkt wp\u0142ywa na znaczn\u0105 popraw\u0119 kondycji sk\u00f3ry i sier\u015bci, \u0142agodzi objawy alergii o r\u00f3\u017cnym pod\u0142o\u017cu. Kwasy t\u0142uszczowe zawarte w oleju, stabilizuj\u0105 prac\u0119 uk\u0142adu immunologicznego, usprawniaj\u0105 ruchomo\u015b\u0107 staw\u00f3w, wygaszaj\u0105 stany zapalne w tkankach i organach oraz poprawiaj\u0105 wydolno\u015b\u0107 uk\u0142adu sercowo-naczyniowego. Olej z \u0142ososia wspiera funkcjonowanie i rozw\u00f3j uk\u0142adu nerwowego. Olej posiada certyfikat jako\u015bci HumanGrade, kt\u00f3ry jest gwarancj\u0105 atestowanego produktu spo\u017cywczego.<\/p>\n<ul>\n<li>Olej posiada atest produktu spo\u017cywczego &#8211; HumanGrade<\/li>\n<li>100% czysty &#8211; gwarancja wysokiego bezpiecze\u0144stwa<\/li>\n<li>Nie zawiera konserwant\u00f3w,barwnik\u00f3w ani metali ci\u0119\u017ckich!<\/li>\n<\/ul>\n<p><strong>Sk\u0142ad:<\/strong>\u00a0100% czysty olej z dzikiego \u0142ososia atlantyckiego<\/p>\n<p>Oznaczone parametry gwarantuj\u0105 wysokie bezpiecze\u0144stwo produktu, kt\u00f3ry nie zawiera konserwant\u00f3w, barwnik\u00f3w, toksycznych produkt\u00f3w utlenienia, je\u0142czenia oraz metali ci\u0119\u017ckich.<\/p>\n<p>Sk\u0142adniki analityczne w 1000g:<br \/>\nBia\u0142ko surowe 0g<br \/>\nT\u0142uszcz surowy 999g<br \/>\nPopi\u00f3\u0142 surowy 0g<br \/>\nSurowe w\u0142\u00f3kno 0g<\/p>\n<p><strong>Kwasy t\u0142uszczowe<\/strong>\u00a0g\/100g produktu:<br \/>\nOmega 3 \u2013 29,1%<br \/>\nOmega 6 \u2013 8,7%<br \/>\nOmega 9 \u2013 25,2 %<\/p>\n<p><strong>WITAMINY<\/strong><br \/>\nWitamina A (retinol) 168\u03bcg\/100ml<br \/>\nWitamina E (alfa \u2013 tokoferol) 12,6 mg \/100g<br \/>\nWitamina D3 (cholekalcyferol) &lt; 0,25 \u03bcg\/100g<\/p>\n<p><strong>Sk\u0142adniki analityczne<\/strong>\u00a0na 100 g produktu:<\/p>\n<p>Kwas EPA 9,5%<br \/>\nKwas DHA 13,0%<br \/>\nMUFA 35,4%<br \/>\nPUFA 40,0%<br \/>\nSubstancje niezmydlaj\u0105ce 0,9<br \/>\nLiczba jodowa 174<br \/>\nWolne kwasy t\u0142uszczowe 0,1%<br \/>\nLiczba zmydlenia 188<br \/>\nZimna testu pozostaje jasny przy 0\u02da C<br \/>\nLiczba nadtlenkowa (mEq. O2 \/ kg) 0,6<br \/>\nLiczba anizydynowa 10<br \/>\nDioksyny (PCDD \/ F WHO2005 TEQ pg \/ g) zgodne<br \/>\nDioksyny i dioksynopodobne PCB(PCDD\/ F-PCBWHO2005TEQpg \/g) zgodne<br \/>\nPCB (kongener\u00f3w 28, 52, 101, 138,<br \/>\n153, 180 (ng\/g) ) zgodne<\/p>\n<p>Parametry warto\u015bci dioksyn, metali ci\u0119\u017ckich i PCB s\u0105 zgodne z normami UE dla produkt\u00f3w przeznaczenia spo\u017cywczego.<\/p>\n","protected":false},"excerpt":{"rendered":"<p>Najwy\u017cszej jako\u015bci olej z dzikiego \u0142ososia atlantyckiego. 100% czysty, bogaty w kwasy t\u0142uszczowe Omega 3, EPA i DHA olej jest doskona\u0142ym uzupe\u0142nieniem diety ps\u00f3w i kot\u00f3w. Produkt wp\u0142ywa na znaczn\u0105 popraw\u0119 kondycji sk\u00f3ry i sier\u015bci, \u0142agodzi objawy alergii o r\u00f3\u017cnym pod\u0142o\u017cu. Kwasy t\u0142uszczowe zawarte w oleju, stabilizuj\u0105 prac\u0119 uk\u0142adu immunologicznego, usprawniaj\u0105 ruchomo\u015b\u0107 staw\u00f3w, wygaszaj\u0105 stany&hellip;<\/p>\n","protected":false},"featured_media":16255,"template":"","meta":[],"product_cat":[70,87,71,655],"product_tag":[718,717,336,352,719,698,715,700,694,129,716,699,455],"_links":{"self":[{"href":"https:\/\/sklep.nowyork.pl\/index.php\/wp-json\/wp\/v2\/product\/16254"}],"collection":[{"href":"https:\/\/sklep.nowyork.pl\/index.php\/wp-json\/wp\/v2\/product"}],"about":[{"href":"https:\/\/sklep.nowyork.pl\/index.php\/wp-json\/wp\/v2\/types\/product"}],"wp:featuredmedia":[{"embeddable":true,"href":"https:\/\/sklep.nowyork.pl\/index.php\/wp-json\/wp\/v2\/media\/16255"}],"wp:attachment":[{"href":"https:\/\/sklep.nowyork.pl\/index.php\/wp-json\/wp\/v2\/media?parent=16254"}],"wp:term":[{"taxonomy":"product_cat","embeddable":true,"href":"https:\/\/sklep.nowyork.pl\/index.php\/wp-json\/wp\/v2\/product_cat?post=16254"},{"taxonomy":"product_tag","embeddable":true,"href":"https:\/\/sklep.nowyork.pl\/index.php\/wp-json\/wp\/v2\/product_tag?post=16254"}],"curies":[{"name":"wp","href":"https:\/\/api.w.org\/{rel}","templated":true}]}}