{"id":16277,"date":"2021-02-12T15:37:23","date_gmt":"2021-02-12T14:37:23","guid":{"rendered":"https:\/\/sklep.nowyork.pl\/?post_type=product&#038;p=16277"},"modified":"2021-02-12T15:38:48","modified_gmt":"2021-02-12T14:38:48","slug":"sweter-ellmau-s","status":"publish","type":"product","link":"https:\/\/sklep.nowyork.pl\/index.php\/produkt\/sweter-ellmau-s\/","title":{"rendered":"Sweter Ellmau S"},"content":{"rendered":"<p>\u2022 obw\u00f3d szyi: &lt; 24 cm<\/p>\n<p>\u2022 obw\u00f3d w talii: &lt; 44 cm<\/p>\n<p>\u2022 atrakcyjny zimowy styl<\/p>\n<p>\u2022 z wysokiej jako\u015bci dzianiny<\/p>\n<p>\u2022 elastyczny materia\u0142 dopasowuje si\u0119 do cia\u0142a<\/p>\n<p>\u2022 postawiony ko\u0142nierz zapewnia dodatkowe ocieplenie szyi<\/p>\n<p>\u2022 100% akryl<\/p>\n<p>\u2022 mo\u017cna pra\u0107 w 30\u00b0C<\/p>\n","protected":false},"excerpt":{"rendered":"<p>\u2022 obw\u00f3d szyi: &lt; 24 cm \u2022 obw\u00f3d w talii: &lt; 44 cm \u2022 atrakcyjny zimowy styl \u2022 z wysokiej jako\u015bci dzianiny \u2022 elastyczny materia\u0142 dopasowuje si\u0119 do cia\u0142a \u2022 postawiony ko\u0142nierz zapewnia dodatkowe ocieplenie szyi \u2022 100% akryl \u2022 mo\u017cna pra\u0107 w 30\u00b0C<\/p>\n","protected":false},"featured_media":16276,"template":"","meta":[],"product_cat":[70,58],"product_tag":[744,481,732,742,743,733,731],"_links":{"self":[{"href":"https:\/\/sklep.nowyork.pl\/index.php\/wp-json\/wp\/v2\/product\/16277"}],"collection":[{"href":"https:\/\/sklep.nowyork.pl\/index.php\/wp-json\/wp\/v2\/product"}],"about":[{"href":"https:\/\/sklep.nowyork.pl\/index.php\/wp-json\/wp\/v2\/types\/product"}],"wp:featuredmedia":[{"embeddable":true,"href":"https:\/\/sklep.nowyork.pl\/index.php\/wp-json\/wp\/v2\/media\/16276"}],"wp:attachment":[{"href":"https:\/\/sklep.nowyork.pl\/index.php\/wp-json\/wp\/v2\/media?parent=16277"}],"wp:term":[{"taxonomy":"product_cat","embeddable":true,"href":"https:\/\/sklep.nowyork.pl\/index.php\/wp-json\/wp\/v2\/product_cat?post=16277"},{"taxonomy":"product_tag","embeddable":true,"href":"https:\/\/sklep.nowyork.pl\/index.php\/wp-json\/wp\/v2\/product_tag?post=16277"}],"curies":[{"name":"wp","href":"https:\/\/api.w.org\/{rel}","templated":true}]}}