{"id":16278,"date":"2021-02-12T15:39:02","date_gmt":"2021-02-12T14:39:02","guid":{"rendered":"https:\/\/sklep.nowyork.pl\/?post_type=product&#038;p=16278"},"modified":"2021-02-12T15:40:39","modified_gmt":"2021-02-12T14:40:39","slug":"sweter-lillehammer-xs","status":"publish","type":"product","link":"https:\/\/sklep.nowyork.pl\/index.php\/produkt\/sweter-lillehammer-xs\/","title":{"rendered":"Sweter Lillehammer XS"},"content":{"rendered":"<p>\u2022 obw\u00f3d szyi: &lt; 20 cm<\/p>\n<p>\u2022 obw\u00f3d w talii: &lt; 38 cm<\/p>\n<p>\u2022 w modnym skandynawskim stylu<\/p>\n<p>\u2022 wykonany z dzianiny<\/p>\n<p>\u2022 elastyczny materia\u0142 dopasowuje si\u0119 do kszta\u0142tu cia\u0142a<\/p>\n<p>\u2022 \u015bci\u0105gacze na \u0142apach tylnych<\/p>\n<p>\u2022 100% akryl<\/p>\n<p>\u2022 mo\u017cna pra\u0107 w 30\u00b0C<\/p>\n","protected":false},"excerpt":{"rendered":"<p>\u2022 obw\u00f3d szyi: &lt; 20 cm \u2022 obw\u00f3d w talii: &lt; 38 cm \u2022 w modnym skandynawskim stylu \u2022 wykonany z dzianiny \u2022 elastyczny materia\u0142 dopasowuje si\u0119 do kszta\u0142tu cia\u0142a \u2022 \u015bci\u0105gacze na \u0142apach tylnych \u2022 100% akryl \u2022 mo\u017cna pra\u0107 w 30\u00b0C<\/p>\n","protected":false},"featured_media":16279,"template":"","meta":[],"product_cat":[70,58],"product_tag":[744,481,732,742,743,733,731],"_links":{"self":[{"href":"https:\/\/sklep.nowyork.pl\/index.php\/wp-json\/wp\/v2\/product\/16278"}],"collection":[{"href":"https:\/\/sklep.nowyork.pl\/index.php\/wp-json\/wp\/v2\/product"}],"about":[{"href":"https:\/\/sklep.nowyork.pl\/index.php\/wp-json\/wp\/v2\/types\/product"}],"wp:featuredmedia":[{"embeddable":true,"href":"https:\/\/sklep.nowyork.pl\/index.php\/wp-json\/wp\/v2\/media\/16279"}],"wp:attachment":[{"href":"https:\/\/sklep.nowyork.pl\/index.php\/wp-json\/wp\/v2\/media?parent=16278"}],"wp:term":[{"taxonomy":"product_cat","embeddable":true,"href":"https:\/\/sklep.nowyork.pl\/index.php\/wp-json\/wp\/v2\/product_cat?post=16278"},{"taxonomy":"product_tag","embeddable":true,"href":"https:\/\/sklep.nowyork.pl\/index.php\/wp-json\/wp\/v2\/product_tag?post=16278"}],"curies":[{"name":"wp","href":"https:\/\/api.w.org\/{rel}","templated":true}]}}