{"id":16307,"date":"2021-02-12T17:18:34","date_gmt":"2021-02-12T16:18:34","guid":{"rendered":"https:\/\/sklep.nowyork.pl\/?post_type=product&#038;p=16307"},"modified":"2022-07-26T16:54:00","modified_gmt":"2022-07-26T14:54:00","slug":"trixie-pasta-do-zebow-100g","status":"publish","type":"product","link":"https:\/\/sklep.nowyork.pl\/index.php\/produkt\/trixie-pasta-do-zebow-100g\/","title":{"rendered":"Trixie pasta do z\u0119b\u00f3w z olejkiem z drzewa herbacianego 100g"},"content":{"rendered":"<p><b>PASTA DO Z\u0118B\u00d3W DLA PS\u00d3W Z OLEJKIEM Z DRZEWA HERBACIANEGO<\/b><\/p>\n<ul>\n<li>zapobiega osadzaniu si\u0119 kamienia naz\u0119bnego<\/li>\n<li>pomaga utrzyma\u0107 d\u0142u\u017cej \u015bwie\u017cy oddech<\/li>\n<li>poprawia higien\u0119 jamy ustnej<\/li>\n<\/ul>\n<p><b>POJEMNO\u015a\u0106:<\/b>\u00a0100g<\/p>\n","protected":false},"excerpt":{"rendered":"<p>PASTA DO Z\u0118B\u00d3W DLA PS\u00d3W Z OLEJKIEM Z DRZEWA HERBACIANEGO zapobiega osadzaniu si\u0119 kamienia naz\u0119bnego pomaga utrzyma\u0107 d\u0142u\u017cej \u015bwie\u017cy oddech poprawia higien\u0119 jamy ustnej POJEMNO\u015a\u0106:\u00a0100g<\/p>\n","protected":false},"featured_media":16308,"template":"","meta":[],"product_cat":[70,80,612],"product_tag":[352,781,775,777,782,124,622,780],"_links":{"self":[{"href":"https:\/\/sklep.nowyork.pl\/index.php\/wp-json\/wp\/v2\/product\/16307"}],"collection":[{"href":"https:\/\/sklep.nowyork.pl\/index.php\/wp-json\/wp\/v2\/product"}],"about":[{"href":"https:\/\/sklep.nowyork.pl\/index.php\/wp-json\/wp\/v2\/types\/product"}],"wp:featuredmedia":[{"embeddable":true,"href":"https:\/\/sklep.nowyork.pl\/index.php\/wp-json\/wp\/v2\/media\/16308"}],"wp:attachment":[{"href":"https:\/\/sklep.nowyork.pl\/index.php\/wp-json\/wp\/v2\/media?parent=16307"}],"wp:term":[{"taxonomy":"product_cat","embeddable":true,"href":"https:\/\/sklep.nowyork.pl\/index.php\/wp-json\/wp\/v2\/product_cat?post=16307"},{"taxonomy":"product_tag","embeddable":true,"href":"https:\/\/sklep.nowyork.pl\/index.php\/wp-json\/wp\/v2\/product_tag?post=16307"}],"curies":[{"name":"wp","href":"https:\/\/api.w.org\/{rel}","templated":true}]}}