{"id":16345,"date":"2021-02-17T11:25:50","date_gmt":"2021-02-17T10:25:50","guid":{"rendered":"https:\/\/sklep.nowyork.pl\/?post_type=product&#038;p=16345"},"modified":"2021-02-17T11:25:51","modified_gmt":"2021-02-17T10:25:51","slug":"obroza-dla-kota-rozowa","status":"publish","type":"product","link":"https:\/\/sklep.nowyork.pl\/index.php\/produkt\/obroza-dla-kota-rozowa\/","title":{"rendered":"Obro\u017ca dla kota r\u00f3\u017cowa"},"content":{"rendered":"<p>\u2022 z nylonu<\/p>\n<p>\u2022 z dzwoneczkiem i bezpiecznym zapi\u0119ciem<\/p>\n<p>\u2022 z odblaskowym nadrukiem<\/p>\n<p>\u2022 szeroko\u015b\u0107: 10 mm<\/p>\n","protected":false},"excerpt":{"rendered":"<p>\u2022 z nylonu \u2022 z dzwoneczkiem i bezpiecznym zapi\u0119ciem \u2022 z odblaskowym nadrukiem \u2022 szeroko\u015b\u0107: 10 mm<\/p>\n","protected":false},"featured_media":16346,"template":"","meta":[],"product_cat":[71,155,158],"product_tag":[336,334,210,790,791],"_links":{"self":[{"href":"https:\/\/sklep.nowyork.pl\/index.php\/wp-json\/wp\/v2\/product\/16345"}],"collection":[{"href":"https:\/\/sklep.nowyork.pl\/index.php\/wp-json\/wp\/v2\/product"}],"about":[{"href":"https:\/\/sklep.nowyork.pl\/index.php\/wp-json\/wp\/v2\/types\/product"}],"wp:featuredmedia":[{"embeddable":true,"href":"https:\/\/sklep.nowyork.pl\/index.php\/wp-json\/wp\/v2\/media\/16346"}],"wp:attachment":[{"href":"https:\/\/sklep.nowyork.pl\/index.php\/wp-json\/wp\/v2\/media?parent=16345"}],"wp:term":[{"taxonomy":"product_cat","embeddable":true,"href":"https:\/\/sklep.nowyork.pl\/index.php\/wp-json\/wp\/v2\/product_cat?post=16345"},{"taxonomy":"product_tag","embeddable":true,"href":"https:\/\/sklep.nowyork.pl\/index.php\/wp-json\/wp\/v2\/product_tag?post=16345"}],"curies":[{"name":"wp","href":"https:\/\/api.w.org\/{rel}","templated":true}]}}