{"id":16359,"date":"2021-02-17T11:59:04","date_gmt":"2021-02-17T10:59:04","guid":{"rendered":"https:\/\/sklep.nowyork.pl\/?post_type=product&#038;p=16359"},"modified":"2024-03-23T12:15:35","modified_gmt":"2024-03-23T11:15:35","slug":"obroza-dla-kota-czerwona-2","status":"publish","type":"product","link":"https:\/\/sklep.nowyork.pl\/index.php\/produkt\/obroza-dla-kota-czerwona-2\/","title":{"rendered":"Obro\u017ca dla kota, czerwona"},"content":{"rendered":"<p>\u2022 z lekkiego i mi\u0119kkiego materia\u0142u typu mesh<\/p>\n<p>\u2022 z zapi\u0119ciem zatrzaskowym u\u0142atwiaj\u0105cym szybkie odpinanie i zapinanie<\/p>\n","protected":false},"excerpt":{"rendered":"<p>\u2022 z lekkiego i mi\u0119kkiego materia\u0142u typu mesh \u2022 z zapi\u0119ciem zatrzaskowym u\u0142atwiaj\u0105cym szybkie odpinanie i zapinanie<\/p>\n","protected":false},"featured_media":16360,"template":"","meta":[],"product_cat":[71,155,157],"product_tag":[487,336,334,210,790,346,804,805],"_links":{"self":[{"href":"https:\/\/sklep.nowyork.pl\/index.php\/wp-json\/wp\/v2\/product\/16359"}],"collection":[{"href":"https:\/\/sklep.nowyork.pl\/index.php\/wp-json\/wp\/v2\/product"}],"about":[{"href":"https:\/\/sklep.nowyork.pl\/index.php\/wp-json\/wp\/v2\/types\/product"}],"wp:featuredmedia":[{"embeddable":true,"href":"https:\/\/sklep.nowyork.pl\/index.php\/wp-json\/wp\/v2\/media\/16360"}],"wp:attachment":[{"href":"https:\/\/sklep.nowyork.pl\/index.php\/wp-json\/wp\/v2\/media?parent=16359"}],"wp:term":[{"taxonomy":"product_cat","embeddable":true,"href":"https:\/\/sklep.nowyork.pl\/index.php\/wp-json\/wp\/v2\/product_cat?post=16359"},{"taxonomy":"product_tag","embeddable":true,"href":"https:\/\/sklep.nowyork.pl\/index.php\/wp-json\/wp\/v2\/product_tag?post=16359"}],"curies":[{"name":"wp","href":"https:\/\/api.w.org\/{rel}","templated":true}]}}