{"id":16434,"date":"2021-02-17T15:56:43","date_gmt":"2021-02-17T14:56:43","guid":{"rendered":"https:\/\/sklep.nowyork.pl\/?post_type=product&#038;p=16434"},"modified":"2024-03-23T12:15:01","modified_gmt":"2024-03-23T11:15:01","slug":"spray-pobudzajacy-do-zabawy-z-kocimietka-175-m","status":"publish","type":"product","link":"https:\/\/sklep.nowyork.pl\/index.php\/produkt\/spray-pobudzajacy-do-zabawy-z-kocimietka-175-m\/","title":{"rendered":"Spray pobudzaj\u0105cy do zabawy, z kocimi\u0119tk\u0105, 175 m"},"content":{"rendered":"<p>\u2022 z naturalnym wyci\u0105giem z kocimi\u0119tki<\/p>\n<p>\u2022 poprawia samopoczucie<\/p>\n<p>\u2022 zach\u0119ca do zabawy<\/p>\n<p>\u2022 pobudza zainteresowanie spryskanymi przedmiotami<\/p>\n","protected":false},"excerpt":{"rendered":"<p>\u2022 z naturalnym wyci\u0105giem z kocimi\u0119tki \u2022 poprawia samopoczucie \u2022 zach\u0119ca do zabawy \u2022 pobudza zainteresowanie spryskanymi przedmiotami<\/p>\n","protected":false},"featured_media":16431,"template":"","meta":[],"product_cat":[71,642,161],"product_tag":[336,876,334,877],"_links":{"self":[{"href":"https:\/\/sklep.nowyork.pl\/index.php\/wp-json\/wp\/v2\/product\/16434"}],"collection":[{"href":"https:\/\/sklep.nowyork.pl\/index.php\/wp-json\/wp\/v2\/product"}],"about":[{"href":"https:\/\/sklep.nowyork.pl\/index.php\/wp-json\/wp\/v2\/types\/product"}],"wp:featuredmedia":[{"embeddable":true,"href":"https:\/\/sklep.nowyork.pl\/index.php\/wp-json\/wp\/v2\/media\/16431"}],"wp:attachment":[{"href":"https:\/\/sklep.nowyork.pl\/index.php\/wp-json\/wp\/v2\/media?parent=16434"}],"wp:term":[{"taxonomy":"product_cat","embeddable":true,"href":"https:\/\/sklep.nowyork.pl\/index.php\/wp-json\/wp\/v2\/product_cat?post=16434"},{"taxonomy":"product_tag","embeddable":true,"href":"https:\/\/sklep.nowyork.pl\/index.php\/wp-json\/wp\/v2\/product_tag?post=16434"}],"curies":[{"name":"wp","href":"https:\/\/api.w.org\/{rel}","templated":true}]}}