{"id":16436,"date":"2021-02-17T15:59:07","date_gmt":"2021-02-17T14:59:07","guid":{"rendered":"https:\/\/sklep.nowyork.pl\/?post_type=product&#038;p=16436"},"modified":"2025-03-31T20:24:09","modified_gmt":"2025-03-31T18:24:09","slug":"deskadodrapania-halfmoon-szara","status":"publish","type":"product","link":"https:\/\/sklep.nowyork.pl\/index.php\/produkt\/deskadodrapania-halfmoon-szara\/","title":{"rendered":"Deska do drapania Half Moon szara"},"content":{"rendered":"<p>* powierzchnia do drapania pokryta sizalem<\/p>\n<p>*z pluszow\u0105 pi\u0142eczk\u0105 do zabawy<\/p>\n","protected":false},"excerpt":{"rendered":"<p>* powierzchnia do drapania pokryta sizalem *z pluszow\u0105 pi\u0142eczk\u0105 do zabawy<\/p>\n","protected":false},"featured_media":16432,"template":"","meta":[],"product_cat":[71,642,161],"product_tag":[880,336,879,334,873],"_links":{"self":[{"href":"https:\/\/sklep.nowyork.pl\/index.php\/wp-json\/wp\/v2\/product\/16436"}],"collection":[{"href":"https:\/\/sklep.nowyork.pl\/index.php\/wp-json\/wp\/v2\/product"}],"about":[{"href":"https:\/\/sklep.nowyork.pl\/index.php\/wp-json\/wp\/v2\/types\/product"}],"wp:featuredmedia":[{"embeddable":true,"href":"https:\/\/sklep.nowyork.pl\/index.php\/wp-json\/wp\/v2\/media\/16432"}],"wp:attachment":[{"href":"https:\/\/sklep.nowyork.pl\/index.php\/wp-json\/wp\/v2\/media?parent=16436"}],"wp:term":[{"taxonomy":"product_cat","embeddable":true,"href":"https:\/\/sklep.nowyork.pl\/index.php\/wp-json\/wp\/v2\/product_cat?post=16436"},{"taxonomy":"product_tag","embeddable":true,"href":"https:\/\/sklep.nowyork.pl\/index.php\/wp-json\/wp\/v2\/product_tag?post=16436"}],"curies":[{"name":"wp","href":"https:\/\/api.w.org\/{rel}","templated":true}]}}