{"id":16456,"date":"2021-02-17T16:41:33","date_gmt":"2021-02-17T15:41:33","guid":{"rendered":"https:\/\/sklep.nowyork.pl\/?post_type=product&#038;p=16456"},"modified":"2022-09-07T18:01:37","modified_gmt":"2022-09-07T16:01:37","slug":"barry-king-zwirek-lawendowy-5l","status":"publish","type":"product","link":"https:\/\/sklep.nowyork.pl\/index.php\/produkt\/barry-king-zwirek-lawendowy-5l\/","title":{"rendered":"Barry King \u017cwirek lawendowy 5l"},"content":{"rendered":"<p>Naturalny i delikatny \u017cwirek z bentonitu z du\u017c\u0105 moc\u0105 zbrylania, o zapachu lawendy.<\/p>\n<div>\n<div>\u017bwirek jest w 100% naturalny i jest przyjazny dla \u015brodowiska.<\/div>\n<div><\/div>\n<div>&#8211; 100% naturalny na bazie mineralnego bentonitu<\/div>\n<div>&#8211; du\u017ca moc zbrylania, wysoka ch\u0142onno\u015b\u0107,\u00a0du\u017ca wydajno\u015b\u0107<br \/>\n&#8211; kontrola zapachu &#8211; neutralizuje nieprzyjemne zapachy<\/div>\n<div>&#8211; delikatny dla \u0142apek &#8211; drobniejszy granulat<\/div>\n<div>\n<div>\n<p>Zastosowane pod\u0142o\u017ce pozwala na niezwykle d\u0142ugie u\u017cytkowanie bez konieczno\u015bci jego wymiany. Wystarczy jedynie usuwa\u0107 sta\u0142e odchody oraz zbrylone grudki.\u00a0Nie nale\u017cy usuwa\u0107 \u017cwirku do toalety.<\/p>\n<div id=\"tab-opis\" class=\"tab-pane active\">\n<div class=\"product-body\">\n<p>Opakowanie<strong>: 5l<\/strong>.<\/p>\n<\/div>\n<\/div>\n<\/div>\n<\/div>\n<\/div>\n","protected":false},"excerpt":{"rendered":"<p>Naturalny i delikatny \u017cwirek z bentonitu z du\u017c\u0105 moc\u0105 zbrylania, o zapachu lawendy. \u017bwirek jest w 100% naturalny i jest przyjazny dla \u015brodowiska. &#8211; 100% naturalny na bazie mineralnego bentonitu &#8211; du\u017ca moc zbrylania, wysoka ch\u0142onno\u015b\u0107,\u00a0du\u017ca wydajno\u015b\u0107 &#8211; kontrola zapachu &#8211; neutralizuje nieprzyjemne zapachy &#8211; delikatny dla \u0142apek &#8211; drobniejszy granulat Zastosowane pod\u0142o\u017ce pozwala na&hellip;<\/p>\n","protected":false},"featured_media":16457,"template":"","meta":[],"product_cat":[71,149,164],"product_tag":[900,899,901,898],"_links":{"self":[{"href":"https:\/\/sklep.nowyork.pl\/index.php\/wp-json\/wp\/v2\/product\/16456"}],"collection":[{"href":"https:\/\/sklep.nowyork.pl\/index.php\/wp-json\/wp\/v2\/product"}],"about":[{"href":"https:\/\/sklep.nowyork.pl\/index.php\/wp-json\/wp\/v2\/types\/product"}],"wp:featuredmedia":[{"embeddable":true,"href":"https:\/\/sklep.nowyork.pl\/index.php\/wp-json\/wp\/v2\/media\/16457"}],"wp:attachment":[{"href":"https:\/\/sklep.nowyork.pl\/index.php\/wp-json\/wp\/v2\/media?parent=16456"}],"wp:term":[{"taxonomy":"product_cat","embeddable":true,"href":"https:\/\/sklep.nowyork.pl\/index.php\/wp-json\/wp\/v2\/product_cat?post=16456"},{"taxonomy":"product_tag","embeddable":true,"href":"https:\/\/sklep.nowyork.pl\/index.php\/wp-json\/wp\/v2\/product_tag?post=16456"}],"curies":[{"name":"wp","href":"https:\/\/api.w.org\/{rel}","templated":true}]}}