{"id":16499,"date":"2021-04-09T15:59:05","date_gmt":"2021-04-09T13:59:05","guid":{"rendered":"https:\/\/sklep.nowyork.pl\/?post_type=product&#038;p=16499"},"modified":"2022-12-28T12:42:48","modified_gmt":"2022-12-28T11:42:48","slug":"groom-professional-medium-flat-slicker-miekka-szczotka-pudlowka-srednia","status":"publish","type":"product","link":"https:\/\/sklep.nowyork.pl\/index.php\/produkt\/groom-professional-medium-flat-slicker-miekka-szczotka-pudlowka-srednia\/","title":{"rendered":"Groom Professional &#8211; Medium Flat Slicker &#8211; mi\u0119kka szczotka pudl\u00f3wka, \u015brednia"},"content":{"rendered":"<p>&nbsp;<\/p>\n<p align=\"justify\"><span id=\"result_box\" lang=\"pl\">Mi\u0119kka, \u015brednia, p\u0142aska szczotka pudl\u00f3wka idealna nawet dla najbardziej mi\u0119kkiej szaty. Posiada ergonomiczny, antypo\u015blizgowy uchwyt, szpilki szczotki s\u0105 g\u0142adko zako\u0144czone i zakrzywione.<\/span><\/p>\n<p>&nbsp;<\/p>\n<ul>\n<li>D\u0142ugo\u015b\u0107 igie\u0142 13 mm<\/li>\n<li>D\u0142ugo\u015b\u0107 r\u0105czki 9,5 cm<\/li>\n<li>Szeroko\u015b\u0107 cz\u0119\u015bci roboczej 3,8 cm<\/li>\n<li>D\u0142ugo\u015b\u0107 cz\u0119\u015bci roboczej 10 cm<\/li>\n<li>Szeroko\u015b\u0107 ca\u0142kowita g\u0142\u00f3wki 5,2 cm<\/li>\n<li>D\u0142ugo\u015b\u0107 ca\u0142kowita g\u0142\u00f3wki 17,7 cm<\/li>\n<li>Waga 60 gv<\/li>\n<\/ul>\n","protected":false},"excerpt":{"rendered":"<p>&nbsp; Mi\u0119kka, \u015brednia, p\u0142aska szczotka pudl\u00f3wka idealna nawet dla najbardziej mi\u0119kkiej szaty. Posiada ergonomiczny, antypo\u015blizgowy uchwyt, szpilki szczotki s\u0105 g\u0142adko zako\u0144czone i zakrzywione. &nbsp; D\u0142ugo\u015b\u0107 igie\u0142 13 mm D\u0142ugo\u015b\u0107 r\u0105czki 9,5 cm Szeroko\u015b\u0107 cz\u0119\u015bci roboczej 3,8 cm D\u0142ugo\u015b\u0107 cz\u0119\u015bci roboczej 10 cm Szeroko\u015b\u0107 ca\u0142kowita g\u0142\u00f3wki 5,2 cm D\u0142ugo\u015b\u0107 ca\u0142kowita g\u0142\u00f3wki 17,7 cm Waga 60 gv<\/p>\n","protected":false},"featured_media":16500,"template":"","meta":[],"product_cat":[70,84],"product_tag":[956,955,124,787],"_links":{"self":[{"href":"https:\/\/sklep.nowyork.pl\/index.php\/wp-json\/wp\/v2\/product\/16499"}],"collection":[{"href":"https:\/\/sklep.nowyork.pl\/index.php\/wp-json\/wp\/v2\/product"}],"about":[{"href":"https:\/\/sklep.nowyork.pl\/index.php\/wp-json\/wp\/v2\/types\/product"}],"wp:featuredmedia":[{"embeddable":true,"href":"https:\/\/sklep.nowyork.pl\/index.php\/wp-json\/wp\/v2\/media\/16500"}],"wp:attachment":[{"href":"https:\/\/sklep.nowyork.pl\/index.php\/wp-json\/wp\/v2\/media?parent=16499"}],"wp:term":[{"taxonomy":"product_cat","embeddable":true,"href":"https:\/\/sklep.nowyork.pl\/index.php\/wp-json\/wp\/v2\/product_cat?post=16499"},{"taxonomy":"product_tag","embeddable":true,"href":"https:\/\/sklep.nowyork.pl\/index.php\/wp-json\/wp\/v2\/product_tag?post=16499"}],"curies":[{"name":"wp","href":"https:\/\/api.w.org\/{rel}","templated":true}]}}