{"id":16501,"date":"2021-04-09T16:11:37","date_gmt":"2021-04-09T14:11:37","guid":{"rendered":"https:\/\/sklep.nowyork.pl\/?post_type=product&#038;p=16501"},"modified":"2022-07-26T16:49:06","modified_gmt":"2022-07-26T14:49:06","slug":"groom-professional-szczotka-pudlowka-miekka-do-miekkiej-i-delikatnej-siersci","status":"publish","type":"product","link":"https:\/\/sklep.nowyork.pl\/index.php\/produkt\/groom-professional-szczotka-pudlowka-miekka-do-miekkiej-i-delikatnej-siersci\/","title":{"rendered":"Groom professional &#8211; szczotka pudl\u00f3wka, mi\u0119kka, do mi\u0119kkiej i delikatnej sier\u015bci"},"content":{"rendered":"<p><strong>Szczotka pudl\u00f3wka z mi\u0119kk\u0105 poduszk\u0105. Przeznaczona do piel\u0119gnacji delikatnej, <\/strong><strong>mi\u0119kkiej<\/strong><strong>\u00a0sier\u015bci.\u00a0<\/strong>Doskona\u0142a do rozczesywania ko\u0142tun\u00f3w i wyczesywania martwego w\u0142osa.\u00a0Ergonomiczna antypo\u015blizgowa r\u0105czka gwarantuje komfort pracy. Dost\u0119pna w trzech wielko\u015bciach: ma\u0142a, \u015brednia i du\u017ca.<\/p>\n","protected":false},"excerpt":{"rendered":"<p>Szczotka pudl\u00f3wka z mi\u0119kk\u0105 poduszk\u0105. Przeznaczona do piel\u0119gnacji delikatnej, mi\u0119kkiej\u00a0sier\u015bci.\u00a0Doskona\u0142a do rozczesywania ko\u0142tun\u00f3w i wyczesywania martwego w\u0142osa.\u00a0Ergonomiczna antypo\u015blizgowa r\u0105czka gwarantuje komfort pracy. Dost\u0119pna w trzech wielko\u015bciach: ma\u0142a, \u015brednia i du\u017ca.<\/p>\n","protected":false},"featured_media":16502,"template":"","meta":[],"product_cat":[70,84],"product_tag":[352,957,955,787],"_links":{"self":[{"href":"https:\/\/sklep.nowyork.pl\/index.php\/wp-json\/wp\/v2\/product\/16501"}],"collection":[{"href":"https:\/\/sklep.nowyork.pl\/index.php\/wp-json\/wp\/v2\/product"}],"about":[{"href":"https:\/\/sklep.nowyork.pl\/index.php\/wp-json\/wp\/v2\/types\/product"}],"wp:featuredmedia":[{"embeddable":true,"href":"https:\/\/sklep.nowyork.pl\/index.php\/wp-json\/wp\/v2\/media\/16502"}],"wp:attachment":[{"href":"https:\/\/sklep.nowyork.pl\/index.php\/wp-json\/wp\/v2\/media?parent=16501"}],"wp:term":[{"taxonomy":"product_cat","embeddable":true,"href":"https:\/\/sklep.nowyork.pl\/index.php\/wp-json\/wp\/v2\/product_cat?post=16501"},{"taxonomy":"product_tag","embeddable":true,"href":"https:\/\/sklep.nowyork.pl\/index.php\/wp-json\/wp\/v2\/product_tag?post=16501"}],"curies":[{"name":"wp","href":"https:\/\/api.w.org\/{rel}","templated":true}]}}