{"id":16597,"date":"2021-04-13T17:05:07","date_gmt":"2021-04-13T15:05:07","guid":{"rendered":"https:\/\/sklep.nowyork.pl\/?post_type=product&#038;p=16597"},"modified":"2023-02-22T15:09:52","modified_gmt":"2023-02-22T14:09:52","slug":"magnum-bone-wrap-250g","status":"publish","type":"product","link":"https:\/\/sklep.nowyork.pl\/index.php\/produkt\/magnum-bone-wrap-250g\/","title":{"rendered":"Magnum Chicken Bone Wrap (kostki z mi\u0119sem kurczaka)  250g"},"content":{"rendered":"","protected":false},"excerpt":{"rendered":"<p><strong>Przysmak Magnum<\/strong> Chicken Bone Wrap s\u0105 to kostki z mi\u0119sem kurczaka.<\/p>\n<p>&nbsp;<\/p>\n<p>Wielko\u015b\u0107 nadaj\u0119 si\u0119 idealnie dla ma\u0142ych ,\u015brednich oraz du\u017cych ras. Jest \u015bwietn\u0105 alternatyw\u0105 jako nagroda dla pupila, motywacja do nauki lub do spacer\u00f3w.<\/p>\n<p>&nbsp;<\/p>\n<p><strong>Smako\u0142yki Magnum:\u00a0<\/strong><\/p>\n<ul>\n<li>wyprodukowane pod sta\u0142ym nadzorem weterynaryjnym<\/li>\n<li>opakowanie wyposa\u017cone w zamek dzi\u0119ki czemu zachowuj\u0119 swoj\u0105 \u015bwie\u017co\u015b\u0107 na d\u0142ugi czas<\/li>\n<li>lekkostrawne<\/li>\n<\/ul>\n<p>&nbsp;<\/p>\n<p><strong>Sk\u0142ad:<\/strong> mi\u0119so z kurczaka, ry\u017c, skrobia, sorbitol, gliceryna.<\/p>\n<p><strong>Sk\u0142adniki analityczne:<\/strong> bia\u0142ko surowe 28 %, zawarto\u015b\u0107 t\u0142uszczu 2%, popi\u00f3\u0142 surowy 4%, w\u0142\u00f3kno surowe 0,2%, wilgotno\u015b\u0107 23 %<\/p>\n<p>&nbsp;<\/p>\n<p>&nbsp;<\/p>\n<p><strong>Instrukcje dotycz\u0105ce karmienia:\u00a0<\/strong>Podawa\u0107 produkt w ci\u0105gu dnia jako przek\u0105sk\u0119. Dostosowa\u0107 ilo\u015b\u0107 do potrzeb i kondycji psa. Nie przekarmia\u0107 psa.\u00a0 Produkt nieprzeznaczony do spo\u017cycia przez ludzi. Przechowywa\u0107 w suchym i ch\u0142odnym miejscu. Po otwarciu nale\u017cy dok\u0142adnie zamyka\u0107 paczk\u0119 i przechowywa\u0107 w lod\u00f3wce.<\/p>\n","protected":false},"featured_media":17392,"template":"","meta":[],"product_cat":[70,76,79],"product_tag":[468,665,1621,1619,1032,138,1629,1034],"_links":{"self":[{"href":"https:\/\/sklep.nowyork.pl\/index.php\/wp-json\/wp\/v2\/product\/16597"}],"collection":[{"href":"https:\/\/sklep.nowyork.pl\/index.php\/wp-json\/wp\/v2\/product"}],"about":[{"href":"https:\/\/sklep.nowyork.pl\/index.php\/wp-json\/wp\/v2\/types\/product"}],"wp:featuredmedia":[{"embeddable":true,"href":"https:\/\/sklep.nowyork.pl\/index.php\/wp-json\/wp\/v2\/media\/17392"}],"wp:attachment":[{"href":"https:\/\/sklep.nowyork.pl\/index.php\/wp-json\/wp\/v2\/media?parent=16597"}],"wp:term":[{"taxonomy":"product_cat","embeddable":true,"href":"https:\/\/sklep.nowyork.pl\/index.php\/wp-json\/wp\/v2\/product_cat?post=16597"},{"taxonomy":"product_tag","embeddable":true,"href":"https:\/\/sklep.nowyork.pl\/index.php\/wp-json\/wp\/v2\/product_tag?post=16597"}],"curies":[{"name":"wp","href":"https:\/\/api.w.org\/{rel}","templated":true}]}}