{"id":17020,"date":"2021-05-11T14:21:04","date_gmt":"2021-05-11T12:21:04","guid":{"rendered":"https:\/\/sklep.nowyork.pl\/?post_type=product&#038;p=17020"},"modified":"2024-03-23T12:58:36","modified_gmt":"2024-03-23T11:58:36","slug":"kebrl-goleygo-2-0-leather-skorzana-smycz-dla-psa-z-magnetycznym-zamknieciem-rozmiar-ml","status":"publish","type":"product","link":"https:\/\/sklep.nowyork.pl\/index.php\/produkt\/kebrl-goleygo-2-0-leather-skorzana-smycz-dla-psa-z-magnetycznym-zamknieciem-rozmiar-ml\/","title":{"rendered":"Kebrl GoLeyGo 2.0 Leather &#8211; sk\u00f3rzana smycz dla psa z magnetycznym zamkni\u0119ciem, rozmiar M,L"},"content":{"rendered":"<p>Solidna smycz dla psa, wykonana z prawdziwej sk\u00f3ry bydl\u0119cej. Z innowacyjnym magnetycznym systemem zapinania GoLeyGo 2.0, obracaj\u0105cym si\u0119 o 360\u00b0. Zapewnia szybk\u0105, \u0142atw\u0105 i bezpieczn\u0105 obs\u0142ug\u0119 jedn\u0105 r\u0119k\u0105, nawet w sytuacjach, gdy zachodzi nag\u0142a potrzeba zapi\u0119cia lub uwolnienia psa. Smycz \u0142\u0105czy si\u0119 z obro\u017c\u0105 automatycznie, po zbli\u017ceniu jej do metalowego trzpienia przypi\u0119tego do obro\u017cy.<\/p>\n<p><span style=\"color: #ff0000;\"><strong>Zalety smyczy:<\/strong><\/span><\/p>\n<ul>\n<li>magnetyczne zapi\u0119cie z systemem blokowania GoLeyGo 2,0 dla bezpiecznego i szybkiego mocowania i odpinania<\/li>\n<li>szybkie odpinanie, nawet przy pe\u0142nym obci\u0105\u017ceniu<\/li>\n<li>obrotowe zapi\u0119cie z zakresem ruchu 360\u00b0 zapewnia swobod\u0119 u\u017cytkowania i zapobiega spl\u0105taniu<\/li>\n<li>system mocowania wykonany z magnesu ferrytowego\u00a0oraz\u00a0tworzywa wzmocnionego w\u0142\u00f3knem szklanym<\/li>\n<li>wykonana z prawdziwej sk\u00f3ry bydl\u0119cej<\/li>\n<li>hydrofobowa i odporna na zabrudzenia<\/li>\n<li>estetycznie wykonana z ozdobn\u0105 plecionka przy uchwycie<\/li>\n<li>bezstopniowa regulacja d\u0142ugo\u015bci dla dopasowania do indywidualnych potrzeb i preferencji<\/li>\n<li>gotowa do u\u017cycia: opakowanie zawiera smycz z metalow\u0105 przej\u015bci\u00f3wk\u0105, kt\u00f3ra mo\u017cna zamontowa\u0107 do posiadanej ju\u017c obro\u017cy<\/li>\n<li>w\u00a0dw\u00f3ch kolorach do wyboru: czarnym oraz br\u0105zowym<\/li>\n<li>solidna, niemiecka jako\u015b\u0107<\/li>\n<li><span style=\"color: #ff0000;\"><strong>Parametry:<\/strong><\/span>\n<ul>\n<li>szeroko\u015b\u0107 smyczy: 2cm<\/li>\n<li>szeroko\u015b\u0107 smyczy: 1cm<\/li>\n<li>d\u0142ugo\u015b\u0107 smyczy: regulowana w zakresie 105-165cm<\/li>\n<li>d\u0142ugo\u015b\u0107 uchwytu 20cm<\/li>\n<li>zamkni\u0119cie: 43,6mm x 21mm<\/li>\n<li>przej\u015bci\u00f3wka:\u00a027,6mm x 10mm,\u00a0pasuje do k\u00f3\u0142ek o maksymalnej grubo\u015bci 4mm<\/li>\n<li>rozmiar S: idealna dla ps\u00f3w o wadze do 15kg<\/li>\n<li><\/li>\n<li>d\u0142ugo\u015b\u0107 smyczy: regulowana w zakresie 105-165cm<\/li>\n<li>d\u0142ugo\u015b\u0107 uchwytu 20cm<\/li>\n<li>zamkni\u0119cie:\u00a056 mm x 27 mm<\/li>\n<li>przej\u015bci\u00f3wka: 32,2 mm x 12 mm, pasuje do k\u00f3\u0142ek o maksymalnej grubo\u015bci 6mm<\/li>\n<li>rozmiar M: idealna dla ps\u00f3w o wadze do\u00a060kg<\/li>\n<\/ul>\n<p><strong><span style=\"color: #ff0000;\">Uwaga:\u00a0<\/span><\/strong><br \/>\nPo przykr\u0119ceniu metalowej przej\u015bci\u00f3wki do ju\u017c posiadanej obro\u017cy, nale\u017cy odczeka\u0107 12 godzin przed jej pierwszym u\u017cyciem i nie wolno jej odkr\u0119ca\u0107. Ka\u017cd\u0105 przej\u015bci\u00f3wk\u0119 nale\u017cy u\u017cywa\u0107 tylko raz i nie wolno jej odkr\u0119ca\u0107, pokryta jest specjaln\u0105 substancj\u0105 chroni\u0105c\u0105 przed przypadkowym odkr\u0119ceniem i zgubieniem<\/p>\n<p><img src=\"https:\/\/groomershop.pl\/media\/catalog\/product\/thumbnail\/22405b9587dd826dfceca925f4971394\/image\/500x500\/111\/80\/0\/8\/0822d5975b0cf5ebc31d59fd89c25128_2.jpg\" alt=\"0822d5975b0cf5ebc31d59fd89c25128\" \/><img src=\"https:\/\/groomershop.pl\/media\/catalog\/product\/thumbnail\/9f6dfad3b997958c62a202031c37ea32\/image\/500x500\/111\/80\/6\/1\/613eec4808acf06840052d9fb05ad37d_2.jpg\" alt=\"613eec4808acf06840052d9fb05ad37d\" \/><\/li>\n<\/ul>\n","protected":false},"excerpt":{"rendered":"<p>Solidna smycz dla psa, wykonana z prawdziwej sk\u00f3ry bydl\u0119cej. Z innowacyjnym magnetycznym systemem zapinania GoLeyGo 2.0, obracaj\u0105cym si\u0119 o 360\u00b0. Zapewnia szybk\u0105, \u0142atw\u0105 i bezpieczn\u0105 obs\u0142ug\u0119 jedn\u0105 r\u0119k\u0105, nawet w sytuacjach, gdy zachodzi nag\u0142a potrzeba zapi\u0119cia lub uwolnienia psa. Smycz \u0142\u0105czy si\u0119 z obro\u017c\u0105 automatycznie, po zbli\u017ceniu jej do metalowego trzpienia przypi\u0119tego do obro\u017cy. Zalety&hellip;<\/p>\n","protected":false},"featured_media":17021,"template":"","meta":[],"product_cat":[1281,93,207],"product_tag":[1292,1290,337,1293,1291,346,1283,1294],"_links":{"self":[{"href":"https:\/\/sklep.nowyork.pl\/index.php\/wp-json\/wp\/v2\/product\/17020"}],"collection":[{"href":"https:\/\/sklep.nowyork.pl\/index.php\/wp-json\/wp\/v2\/product"}],"about":[{"href":"https:\/\/sklep.nowyork.pl\/index.php\/wp-json\/wp\/v2\/types\/product"}],"wp:featuredmedia":[{"embeddable":true,"href":"https:\/\/sklep.nowyork.pl\/index.php\/wp-json\/wp\/v2\/media\/17021"}],"wp:attachment":[{"href":"https:\/\/sklep.nowyork.pl\/index.php\/wp-json\/wp\/v2\/media?parent=17020"}],"wp:term":[{"taxonomy":"product_cat","embeddable":true,"href":"https:\/\/sklep.nowyork.pl\/index.php\/wp-json\/wp\/v2\/product_cat?post=17020"},{"taxonomy":"product_tag","embeddable":true,"href":"https:\/\/sklep.nowyork.pl\/index.php\/wp-json\/wp\/v2\/product_tag?post=17020"}],"curies":[{"name":"wp","href":"https:\/\/api.w.org\/{rel}","templated":true}]}}