{"id":17043,"date":"2021-05-11T17:35:36","date_gmt":"2021-05-11T15:35:36","guid":{"rendered":"https:\/\/sklep.nowyork.pl\/?post_type=product&#038;p=17043"},"modified":"2021-06-07T12:36:47","modified_gmt":"2021-06-07T10:36:47","slug":"pasta-do-zebow-cleany-teeth-dla-psow-zestaw","status":"publish","type":"product","link":"https:\/\/sklep.nowyork.pl\/index.php\/produkt\/pasta-do-zebow-cleany-teeth-dla-psow-zestaw\/","title":{"rendered":"Pasta do z\u0119b\u00f3w Cleany Teeth dla psow zestaw"},"content":{"rendered":"<div class=\"woocommerce-product-details__short-description\">\n<h3><strong>Pasta do z\u0119b\u00f3w dla psa<\/strong>\u00a0specjalnie opracowana dla\u00a0Cleany Teeth<\/h3>\n<div class=\"short-description\">\n<div class=\"std\">\n<p>\u2714 \u017bel do pasty do z\u0119b\u00f3w przyjazny dla ps\u00f3w, kt\u00f3ry jest specjalnie opracowany dla szczoteczki do z\u0119b\u00f3w\u00a0Cleany Teeth dla psow<\/p>\n<p>\u2714 Stosowanie pasty do z\u0119b\u00f3w Cleany Teeth jest obowi\u0105zkowe do prawid\u0142owego czyszczenia za pomoc\u0105 szczoteczki do z\u0119b\u00f3w dla ps\u00f3w Cleany Teeth.<\/p>\n<pre id=\"user_tw-target-text\" class=\"tw-data-text tw-text-large XcVN5d tw-ta\" dir=\"ltr\"><span lang=\"pl\" xml:lang=\"pl\">\u2714 Opakowanie zawiera 3 tuby (3x75 ml \/ 2,54 fl oz) \r\n\u2714 Smak jab\u0142kowy <\/span><\/pre>\n<\/div>\n<\/div>\n<\/div>\n<p><strong>Cleany Teeth\u00a0Pasta do z\u0119b\u00f3w r\u00f3\u017cni si\u0119 od zwyk\u0142ej pasty do z\u0119b\u00f3w:<\/strong><\/p>\n<ul>\n<li>czy\u015bci miliardami nano b\u0105belk\u00f3w (patrz obrazek poni\u017cej)<\/li>\n<li>nie zawiera \u017cadnych cz\u0105stek \u015bciernych, poniewa\u017c nie s\u0105 one wymagane do czyszczenia za pomoc\u0105 ultrad\u017awi\u0119k\u00f3w.<br \/>\nKorzy\u015bci: \u2022 Brak podra\u017cnienia dzi\u0105se\u0142 \u2022 Brak uszkodze\u0144 szkliwa.<\/li>\n<li>jest sformu\u0142owany specjalnie dla przewodno\u015bci fal ultrad\u017awi\u0119kowych<\/li>\n<li>mo\u017ce by\u0107 trawiony przez psy (sk\u0142adniki spo\u017cywcze)<\/li>\n<li>\n<div class=\"std\">\n<p><em>R\u00f3\u017cnica w pasty do z\u0119b\u00f3w jest w\u00a0<strong>miliardach mikroskopijnych nano p\u0119cherzyk\u00f3w,<\/strong>\u00a0kt\u00f3re s\u0105 tworzone w po\u0142\u0105czeniu z oscylacjami. Nano p\u0119cherzyki, oko\u0142o 150x cie\u0144sze ni\u017c ludzkie w\u0142osy, dzia\u0142aj\u0105 przez najmniejsze szczeliny na szkliwie, usuwaj\u0105c wszelkie mikroskopijne cz\u0105stki.<\/em><\/p>\n<\/div>\n<p>&nbsp;<\/p>\n<p><strong>Stosowanie pasty do z\u0119b\u00f3w\u00a0Cleany Teeth\u00a0jest obowi\u0105zkowe do prawid\u0142owego czyszczenia za pomoc\u0105 szczoteczki do z\u0119b\u00f3w Dla ps\u00f3w Cleany Teeth.<\/strong><\/p>\n<ul>\n<li>Regularna pasta do z\u0119b\u00f3w nie jest w stanie stworzy\u0107 nano p\u0119cherzyk\u00f3w dla doskona\u0142ej przewodno\u015bci dla\u00a0<strong>Cleany Teeth\u00a0<\/strong>.<\/li>\n<li>Je\u015bli fale ultrad\u017awi\u0119kowe przenikaj\u0105 \u017cel lub piany wewn\u0105trz jamy ustnej, miliardy nano p\u0119cherzyk\u00f3w s\u0105 tworzone w milisekundach.<\/li>\n<li>Te drobne p\u0119cherzyki kawitacji i implode, by\u0107 odtworzone wielokrotnie przez USG tak d\u0142ugo, jak\u00a0<strong>Cleany Teeth<\/strong>\u00a0jest w\u0142\u0105czony.<\/li>\n<li>Sama liczba tych nano p\u0119cherzyk\u00f3w i ich doskona\u0142a zwinno\u015b\u0107 niech te p\u0119cherzyki dotrze\u0107 wsz\u0119dzie wewn\u0105trz jamy ustnej, w dowolnym miejscu na powierzchni z\u0119ba, w szczelinach i mi\u0119dzy z\u0119bami.<\/li>\n<\/ul>\n<\/li>\n<\/ul>\n","protected":false},"excerpt":{"rendered":"<p>Pasta do z\u0119b\u00f3w dla psa\u00a0specjalnie opracowana dla\u00a0Cleany Teeth \u2714 \u017bel do pasty do z\u0119b\u00f3w przyjazny dla ps\u00f3w, kt\u00f3ry jest specjalnie opracowany dla szczoteczki do z\u0119b\u00f3w\u00a0Cleany Teeth dla psow \u2714 Stosowanie pasty do z\u0119b\u00f3w Cleany Teeth jest obowi\u0105zkowe do prawid\u0142owego czyszczenia za pomoc\u0105 szczoteczki do z\u0119b\u00f3w dla ps\u00f3w Cleany Teeth. \u2714 Opakowanie zawiera 3 tuby (3&#215;75&hellip;<\/p>\n","protected":false},"featured_media":17045,"template":"","meta":[],"product_cat":[1279,1298,80,612,84,569],"product_tag":[1306,1304,1317,777,1318],"_links":{"self":[{"href":"https:\/\/sklep.nowyork.pl\/index.php\/wp-json\/wp\/v2\/product\/17043"}],"collection":[{"href":"https:\/\/sklep.nowyork.pl\/index.php\/wp-json\/wp\/v2\/product"}],"about":[{"href":"https:\/\/sklep.nowyork.pl\/index.php\/wp-json\/wp\/v2\/types\/product"}],"wp:featuredmedia":[{"embeddable":true,"href":"https:\/\/sklep.nowyork.pl\/index.php\/wp-json\/wp\/v2\/media\/17045"}],"wp:attachment":[{"href":"https:\/\/sklep.nowyork.pl\/index.php\/wp-json\/wp\/v2\/media?parent=17043"}],"wp:term":[{"taxonomy":"product_cat","embeddable":true,"href":"https:\/\/sklep.nowyork.pl\/index.php\/wp-json\/wp\/v2\/product_cat?post=17043"},{"taxonomy":"product_tag","embeddable":true,"href":"https:\/\/sklep.nowyork.pl\/index.php\/wp-json\/wp\/v2\/product_tag?post=17043"}],"curies":[{"name":"wp","href":"https:\/\/api.w.org\/{rel}","templated":true}]}}