{"id":17058,"date":"2021-05-13T11:00:26","date_gmt":"2021-05-13T09:00:26","guid":{"rendered":"https:\/\/sklep.nowyork.pl\/?post_type=product&#038;p=17058"},"modified":"2022-09-07T18:02:48","modified_gmt":"2022-09-07T16:02:48","slug":"super-benek-economic-zwirek-bentonitowy-5l","status":"publish","type":"product","link":"https:\/\/sklep.nowyork.pl\/index.php\/produkt\/super-benek-economic-zwirek-bentonitowy-5l\/","title":{"rendered":"Super BENEK ECONOMIC \u017bwirek bentonitowy 5l"},"content":{"rendered":"<h2>\u017bwirek Bentonitowy ECONOMIC<\/h2>\n<h3>Higieniczny ekonomiczny \u017cwirek dla kot\u00f3w i innych zwierz\u0105t domowych<\/h3>\n<p><strong>Opis:<\/strong><\/p>\n<ul>\n<li>\u017bwirek bentonitowy o charakterystycznym BR\u0104ZOWYM KOLORZE.<\/li>\n<li><strong>Granulat \u0142atwo si\u0119 zbryla<\/strong>, tworz\u0105c ma\u0142e bry\u0142ki o rp\u0142askim kszta\u0142cie\/<\/li>\n<li>Absorbent usuwa wilgo\u0107 i przykry zapach wyj\u0105tkowo skutecznie.<\/li>\n<li>Poch\u0142ania zwi\u0105zki organiczne, a szczeg\u00f3lnie pochodne amoniaku.<\/li>\n<li><strong>Zu\u017cyty Super Benek jest te\u017c doskona\u0142ym kompostem.<\/strong><\/li>\n<li><strong>Polecany dla: kot\u00f3w i innych zwierz\u0105t domowych (kr\u00f3liki, \u015bwinki morskie, itp.)<\/strong><\/li>\n<\/ul>\n<p><strong>Charakterystyka:<\/strong><\/p>\n<ul>\n<li><strong>\u017bwirek bentonitowy o dobrych w\u0142a\u015bciwo\u015bciach sorpcyjnych i du\u017cej wydajno\u015bci<\/strong>.<\/li>\n<li><strong>NISKA CENA<\/strong>\u00a0\u017cwirku czyni go szczeg\u00f3lnie konkurencyjnym wobec innych dost\u0119pnych na rynku pod\u0142o\u017cy.<\/li>\n<li>Starannie dobrana formu\u0142a zapewnia niskie zu\u017cycie oraz doskona\u0142\u0105 zdolno\u015b\u0107 do poch\u0142aniania zapach\u00f3w i wilgoci.<\/li>\n<li>\u017bwirek jest w pe\u0142ni akceptowany przez koty.<\/li>\n<\/ul>\n<p><strong>Spos\u00f3b u\u017cycia:<\/strong><\/p>\n<ul>\n<li>Opakowanie 5l wystarcza dla jednego kota na oko\u0142o 30 dni.<\/li>\n<li><strong>Dla lepszego efektu proponujemy stosowa\u0107 dodatkowo inne produkty z serii Super Benek<\/strong>.<\/li>\n<li>Zu\u017cyty \u017cwirek w postaci bry\u0142ki wyj\u0105\u0107 przy pomocy specjalnej \u0142opatki.<\/li>\n<li>Bry\u0142k\u0119 mo\u017cna wyrzuci\u0107 do \u015bmietnika lub u\u017cy\u0107 jako kompost.<\/li>\n<li>Dope\u0142ni\u0107 \u015bwie\u017cym \u017cwirkiem tylko tak\u0105 ilo\u015b\u0107, jaka zosta\u0142a zu\u017cyta.<\/li>\n<\/ul>\n<p><strong>Sk\u0142ad:\u00a0<\/strong>bentonit, kopalina smektytowa, soda.<br \/>\n<strong>Frakcja: Br\u0105zowe, mieszane grube i drobne granulki<\/strong>, kt\u00f3re zbrylaj\u0105c si\u0119 tworz\u0105 zwarte bry\u0142ki.<br \/>\n<strong>Dost\u0119pne opakowania:<\/strong>\u00a05l, 10l<\/p>\n","protected":false},"excerpt":{"rendered":"<p>\u017bwirek Bentonitowy ECONOMIC Higieniczny ekonomiczny \u017cwirek dla kot\u00f3w i innych zwierz\u0105t domowych Opis: \u017bwirek bentonitowy o charakterystycznym BR\u0104ZOWYM KOLORZE. Granulat \u0142atwo si\u0119 zbryla, tworz\u0105c ma\u0142e bry\u0142ki o rp\u0142askim kszta\u0142cie\/ Absorbent usuwa wilgo\u0107 i przykry zapach wyj\u0105tkowo skutecznie. Poch\u0142ania zwi\u0105zki organiczne, a szczeg\u00f3lnie pochodne amoniaku. Zu\u017cyty Super Benek jest te\u017c doskona\u0142ym kompostem. Polecany dla: kot\u00f3w i&hellip;<\/p>\n","protected":false},"featured_media":17059,"template":"","meta":[],"product_cat":[71,163,164],"product_tag":[1343,1347,1322,1344,901,1346,1253,1345],"_links":{"self":[{"href":"https:\/\/sklep.nowyork.pl\/index.php\/wp-json\/wp\/v2\/product\/17058"}],"collection":[{"href":"https:\/\/sklep.nowyork.pl\/index.php\/wp-json\/wp\/v2\/product"}],"about":[{"href":"https:\/\/sklep.nowyork.pl\/index.php\/wp-json\/wp\/v2\/types\/product"}],"wp:featuredmedia":[{"embeddable":true,"href":"https:\/\/sklep.nowyork.pl\/index.php\/wp-json\/wp\/v2\/media\/17059"}],"wp:attachment":[{"href":"https:\/\/sklep.nowyork.pl\/index.php\/wp-json\/wp\/v2\/media?parent=17058"}],"wp:term":[{"taxonomy":"product_cat","embeddable":true,"href":"https:\/\/sklep.nowyork.pl\/index.php\/wp-json\/wp\/v2\/product_cat?post=17058"},{"taxonomy":"product_tag","embeddable":true,"href":"https:\/\/sklep.nowyork.pl\/index.php\/wp-json\/wp\/v2\/product_tag?post=17058"}],"curies":[{"name":"wp","href":"https:\/\/api.w.org\/{rel}","templated":true}]}}