{"id":17062,"date":"2021-05-13T11:14:50","date_gmt":"2021-05-13T09:14:50","guid":{"rendered":"https:\/\/sklep.nowyork.pl\/?post_type=product&#038;p=17062"},"modified":"2022-09-07T17:59:04","modified_gmt":"2022-09-07T15:59:04","slug":"barry-king-bk-zwirek-bentonit-dla-kota-silnie-zbrylajacy-lesny-5l","status":"publish","type":"product","link":"https:\/\/sklep.nowyork.pl\/index.php\/produkt\/barry-king-bk-zwirek-bentonit-dla-kota-silnie-zbrylajacy-lesny-5l\/","title":{"rendered":"Barry King Bk \u017bwirek Bentonit Dla Kota Silnie Zbrylaj\u0105cy Le\u015bny 5L"},"content":{"rendered":"<p><strong>Naturalny i delikatny \u017cwirek z bentonitu z du\u017c\u0105 moc\u0105 zbrylania, o le\u015bnym zapachu.<\/strong><\/p>\n<p><strong>\u017bwirek jest w 100% naturalny i jest przyjazny dla \u015brodowiska.<\/strong><\/p>\n<p><strong>&#8211; 100% naturalny na bazie mineralnego bentonitu<\/strong><\/p>\n<p><strong>&#8211; du\u017ca moc zbrylania, wysoka ch\u0142onno\u015b\u0107, du\u017ca wydajno\u015b\u0107<\/strong><br \/>\n<strong>&#8211; kontrola zapachu &#8211; neutralizuje nieprzyjemne zapachy<\/strong><\/p>\n<p><strong>&#8211; delikatny dla \u0142apek &#8211; drobniejszy granulat<\/strong><\/p>\n<p><strong>Zastosowane pod\u0142o\u017ce pozwala na niezwykle d\u0142ugie u\u017cytkowanie bez konieczno\u015bci jego wymiany. Wystarczy jedynie usuwa\u0107 sta\u0142e odchody oraz zbrylone grudki. Nie nale\u017cy usuwa\u0107 \u017cwirku do toalety.<\/strong><\/p>\n","protected":false},"excerpt":{"rendered":"<p>Naturalny i delikatny \u017cwirek z bentonitu z du\u017c\u0105 moc\u0105 zbrylania, o le\u015bnym zapachu. \u017bwirek jest w 100% naturalny i jest przyjazny dla \u015brodowiska. &#8211; 100% naturalny na bazie mineralnego bentonitu &#8211; du\u017ca moc zbrylania, wysoka ch\u0142onno\u015b\u0107, du\u017ca wydajno\u015b\u0107 &#8211; kontrola zapachu &#8211; neutralizuje nieprzyjemne zapachy &#8211; delikatny dla \u0142apek &#8211; drobniejszy granulat Zastosowane pod\u0142o\u017ce pozwala&hellip;<\/p>\n","protected":false},"featured_media":17063,"template":"","meta":[],"product_cat":[71,163,164],"product_tag":[1255,1350,1323,1321,1253,898,1352,1353,1328],"_links":{"self":[{"href":"https:\/\/sklep.nowyork.pl\/index.php\/wp-json\/wp\/v2\/product\/17062"}],"collection":[{"href":"https:\/\/sklep.nowyork.pl\/index.php\/wp-json\/wp\/v2\/product"}],"about":[{"href":"https:\/\/sklep.nowyork.pl\/index.php\/wp-json\/wp\/v2\/types\/product"}],"wp:featuredmedia":[{"embeddable":true,"href":"https:\/\/sklep.nowyork.pl\/index.php\/wp-json\/wp\/v2\/media\/17063"}],"wp:attachment":[{"href":"https:\/\/sklep.nowyork.pl\/index.php\/wp-json\/wp\/v2\/media?parent=17062"}],"wp:term":[{"taxonomy":"product_cat","embeddable":true,"href":"https:\/\/sklep.nowyork.pl\/index.php\/wp-json\/wp\/v2\/product_cat?post=17062"},{"taxonomy":"product_tag","embeddable":true,"href":"https:\/\/sklep.nowyork.pl\/index.php\/wp-json\/wp\/v2\/product_tag?post=17062"}],"curies":[{"name":"wp","href":"https:\/\/api.w.org\/{rel}","templated":true}]}}