{"id":17180,"date":"2021-05-19T10:37:47","date_gmt":"2021-05-19T08:37:47","guid":{"rendered":"https:\/\/sklep.nowyork.pl\/?post_type=product&#038;p=17180"},"modified":"2024-03-23T12:57:20","modified_gmt":"2024-03-23T11:57:20","slug":"butelka-poidlo-bidon-dla-psa-na-wode-z-miska-350ml","status":"publish","type":"product","link":"https:\/\/sklep.nowyork.pl\/index.php\/produkt\/butelka-poidlo-bidon-dla-psa-na-wode-z-miska-350ml\/","title":{"rendered":"Butelka Poid\u0142o Bidon dla Psa na Wod\u0119 z Misk\u0105 350ml"},"content":{"rendered":"<div class=\"_1voj4 _z9prt _1xzdi _ai5yc _5d6n2 _15lj1\">\n<div class=\"_2d49e_5pK0q\">\n<h2>Butelka sk\u0142ada si\u0119 z dw\u00f3ch cz\u0119\u015bci:<\/h2>\n<p><b>1.\u00a0\u00a0\u00a0\u00a0\u00a0\u00a0 Nakr\u0119tka b\u0119d\u0105ca zarazem miseczk\u0105 na wod\u0119<\/b><\/p>\n<p><b>2.\u00a0\u00a0\u00a0\u00a0\u00a0\u00a0 Pojemnik na wod\u0119 o pojemno\u015bci 350 ml<\/b><\/p>\n<p>Dodatkowo butelka zosta\u0142a\u00a0<b>wyposa\u017cona w pratyczny sznureczek<\/b>\u00a0umo\u017clwiaj\u0105cy przymocowanie jej do plecaka lub szlufki od spodni<\/p>\n<p>Butelka wykonana jest z lekkiego plastiku<\/p>\n<h1>System zabezpieczaj\u0105cy<\/h1>\n<p>Aby nape\u0142ni\u0107 miseczk\u0119 wod\u0105 wystarczy przycisn\u0105\u0107 przycisk i przechyli\u0107 w kierunku miseczki.<\/p>\n<p>Gdy piesek si\u0119 napije nie musisz wylewa\u0107 wody.<\/p>\n<p>Wystarczy, \u017ce ponownie przyci\u015bniesz przycisk i przechylisz butelk\u0119 w drug\u0105 stron\u0119, woda wr\u00f3ci do pojemnika.<\/p>\n<p>Po odwr\u00f3ceniu butelki bez jej przyciskania mo\u017cesz mie\u0107 pewno\u015b\u0107, \u017ce woda si\u0119 nie wyleje.<\/p>\n<p>&nbsp;<\/p>\n<p><img loading=\"lazy\" class=\"\" src=\"https:\/\/a.allegroimg.com\/original\/11c1b4\/6bd5536246ceb029ebb76e0b338f\/Butelka-Poidlo-Bidon-dla-Psa-na-Wode-z-Miska-350ml-Typ-inny\" alt=\"Butelka Poid\u0142o Bidon dla Psa na Wod\u0119 z Misk\u0105 350ml Typ inny\" width=\"288\" height=\"288\" \/><img loading=\"lazy\" class=\"\" src=\"https:\/\/a.allegroimg.com\/original\/110d09\/0e66b9624d68a8dc44797917ee5c\/Butelka-Poidlo-Bidon-dla-Psa-na-Wode-z-Miska-350ml-Nazwa-handlowa-Poidlo-dla-psa\" alt=\"Butelka Poid\u0142o Bidon dla Psa na Wod\u0119 z Misk\u0105 350ml Nazwa handlowa Poid\u0142o dla psa\" width=\"360\" height=\"360\" \/><\/p>\n<\/div>\n<\/div>\n<div class=\"_1voj4 _z9prt _1xzdi _ai5yc _5d6n2 _15lj1\">\n<div class=\"_4lbi0 _6kfrx _ur8qq _u5o1q _1xm8p _1agsg\">\n<div class=\"_18vat _10a7o _1yhvf _7ccvy\"><\/div>\n<\/div>\n<\/div>\n","protected":false},"excerpt":{"rendered":"<p>Butelka sk\u0142ada si\u0119 z dw\u00f3ch cz\u0119\u015bci: 1.\u00a0\u00a0\u00a0\u00a0\u00a0\u00a0 Nakr\u0119tka b\u0119d\u0105ca zarazem miseczk\u0105 na wod\u0119 2.\u00a0\u00a0\u00a0\u00a0\u00a0\u00a0 Pojemnik na wod\u0119 o pojemno\u015bci 350 ml Dodatkowo butelka zosta\u0142a\u00a0wyposa\u017cona w pratyczny sznureczek\u00a0umo\u017clwiaj\u0105cy przymocowanie jej do plecaka lub szlufki od spodni Butelka wykonana jest z lekkiego plastiku System zabezpieczaj\u0105cy Aby nape\u0142ni\u0107 miseczk\u0119 wod\u0105 wystarczy przycisn\u0105\u0107 przycisk i przechyli\u0107 w kierunku miseczki.&hellip;<\/p>\n","protected":false},"featured_media":17245,"template":"","meta":[],"product_cat":[70,93,88,90,599],"product_tag":[1479,1478,1482,1481,1480],"_links":{"self":[{"href":"https:\/\/sklep.nowyork.pl\/index.php\/wp-json\/wp\/v2\/product\/17180"}],"collection":[{"href":"https:\/\/sklep.nowyork.pl\/index.php\/wp-json\/wp\/v2\/product"}],"about":[{"href":"https:\/\/sklep.nowyork.pl\/index.php\/wp-json\/wp\/v2\/types\/product"}],"wp:featuredmedia":[{"embeddable":true,"href":"https:\/\/sklep.nowyork.pl\/index.php\/wp-json\/wp\/v2\/media\/17245"}],"wp:attachment":[{"href":"https:\/\/sklep.nowyork.pl\/index.php\/wp-json\/wp\/v2\/media?parent=17180"}],"wp:term":[{"taxonomy":"product_cat","embeddable":true,"href":"https:\/\/sklep.nowyork.pl\/index.php\/wp-json\/wp\/v2\/product_cat?post=17180"},{"taxonomy":"product_tag","embeddable":true,"href":"https:\/\/sklep.nowyork.pl\/index.php\/wp-json\/wp\/v2\/product_tag?post=17180"}],"curies":[{"name":"wp","href":"https:\/\/api.w.org\/{rel}","templated":true}]}}