{"id":17182,"date":"2021-05-19T10:44:44","date_gmt":"2021-05-19T08:44:44","guid":{"rendered":"https:\/\/sklep.nowyork.pl\/?post_type=product&#038;p=17182"},"modified":"2021-05-19T10:44:46","modified_gmt":"2021-05-19T08:44:46","slug":"butelka-na-wode-z-poidlem-500-ml","status":"publish","type":"product","link":"https:\/\/sklep.nowyork.pl\/index.php\/produkt\/butelka-na-wode-z-poidlem-500-ml\/","title":{"rendered":"Butelka na wod\u0119 z poid\u0142em 500 ml"},"content":{"rendered":"<h2>Opis:<\/h2>\n<ul>\n<li>Niezb\u0119dnik ka\u017cdego w\u0142a\u015bciciela psa podczas upalnych dni. Butelka na wod\u0119 z poid\u0142em to praktyczne rozwi\u0105zanie podczas spaceru, dzi\u0119ki kt\u00f3remu w ka\u017cdym momencie Tw\u00f3j zwierzak b\u0119dzie m\u00f3g\u0142 ugasi\u0107 pragnienie. Wykonana z najwy\u017cszej jako\u015bci plastiku o pojemno\u015bci 500 ml. Dodatkowo ka\u017cda butelka zosta\u0142a wyposa\u017cona w sznureczek do jej zawieszenia.<\/li>\n<\/ul>\n<h2>Dane Produktu:<\/h2>\n<ul>\n<li>Rozmiar: M (500 ml)<\/li>\n<li>Sk\u0142ad materia\u0142owy: 50% PP, 50% PU<\/li>\n<\/ul>\n","protected":false},"excerpt":{"rendered":"<p>Opis: Niezb\u0119dnik ka\u017cdego w\u0142a\u015bciciela psa podczas upalnych dni. Butelka na wod\u0119 z poid\u0142em to praktyczne rozwi\u0105zanie podczas spaceru, dzi\u0119ki kt\u00f3remu w ka\u017cdym momencie Tw\u00f3j zwierzak b\u0119dzie m\u00f3g\u0142 ugasi\u0107 pragnienie. Wykonana z najwy\u017cszej jako\u015bci plastiku o pojemno\u015bci 500 ml. Dodatkowo ka\u017cda butelka zosta\u0142a wyposa\u017cona w sznureczek do jej zawieszenia. Dane Produktu: Rozmiar: M (500 ml) Sk\u0142ad&hellip;<\/p>\n","protected":false},"featured_media":17183,"template":"","meta":[],"product_cat":[93,88,90,599],"product_tag":[1483,1475,1484,1485,1486],"_links":{"self":[{"href":"https:\/\/sklep.nowyork.pl\/index.php\/wp-json\/wp\/v2\/product\/17182"}],"collection":[{"href":"https:\/\/sklep.nowyork.pl\/index.php\/wp-json\/wp\/v2\/product"}],"about":[{"href":"https:\/\/sklep.nowyork.pl\/index.php\/wp-json\/wp\/v2\/types\/product"}],"wp:featuredmedia":[{"embeddable":true,"href":"https:\/\/sklep.nowyork.pl\/index.php\/wp-json\/wp\/v2\/media\/17183"}],"wp:attachment":[{"href":"https:\/\/sklep.nowyork.pl\/index.php\/wp-json\/wp\/v2\/media?parent=17182"}],"wp:term":[{"taxonomy":"product_cat","embeddable":true,"href":"https:\/\/sklep.nowyork.pl\/index.php\/wp-json\/wp\/v2\/product_cat?post=17182"},{"taxonomy":"product_tag","embeddable":true,"href":"https:\/\/sklep.nowyork.pl\/index.php\/wp-json\/wp\/v2\/product_tag?post=17182"}],"curies":[{"name":"wp","href":"https:\/\/api.w.org\/{rel}","templated":true}]}}