{"id":17254,"date":"2021-06-14T10:12:16","date_gmt":"2021-06-14T08:12:16","guid":{"rendered":"https:\/\/sklep.nowyork.pl\/?post_type=product&#038;p=17254"},"modified":"2021-06-14T12:33:48","modified_gmt":"2021-06-14T10:33:48","slug":"trixie-mata-chlodzaca-dla-psa-65x50cm","status":"publish","type":"product","link":"https:\/\/sklep.nowyork.pl\/index.php\/produkt\/trixie-mata-chlodzaca-dla-psa-65x50cm\/","title":{"rendered":"Trixie &#8211; mata ch\u0142odz\u0105ca dla psa 65x50cm"},"content":{"rendered":"<ul>\n<li>Mata ch\u0142odz\u0105ca dla psa wspomaga regulacj\u0119 temperatury cia\u0142a podczas ciep\u0142ych dni. Ch\u0142odzi przez kilka godzin i jest gotowa do ponownego u\u017cycia ju\u017c po kr\u00f3tkiej przerwie.<\/li>\n<li><strong>Mata ch\u0142odz\u0105ca dla psa wspomaga regulacj\u0119 temperatury cia\u0142a podczas ciep\u0142ych dni. Ch\u0142odzi przez kilka godzin i jest gotowa do ponownego u\u017cycia ju\u017c po kr\u00f3tkiej przerwie.<\/strong>\u00a0\u0141atwa do utrzymania w czysto\u015bci. Idealna do domu, na pla\u017c\u0119, do samochodu, do transportera czy klatki. Dzia\u0142a bez dodatkowego \u017ar\u00f3d\u0142a ch\u0142odzenia &#8211; pr\u0105du czy wody. Mata wype\u0142niona jest specjalnym czynnikiem ch\u0142odz\u0105cym, kt\u00f3ry pod wp\u0142ywem wagi zwierz\u0119cia aktywuje si\u0119 i daje przyjemne uczucie ch\u0142odu.<strong>cechy produktu:<\/strong>\n<ul>\n<li>skutecznie obni\u017ca temperatur\u0119 cia\u0142a w ciep\u0142e i upalne dni<\/li>\n<li>idealna do domu, na pla\u017c\u0119, do samochodu, do transportera czy klatki<\/li>\n<li>wype\u0142niona jest specjalnym czynnikiem ch\u0142odz\u0105cym, kt\u00f3ry pod wp\u0142ywem wagi zwierz\u0119cia aktywuje si\u0119 i daje przyjemne uczucie ch\u0142odu<\/li>\n<li>nie wymaga wcze\u015bniejszego ch\u0142odzenia czy namaczania w wodzie<\/li>\n<li>nie wymaga zasilania elektrycznego<\/li>\n<li>\u0142atwa do utrzymania w czysto\u015bci<\/li>\n<li>utrzymuje ch\u0142\u00f3d do kilku godzin<\/li>\n<\/ul>\n<\/li>\n<\/ul>\n","protected":false},"excerpt":{"rendered":"<p>Mata ch\u0142odz\u0105ca dla psa wspomaga regulacj\u0119 temperatury cia\u0142a podczas ciep\u0142ych dni. Ch\u0142odzi przez kilka godzin i jest gotowa do ponownego u\u017cycia ju\u017c po kr\u00f3tkiej przerwie. Mata ch\u0142odz\u0105ca dla psa wspomaga regulacj\u0119 temperatury cia\u0142a podczas ciep\u0142ych dni. Ch\u0142odzi przez kilka godzin i jest gotowa do ponownego u\u017cycia ju\u017c po kr\u00f3tkiej przerwie.\u00a0\u0141atwa do utrzymania w czysto\u015bci. Idealna&hellip;<\/p>\n","protected":false},"featured_media":17255,"template":"","meta":[],"product_cat":[88,91],"product_tag":[352,1553,1557,1555,1554,1558,332,124,1556],"_links":{"self":[{"href":"https:\/\/sklep.nowyork.pl\/index.php\/wp-json\/wp\/v2\/product\/17254"}],"collection":[{"href":"https:\/\/sklep.nowyork.pl\/index.php\/wp-json\/wp\/v2\/product"}],"about":[{"href":"https:\/\/sklep.nowyork.pl\/index.php\/wp-json\/wp\/v2\/types\/product"}],"wp:featuredmedia":[{"embeddable":true,"href":"https:\/\/sklep.nowyork.pl\/index.php\/wp-json\/wp\/v2\/media\/17255"}],"wp:attachment":[{"href":"https:\/\/sklep.nowyork.pl\/index.php\/wp-json\/wp\/v2\/media?parent=17254"}],"wp:term":[{"taxonomy":"product_cat","embeddable":true,"href":"https:\/\/sklep.nowyork.pl\/index.php\/wp-json\/wp\/v2\/product_cat?post=17254"},{"taxonomy":"product_tag","embeddable":true,"href":"https:\/\/sklep.nowyork.pl\/index.php\/wp-json\/wp\/v2\/product_tag?post=17254"}],"curies":[{"name":"wp","href":"https:\/\/api.w.org\/{rel}","templated":true}]}}