{"id":17298,"date":"2021-08-23T16:45:49","date_gmt":"2021-08-23T14:45:49","guid":{"rendered":"https:\/\/sklep.nowyork.pl\/?post_type=product&#038;p=17298"},"modified":"2022-12-28T12:48:20","modified_gmt":"2022-12-28T11:48:20","slug":"grzebien-do-podszerstka","status":"publish","type":"product","link":"https:\/\/sklep.nowyork.pl\/index.php\/produkt\/grzebien-do-podszerstka\/","title":{"rendered":"Grzebie\u0144 do podszerstka"},"content":{"rendered":"<ul>\n<li>d\u0142ugo\u015b\u0107 21 cm<\/li>\n<li>do piel\u0119gnacji, czyszczenia w\u0142os\u00f3w i podszerstka<\/li>\n<li>uniwersalny, do wszystkich d\u0142ugo\u015bci sier\u015bci<\/li>\n<li>zaokr\u0105glone szpilki chroni\u0105 sk\u00f3r\u0119<\/li>\n<\/ul>\n","protected":false},"excerpt":{"rendered":"<p>d\u0142ugo\u015b\u0107 21 cm do piel\u0119gnacji, czyszczenia w\u0142os\u00f3w i podszerstka uniwersalny, do wszystkich d\u0142ugo\u015bci sier\u015bci zaokr\u0105glone szpilki chroni\u0105 sk\u00f3r\u0119<\/p>\n","protected":false},"featured_media":17299,"template":"","meta":[],"product_cat":[70,80,84],"product_tag":[1364,1611,1610,1607,337],"_links":{"self":[{"href":"https:\/\/sklep.nowyork.pl\/index.php\/wp-json\/wp\/v2\/product\/17298"}],"collection":[{"href":"https:\/\/sklep.nowyork.pl\/index.php\/wp-json\/wp\/v2\/product"}],"about":[{"href":"https:\/\/sklep.nowyork.pl\/index.php\/wp-json\/wp\/v2\/types\/product"}],"wp:featuredmedia":[{"embeddable":true,"href":"https:\/\/sklep.nowyork.pl\/index.php\/wp-json\/wp\/v2\/media\/17299"}],"wp:attachment":[{"href":"https:\/\/sklep.nowyork.pl\/index.php\/wp-json\/wp\/v2\/media?parent=17298"}],"wp:term":[{"taxonomy":"product_cat","embeddable":true,"href":"https:\/\/sklep.nowyork.pl\/index.php\/wp-json\/wp\/v2\/product_cat?post=17298"},{"taxonomy":"product_tag","embeddable":true,"href":"https:\/\/sklep.nowyork.pl\/index.php\/wp-json\/wp\/v2\/product_tag?post=17298"}],"curies":[{"name":"wp","href":"https:\/\/api.w.org\/{rel}","templated":true}]}}