{"id":17340,"date":"2021-12-22T12:28:33","date_gmt":"2021-12-22T11:28:33","guid":{"rendered":"https:\/\/sklep.nowyork.pl\/?post_type=product&#038;p=17340"},"modified":"2023-02-22T15:14:37","modified_gmt":"2023-02-22T14:14:37","slug":"magnum-chicken-sandwich-80g","status":"publish","type":"product","link":"https:\/\/sklep.nowyork.pl\/index.php\/produkt\/magnum-chicken-sandwich-80g\/","title":{"rendered":"Magnum Chicken Sandwich 80g"},"content":{"rendered":"<p>&nbsp;<\/p>\n<p>&nbsp;<\/p>\n","protected":false},"excerpt":{"rendered":"<p>Przysmak dla psa Magnum Chicken Sandwich 80g. Mi\u0119kkie paski z mi\u0119sa kurczaka ch\u0119tnie jedzone przez psy. Wielko\u015b\u0107 nadaj\u0119 si\u0119 idealnie dla ma\u0142ych oraz \u015brednich ras. Jest \u015bwietn\u0105 alternatyw\u0105 jako nagroda dla pupila, motywacja do nauki lub do spacer\u00f3w.<\/p>\n<p>&nbsp;<\/p>\n<p><strong>Smako\u0142yki Magnum:\u00a0<\/strong><\/p>\n<ul>\n<li>wyprodukowane pod sta\u0142ym nadzorem weterynaryjnym<\/li>\n<li>opakowanie wyposa\u017cone w zamek dzi\u0119ki czemu zachowuj\u0119 swoj\u0105 \u015bwie\u017co\u015b\u0107 na d\u0142ugi czas<\/li>\n<li>lekkostrawna<\/li>\n<\/ul>\n<p>&nbsp;<\/p>\n<p><strong>Sk\u0142ad:<\/strong> mi\u0119so z kurczaka, skrobia, sorbitol, gliceryna.<\/p>\n<p><strong>Sk\u0142adniki analityczne:<\/strong> bia\u0142ko surowe 30 %, zawarto\u015b\u0107 t\u0142uszczu 1 %, popi\u00f3\u0142 surowy 4%, w\u0142\u00f3kno surowe 2 %, wilgotno\u015b\u0107 23 %<\/p>\n<p>&nbsp;<\/p>\n<p><strong>Instrukcje dotycz\u0105ce karmienia:\u00a0<\/strong>Podawa\u0107 produkt w ci\u0105gu dnia jako przek\u0105sk\u0119. Dostosowa\u0107 ilo\u015b\u0107 do potrzeb i kondycji psa. Nie przekarmia\u0107 psa.\u00a0 Produkt nieprzeznaczony do spo\u017cycia przez ludzi. Przechowywa\u0107 w suchym i ch\u0142odnym miejscu. Po otwarciu nale\u017cy dok\u0142adnie zamyka\u0107 paczk\u0119 i przechowywa\u0107 w lod\u00f3wce.<\/p>\n<p>&nbsp;<\/p>\n","protected":false},"featured_media":17341,"template":"","meta":[],"product_cat":[70,76,79],"product_tag":[468,1623,1622,1621,1619,1620,138],"_links":{"self":[{"href":"https:\/\/sklep.nowyork.pl\/index.php\/wp-json\/wp\/v2\/product\/17340"}],"collection":[{"href":"https:\/\/sklep.nowyork.pl\/index.php\/wp-json\/wp\/v2\/product"}],"about":[{"href":"https:\/\/sklep.nowyork.pl\/index.php\/wp-json\/wp\/v2\/types\/product"}],"wp:featuredmedia":[{"embeddable":true,"href":"https:\/\/sklep.nowyork.pl\/index.php\/wp-json\/wp\/v2\/media\/17341"}],"wp:attachment":[{"href":"https:\/\/sklep.nowyork.pl\/index.php\/wp-json\/wp\/v2\/media?parent=17340"}],"wp:term":[{"taxonomy":"product_cat","embeddable":true,"href":"https:\/\/sklep.nowyork.pl\/index.php\/wp-json\/wp\/v2\/product_cat?post=17340"},{"taxonomy":"product_tag","embeddable":true,"href":"https:\/\/sklep.nowyork.pl\/index.php\/wp-json\/wp\/v2\/product_tag?post=17340"}],"curies":[{"name":"wp","href":"https:\/\/api.w.org\/{rel}","templated":true}]}}