{"id":17396,"date":"2021-12-23T15:49:03","date_gmt":"2021-12-23T14:49:03","guid":{"rendered":"https:\/\/sklep.nowyork.pl\/?post_type=product&#038;p=17396"},"modified":"2023-02-22T15:00:04","modified_gmt":"2023-02-22T14:00:04","slug":"magnum-chicken-and-cod-cubes-kawalki-kurczak-z-dorszem-250g","status":"publish","type":"product","link":"https:\/\/sklep.nowyork.pl\/index.php\/produkt\/magnum-chicken-and-cod-cubes-kawalki-kurczak-z-dorszem-250g\/","title":{"rendered":"Magnum Chicken and Cod Cubes (kawa\u0142ki kurczak z dorszem) 250g"},"content":{"rendered":"","protected":false},"excerpt":{"rendered":"<p><strong>Przysmak Magnum<\/strong> Chicken and Cod Cubes s\u0105 to niedu\u017ce kawa\u0142ki w kszta\u0142cie kwadracik\u00f3w z mi\u0119sem z kurczaka i dorsza.<\/p>\n<p>&nbsp;<\/p>\n<p>Wielko\u015b\u0107 nadaj\u0119 si\u0119 idealnie dla ma\u0142ych ,\u015brednich oraz du\u017cych ras. Jest \u015bwietn\u0105 alternatyw\u0105 jako nagroda dla pupila, motywacja do nauki lub do spacer\u00f3w.<\/p>\n<p>&nbsp;<\/p>\n<p><strong>Smako\u0142yki Magnum:\u00a0<\/strong><\/p>\n<ul>\n<li>wyprodukowane pod sta\u0142ym nadzorem weterynaryjnym<\/li>\n<li>opakowanie wyposa\u017cone w zamek dzi\u0119ki czemu zachowuj\u0119 swoj\u0105 \u015bwie\u017co\u015b\u0107 na d\u0142ugi czas<\/li>\n<li>lekkostrawne<\/li>\n<\/ul>\n<p>&nbsp;<\/p>\n<p><strong>Sk\u0142ad:<\/strong> mi\u0119so z kurzcaka, mi\u0119so rybie, skrobia, bia\u0142ko ro\u015blinne, gliceryna.<\/p>\n<p><strong>Sk\u0142adniki analityczne:<\/strong> bia\u0142ko surowe 35 %, zawarto\u015b\u0107 t\u0142uszczu 1%, popi\u00f3\u0142 surowy 4%, w\u0142\u00f3kno surowe 3%, wilgotno\u015b\u0107 18 %<\/p>\n<p>&nbsp;<\/p>\n<p>&nbsp;<\/p>\n<p><strong>Instrukcje dotycz\u0105ce karmienia:\u00a0<\/strong>Podawa\u0107 produkt w ci\u0105gu dnia jako przek\u0105sk\u0119. Dostosowa\u0107 ilo\u015b\u0107 do potrzeb i kondycji psa. Nie przekarmia\u0107 psa.\u00a0 Produkt nieprzeznaczony do spo\u017cycia przez ludzi. Przechowywa\u0107 w suchym i ch\u0142odnym miejscu. Po otwarciu nale\u017cy dok\u0142adnie zamyka\u0107 paczk\u0119 i przechowywa\u0107 w lod\u00f3wce.<\/p>\n","protected":false},"featured_media":17397,"template":"","meta":[],"product_cat":[70,76,79],"product_tag":[468,1640,665,1621,1619,138,664,1633],"_links":{"self":[{"href":"https:\/\/sklep.nowyork.pl\/index.php\/wp-json\/wp\/v2\/product\/17396"}],"collection":[{"href":"https:\/\/sklep.nowyork.pl\/index.php\/wp-json\/wp\/v2\/product"}],"about":[{"href":"https:\/\/sklep.nowyork.pl\/index.php\/wp-json\/wp\/v2\/types\/product"}],"wp:featuredmedia":[{"embeddable":true,"href":"https:\/\/sklep.nowyork.pl\/index.php\/wp-json\/wp\/v2\/media\/17397"}],"wp:attachment":[{"href":"https:\/\/sklep.nowyork.pl\/index.php\/wp-json\/wp\/v2\/media?parent=17396"}],"wp:term":[{"taxonomy":"product_cat","embeddable":true,"href":"https:\/\/sklep.nowyork.pl\/index.php\/wp-json\/wp\/v2\/product_cat?post=17396"},{"taxonomy":"product_tag","embeddable":true,"href":"https:\/\/sklep.nowyork.pl\/index.php\/wp-json\/wp\/v2\/product_tag?post=17396"}],"curies":[{"name":"wp","href":"https:\/\/api.w.org\/{rel}","templated":true}]}}