{"id":17753,"date":"2022-03-11T14:43:56","date_gmt":"2022-03-11T13:43:56","guid":{"rendered":"https:\/\/sklep.nowyork.pl\/?post_type=product&#038;p=17753"},"modified":"2022-03-14T14:01:17","modified_gmt":"2022-03-14T13:01:17","slug":"bult-treserki-z-dorsza-120-g","status":"publish","type":"product","link":"https:\/\/sklep.nowyork.pl\/index.php\/produkt\/bult-treserki-z-dorsza-120-g\/","title":{"rendered":"Bult treserki z dorsza 120 g"},"content":{"rendered":"<p class=\"def\">Treserki z dorszem to \u015bwietna przek\u0105ska dla ps\u00f3w \u015brednich i du\u017cych ras, wspaniale sprawdz\u0105 si\u0119 podczas trening\u00f3w lub na aktywnym spacerze wspomaganym nagrodami. Doskonale wspiera czyszczenie z\u0119b\u00f3w, pobudzaj\u0105 do pracy mi\u0119\u015bnie \u017cuchwy i masuj\u0105 dzi\u0105s\u0142a.<\/p>\n<p class=\"def\">Skutecznie zaspokajaj\u0105 tak\u017ce potrzeb\u0119 gryzienia i \u017cucia.<\/p>\n<p>Kwasy OMEGA 3 i t\u0142uszcze obecne w treserce pozytywnie wp\u0142ywaj\u0105 na rozw\u00f3j m\u00f3zgu psa, nasze treserki wspieraj\u0105 Wasz\u0105 przyja\u017a\u0144 i zdrowie czworonoga. Ograniczona do minimum zawarto\u015b\u0107 t\u0142uszczu nie wp\u0142ywa negatywnie na zmiany metaboliczne Twojego pupila. Produkt poprawia perystaltyk\u0119 przewodu pokarmowego.<\/p>\n<p class=\"def\">SK\u0141AD:<\/p>\n<p class=\"def\">Mi\u0119so z dorsza 50%<\/p>\n<p class=\"def\">Produkty pochodzenia zwierz\u0119cego 30%<\/p>\n<p class=\"def\">Produkty pochodzenia ro\u015blinnego 20%<\/p>\n<p>&nbsp;<\/p>\n","protected":false},"excerpt":{"rendered":"<p>Treserki z dorszem to \u015bwietna przek\u0105ska dla ps\u00f3w \u015brednich i du\u017cych ras, wspaniale sprawdz\u0105 si\u0119 podczas trening\u00f3w lub na aktywnym spacerze wspomaganym nagrodami. Doskonale wspiera czyszczenie z\u0119b\u00f3w, pobudzaj\u0105 do pracy mi\u0119\u015bnie \u017cuchwy i masuj\u0105 dzi\u0105s\u0142a. Skutecznie zaspokajaj\u0105 tak\u017ce potrzeb\u0119 gryzienia i \u017cucia. Kwasy OMEGA 3 i t\u0142uszcze obecne w treserce pozytywnie wp\u0142ywaj\u0105 na rozw\u00f3j m\u00f3zgu&hellip;<\/p>\n","protected":false},"featured_media":17754,"template":"","meta":[],"product_cat":[70,79],"product_tag":[545,352,1741,1633,1740],"_links":{"self":[{"href":"https:\/\/sklep.nowyork.pl\/index.php\/wp-json\/wp\/v2\/product\/17753"}],"collection":[{"href":"https:\/\/sklep.nowyork.pl\/index.php\/wp-json\/wp\/v2\/product"}],"about":[{"href":"https:\/\/sklep.nowyork.pl\/index.php\/wp-json\/wp\/v2\/types\/product"}],"wp:featuredmedia":[{"embeddable":true,"href":"https:\/\/sklep.nowyork.pl\/index.php\/wp-json\/wp\/v2\/media\/17754"}],"wp:attachment":[{"href":"https:\/\/sklep.nowyork.pl\/index.php\/wp-json\/wp\/v2\/media?parent=17753"}],"wp:term":[{"taxonomy":"product_cat","embeddable":true,"href":"https:\/\/sklep.nowyork.pl\/index.php\/wp-json\/wp\/v2\/product_cat?post=17753"},{"taxonomy":"product_tag","embeddable":true,"href":"https:\/\/sklep.nowyork.pl\/index.php\/wp-json\/wp\/v2\/product_tag?post=17753"}],"curies":[{"name":"wp","href":"https:\/\/api.w.org\/{rel}","templated":true}]}}