{"id":18069,"date":"2022-04-08T17:02:29","date_gmt":"2022-04-08T15:02:29","guid":{"rendered":"https:\/\/sklep.nowyork.pl\/?post_type=product&#038;p=18069"},"modified":"2022-04-08T17:02:30","modified_gmt":"2022-04-08T15:02:30","slug":"kerbl-zabawka-dla-psa-lateksowa-swinka-chrzakajaca-15-cm","status":"publish","type":"product","link":"https:\/\/sklep.nowyork.pl\/index.php\/produkt\/kerbl-zabawka-dla-psa-lateksowa-swinka-chrzakajaca-15-cm\/","title":{"rendered":"Kerbl zabawka dla psa, lateksowa \u015bwinka, chrz\u0105kaj\u0105ca, 15 cm"},"content":{"rendered":"<ul>\n<li>\u00a0r\u00f3\u017cne kolory<\/li>\n<li>z odg\u0142osem chrumkania<\/li>\n<\/ul>\n","protected":false},"excerpt":{"rendered":"<p>\u00a0r\u00f3\u017cne kolory z odg\u0142osem chrumkania<\/p>\n","protected":false},"featured_media":18070,"template":"","meta":[],"product_cat":[70,89],"product_tag":[352,337,817,1901,1507],"_links":{"self":[{"href":"https:\/\/sklep.nowyork.pl\/index.php\/wp-json\/wp\/v2\/product\/18069"}],"collection":[{"href":"https:\/\/sklep.nowyork.pl\/index.php\/wp-json\/wp\/v2\/product"}],"about":[{"href":"https:\/\/sklep.nowyork.pl\/index.php\/wp-json\/wp\/v2\/types\/product"}],"wp:featuredmedia":[{"embeddable":true,"href":"https:\/\/sklep.nowyork.pl\/index.php\/wp-json\/wp\/v2\/media\/18070"}],"wp:attachment":[{"href":"https:\/\/sklep.nowyork.pl\/index.php\/wp-json\/wp\/v2\/media?parent=18069"}],"wp:term":[{"taxonomy":"product_cat","embeddable":true,"href":"https:\/\/sklep.nowyork.pl\/index.php\/wp-json\/wp\/v2\/product_cat?post=18069"},{"taxonomy":"product_tag","embeddable":true,"href":"https:\/\/sklep.nowyork.pl\/index.php\/wp-json\/wp\/v2\/product_tag?post=18069"}],"curies":[{"name":"wp","href":"https:\/\/api.w.org\/{rel}","templated":true}]}}