{"id":18109,"date":"2022-04-13T17:02:07","date_gmt":"2022-04-13T15:02:07","guid":{"rendered":"https:\/\/sklep.nowyork.pl\/?post_type=product&#038;p=18109"},"modified":"2022-04-13T17:04:02","modified_gmt":"2022-04-13T15:04:02","slug":"kerbl-zabawka-dla-psa-pluszak-bunny-hop-25-cm","status":"publish","type":"product","link":"https:\/\/sklep.nowyork.pl\/index.php\/produkt\/kerbl-zabawka-dla-psa-pluszak-bunny-hop-25-cm\/","title":{"rendered":"Kerbl zabawka dla psa, pluszak Bunny Hop, 25 cm"},"content":{"rendered":"<ul>\n<li>r\u00f3\u017cne kolory<\/li>\n<li>mo\u017cna pra\u0107 w 30\u00b0C<\/li>\n<li>materia\u0142: 80% akryl \/ 20% poliester<\/li>\n<\/ul>\n","protected":false},"excerpt":{"rendered":"<p>r\u00f3\u017cne kolory mo\u017cna pra\u0107 w 30\u00b0C materia\u0142: 80% akryl \/ 20% poliester<\/p>\n","protected":false},"featured_media":18110,"template":"","meta":[],"product_cat":[70,89],"product_tag":[1710,551,337,1916,1507],"_links":{"self":[{"href":"https:\/\/sklep.nowyork.pl\/index.php\/wp-json\/wp\/v2\/product\/18109"}],"collection":[{"href":"https:\/\/sklep.nowyork.pl\/index.php\/wp-json\/wp\/v2\/product"}],"about":[{"href":"https:\/\/sklep.nowyork.pl\/index.php\/wp-json\/wp\/v2\/types\/product"}],"wp:featuredmedia":[{"embeddable":true,"href":"https:\/\/sklep.nowyork.pl\/index.php\/wp-json\/wp\/v2\/media\/18110"}],"wp:attachment":[{"href":"https:\/\/sklep.nowyork.pl\/index.php\/wp-json\/wp\/v2\/media?parent=18109"}],"wp:term":[{"taxonomy":"product_cat","embeddable":true,"href":"https:\/\/sklep.nowyork.pl\/index.php\/wp-json\/wp\/v2\/product_cat?post=18109"},{"taxonomy":"product_tag","embeddable":true,"href":"https:\/\/sklep.nowyork.pl\/index.php\/wp-json\/wp\/v2\/product_tag?post=18109"}],"curies":[{"name":"wp","href":"https:\/\/api.w.org\/{rel}","templated":true}]}}