{"id":18130,"date":"2022-04-14T14:32:24","date_gmt":"2022-04-14T12:32:24","guid":{"rendered":"https:\/\/sklep.nowyork.pl\/?post_type=product&#038;p=18130"},"modified":"2022-04-14T14:32:24","modified_gmt":"2022-04-14T12:32:24","slug":"kerbl-zabawka-dla-psa-pilka-na-sznurze-z-juty-12-x-31-cm","status":"publish","type":"product","link":"https:\/\/sklep.nowyork.pl\/index.php\/produkt\/kerbl-zabawka-dla-psa-pilka-na-sznurze-z-juty-12-x-31-cm\/","title":{"rendered":"Kerbl zabawka dla psa, pi\u0142ka na sznurze z juty, 12 x 31 cm"},"content":{"rendered":"<ul>\n<li>przeznaczona dla du\u017cych ps\u00f3w<\/li>\n<li>naturalny, wytrzyma\u0142y i odporny na gryzienie materia\u0142<\/li>\n<li>50% juta \/ 50% bawe\u0142na<\/li>\n<li>przyjazna dla z\u0119b\u00f3w<\/li>\n<\/ul>\n","protected":false},"excerpt":{"rendered":"<p>przeznaczona dla du\u017cych ps\u00f3w naturalny, wytrzyma\u0142y i odporny na gryzienie materia\u0142 50% juta \/ 50% bawe\u0142na przyjazna dla z\u0119b\u00f3w<\/p>\n","protected":false},"featured_media":18126,"template":"","meta":[],"product_cat":[70,89],"product_tag":[551,337,1923,1921,1507],"_links":{"self":[{"href":"https:\/\/sklep.nowyork.pl\/index.php\/wp-json\/wp\/v2\/product\/18130"}],"collection":[{"href":"https:\/\/sklep.nowyork.pl\/index.php\/wp-json\/wp\/v2\/product"}],"about":[{"href":"https:\/\/sklep.nowyork.pl\/index.php\/wp-json\/wp\/v2\/types\/product"}],"wp:featuredmedia":[{"embeddable":true,"href":"https:\/\/sklep.nowyork.pl\/index.php\/wp-json\/wp\/v2\/media\/18126"}],"wp:attachment":[{"href":"https:\/\/sklep.nowyork.pl\/index.php\/wp-json\/wp\/v2\/media?parent=18130"}],"wp:term":[{"taxonomy":"product_cat","embeddable":true,"href":"https:\/\/sklep.nowyork.pl\/index.php\/wp-json\/wp\/v2\/product_cat?post=18130"},{"taxonomy":"product_tag","embeddable":true,"href":"https:\/\/sklep.nowyork.pl\/index.php\/wp-json\/wp\/v2\/product_tag?post=18130"}],"curies":[{"name":"wp","href":"https:\/\/api.w.org\/{rel}","templated":true}]}}