{"id":18712,"date":"2022-07-21T14:34:59","date_gmt":"2022-07-21T12:34:59","guid":{"rendered":"https:\/\/sklep.nowyork.pl\/?post_type=product&#038;p=18712"},"modified":"2024-03-23T11:34:27","modified_gmt":"2024-03-23T10:34:27","slug":"tauro-pro-line-healthy-szampon-nawilzajacy-do-kazdego-rodzaju-siersci-1000-ml","status":"publish","type":"product","link":"https:\/\/sklep.nowyork.pl\/index.php\/produkt\/tauro-pro-line-healthy-szampon-nawilzajacy-do-kazdego-rodzaju-siersci-1000-ml\/","title":{"rendered":"Tauro Pro Line Healthy Szampon Nawil\u017caj\u0105cy Do Ka\u017cdego Rodzaju Sier\u015bci 1000 ml"},"content":{"rendered":"<p style=\"font-weight: 400;\">Szampon zosta\u0142 stworzony, aby wzmocni\u0107 w\u0142os, nada\u0107 mu blask i roz\u015bwietli\u0107 kolor. Kosmetyk efektywnie oczyszcza sier\u015b\u0107 i usuwa brud.<\/p>\n<p style=\"font-weight: 400;\">Z ekstraktem z migda\u0142\u00f3w, kt\u00f3ry ma w\u0142a\u015bciwo\u015bci nawil\u017caj\u0105ce, wzmacnia naturalne warstwy ochronne sk\u00f3ry, poprawia struktur\u0119 i kondycj\u0119 w\u0142osa oraz nadaje sier\u015bci przyjemny zapach.<\/p>\n<p style=\"font-weight: 400;\">Dzi\u0119ki swojej delikatnej formule, jest idealnym rozwi\u0105zaniem dla zwierz\u0105t z wra\u017cliw\u0105 sk\u00f3r\u0105. Bardzo ekonomiczny &#8211; nale\u017cy rozcie\u0144czy\u0107 go wod\u0105 w stosunku 1:10. Ma bezpieczny sk\u0142ad, nie zawiera silikon\u00f3w, paraben\u00f3w, ani SLS (laurylosiarczan sodu).<\/p>\n<p style=\"font-weight: 400;\">Linia HEALTHY COAT zosta\u0142a stworzona, aby utrzymywa\u0107 sk\u00f3r\u0119 i sier\u015b\u0107 kot\u00f3w oraz ps\u00f3w w zdrowej kondycji. Do produkcji kosmetyk\u00f3w u\u017cyto wy\u0142\u0105cznie starannie wyselekcjonowanych sk\u0142adnik\u00f3w najwy\u017cszej jako\u015bci.<\/p>\n<p style=\"font-weight: 400;\"><b><strong>Spos\u00f3b u\u017cycia:<\/strong><\/b>\u00a0Nale\u017cy rozcie\u0144czy\u0107 z wod\u0105 w stosunku 1:10. Nast\u0119pnie zwil\u017cy\u0107 sier\u015b\u0107 wod\u0105, na\u0142o\u017cy\u0107 i wmasowywa\u0107 szampon przez ok.3 min. Sp\u0142uka\u0107 ciep\u0142a wod\u0105 i na\u0142o\u017cy\u0107 od\u017cywk\u0119 lub balsam. Dla lepszych rezultat\u00f3w stosowa\u0107 w po\u0142\u0105czeniu z wod\u0105 alkaliczn\u0105 Tauro Pro Line Pure Mist.<\/p>\n<p style=\"font-weight: 400;\"><b><strong>Sk\u0142ad:<\/strong><\/b>\u00a0Aqua, Sodium Coco-Sulfate, Glycerin, Coco-Glucoside, Betaine, Sorbitol, Glyceryl Oleate, Cocamidopropyl Betaine, Sodium Chloride, Hydroxypropyl Oxidized Starch PG-Trimonium Chloride, Starch Hydroxypropyltrimonium Chloride, Sodium Lactate, Urea, Lactic Acid, Levulinic Acid, p-Anisic Acid, Allantoin, Propylene Glycol, Prunus Amygdalus Dulcis (Almond) Extract, Polyquaternium-10, PEG-40 Hydrogenated Castor Oil, Citric Acid, Phenoxyethanol, Ethylhexylglycerin, Parfum.<\/p>\n","protected":false},"excerpt":{"rendered":"<p>Szampon zosta\u0142 stworzony, aby wzmocni\u0107 w\u0142os, nada\u0107 mu blask i roz\u015bwietli\u0107 kolor. Kosmetyk efektywnie oczyszcza sier\u015b\u0107 i usuwa brud. Z ekstraktem z migda\u0142\u00f3w, kt\u00f3ry ma w\u0142a\u015bciwo\u015bci nawil\u017caj\u0105ce, wzmacnia naturalne warstwy ochronne sk\u00f3ry, poprawia struktur\u0119 i kondycj\u0119 w\u0142osa oraz nadaje sier\u015bci przyjemny zapach. Dzi\u0119ki swojej delikatnej formule, jest idealnym rozwi\u0105zaniem dla zwierz\u0105t z wra\u017cliw\u0105 sk\u00f3r\u0105. Bardzo&hellip;<\/p>\n","protected":false},"featured_media":18713,"template":"","meta":[],"product_cat":[70,81,84,71,150,153],"product_tag":[1982,2097,1009,1975,2095],"_links":{"self":[{"href":"https:\/\/sklep.nowyork.pl\/index.php\/wp-json\/wp\/v2\/product\/18712"}],"collection":[{"href":"https:\/\/sklep.nowyork.pl\/index.php\/wp-json\/wp\/v2\/product"}],"about":[{"href":"https:\/\/sklep.nowyork.pl\/index.php\/wp-json\/wp\/v2\/types\/product"}],"wp:featuredmedia":[{"embeddable":true,"href":"https:\/\/sklep.nowyork.pl\/index.php\/wp-json\/wp\/v2\/media\/18713"}],"wp:attachment":[{"href":"https:\/\/sklep.nowyork.pl\/index.php\/wp-json\/wp\/v2\/media?parent=18712"}],"wp:term":[{"taxonomy":"product_cat","embeddable":true,"href":"https:\/\/sklep.nowyork.pl\/index.php\/wp-json\/wp\/v2\/product_cat?post=18712"},{"taxonomy":"product_tag","embeddable":true,"href":"https:\/\/sklep.nowyork.pl\/index.php\/wp-json\/wp\/v2\/product_tag?post=18712"}],"curies":[{"name":"wp","href":"https:\/\/api.w.org\/{rel}","templated":true}]}}