{"id":18721,"date":"2022-07-21T15:25:55","date_gmt":"2022-07-21T13:25:55","guid":{"rendered":"https:\/\/sklep.nowyork.pl\/?post_type=product&#038;p=18721"},"modified":"2024-03-23T11:31:25","modified_gmt":"2024-03-23T10:31:25","slug":"tauro-pro-line-healthy-szampon-keratynowy-do-kazdego-rodzaju-siersci-50-ml","status":"publish","type":"product","link":"https:\/\/sklep.nowyork.pl\/index.php\/produkt\/tauro-pro-line-healthy-szampon-keratynowy-do-kazdego-rodzaju-siersci-50-ml\/","title":{"rendered":"Tauro Pro Line Healthy Szampon Keratynowy Do Ka\u017cdego Rodzaju Sier\u015bci 50 ml"},"content":{"rendered":"<p>Szampon dla ps\u00f3w i kot\u00f3w, wzbogacony keratyn\u0105 \u2013 g\u0142\u00f3wnym &#8222;budulcem&#8221; w\u0142os\u00f3w. Produkt gwarantuje szybkie mycie, g\u0142\u0119bokie nawil\u017cenie, od\u017cywienie i wzmocnienie w\u0142osa od wewn\u0105trz i z zewn\u0105trz.\u00a0Pantenol u\u0142atwia rozczesywanie i nadaje sier\u015bci g\u0142adko\u015b\u0107 oraz zdrowy blask.\u00a0Ma delikatn\u0105 formu\u0142\u0119 &#8211; nie podra\u017cnia sk\u00f3ry oraz utrzymuje prawid\u0142owy poziom pH.<\/p>\n<p>Linia HEALTHY COAT zosta\u0142a stworzona, aby utrzymywa\u0107 sk\u00f3r\u0119 i sier\u015b\u0107 kot\u00f3w oraz ps\u00f3w w zdrowej kondycji. Do produkcji kosmetyk\u00f3w u\u017cyto wy\u0142\u0105cznie starannie wyselekcjonowanych sk\u0142adnik\u00f3w najwy\u017cszej jako\u015bci.<\/p>\n<p><b><strong>Spos\u00f3b u\u017cycia:<\/strong><\/b>\u00a0Nale\u017cy rozcie\u0144czy\u0107 z wod\u0105 w stosunku 1:10. Nast\u0119pnie zwil\u017cy\u0107 sier\u015b\u0107 ciep\u0142\u0105 wod\u0105, na\u0142o\u017cy\u0107 szampon i pozostawi\u0107 na ok.3 min. Sp\u0142uka\u0107 ciep\u0142\u0105 wod\u0105 i na\u0142o\u017cy\u0107 od\u017cywk\u0119 lub balsam. Dla lepszych rezultat\u00f3w stosowa\u0107 w po\u0142\u0105czeniu z wod\u0105 alkaliczn\u0105 Tauro Pro Line Pure Mist.<\/p>\n<p><b><strong>Sk\u0142ad:<\/strong><\/b>\u00a0AQUA (WATER), DISODIUM COCOAMPHODIACETATE, COCAMIDOPROPYL BETAINE, LAURETH-6 CARBOXYLIC ACID, COCAMIDOPROPYLAMINE OXIDE, HYDROLYZED KERATIN, PEG-90 GLYCERYL ISOSTEARATE, PEG-4 RAPESEEDAMIDE, POLYQUATERNIUM-7, PANTHENOL, GLYCERIN, SODIUM CHLORIDE, TETRASOSIUM EDTA, LAURETH-2, LACTIC ACID, PHENOXYETHANOL, ETHYLHEXYLGLYCERIN, PARFUM (FRAGRANCE).<\/p>\n","protected":false},"excerpt":{"rendered":"<p>Szampon dla ps\u00f3w i kot\u00f3w, wzbogacony keratyn\u0105 \u2013 g\u0142\u00f3wnym &#8222;budulcem&#8221; w\u0142os\u00f3w. Produkt gwarantuje szybkie mycie, g\u0142\u0119bokie nawil\u017cenie, od\u017cywienie i wzmocnienie w\u0142osa od wewn\u0105trz i z zewn\u0105trz.\u00a0Pantenol u\u0142atwia rozczesywanie i nadaje sier\u015bci g\u0142adko\u015b\u0107 oraz zdrowy blask.\u00a0Ma delikatn\u0105 formu\u0142\u0119 &#8211; nie podra\u017cnia sk\u00f3ry oraz utrzymuje prawid\u0142owy poziom pH. Linia HEALTHY COAT zosta\u0142a stworzona, aby utrzymywa\u0107 sk\u00f3r\u0119 i&hellip;<\/p>\n","protected":false},"featured_media":18722,"template":"","meta":[],"product_cat":[70,81,84,71,150,153,197],"product_tag":[1982,2097,617,2099,1975],"_links":{"self":[{"href":"https:\/\/sklep.nowyork.pl\/index.php\/wp-json\/wp\/v2\/product\/18721"}],"collection":[{"href":"https:\/\/sklep.nowyork.pl\/index.php\/wp-json\/wp\/v2\/product"}],"about":[{"href":"https:\/\/sklep.nowyork.pl\/index.php\/wp-json\/wp\/v2\/types\/product"}],"wp:featuredmedia":[{"embeddable":true,"href":"https:\/\/sklep.nowyork.pl\/index.php\/wp-json\/wp\/v2\/media\/18722"}],"wp:attachment":[{"href":"https:\/\/sklep.nowyork.pl\/index.php\/wp-json\/wp\/v2\/media?parent=18721"}],"wp:term":[{"taxonomy":"product_cat","embeddable":true,"href":"https:\/\/sklep.nowyork.pl\/index.php\/wp-json\/wp\/v2\/product_cat?post=18721"},{"taxonomy":"product_tag","embeddable":true,"href":"https:\/\/sklep.nowyork.pl\/index.php\/wp-json\/wp\/v2\/product_tag?post=18721"}],"curies":[{"name":"wp","href":"https:\/\/api.w.org\/{rel}","templated":true}]}}