{"id":18739,"date":"2022-07-21T16:35:52","date_gmt":"2022-07-21T14:35:52","guid":{"rendered":"https:\/\/sklep.nowyork.pl\/?post_type=product&#038;p=18739"},"modified":"2024-03-23T11:29:56","modified_gmt":"2024-03-23T10:29:56","slug":"tauro-pro-line-healthy-szampon-do-codziennej-pielegnacji-kazdego-rodzaju-siersci-1000-ml","status":"publish","type":"product","link":"https:\/\/sklep.nowyork.pl\/index.php\/produkt\/tauro-pro-line-healthy-szampon-do-codziennej-pielegnacji-kazdego-rodzaju-siersci-1000-ml\/","title":{"rendered":"Tauro Pro Line Healthy Szampon Do Codziennej Piel\u0119gnacji Ka\u017cdego Rodzaju Sier\u015bci 1000 ml"},"content":{"rendered":"<p style=\"font-weight: 400;\">Perfekcyjnie czy\u015bci i zmywa brud. Nadaje sier\u015bci zdrowy blask.\u00a0Ceniony, ze wzgl\u0119du na swoje w\u0142a\u015bciwo\u015bci nawil\u017caj\u0105ce i antystatyczne. Dzi\u0119ki swojej delikatnej formule, jest idealnym rozwi\u0105zaniem dla zwierz\u0105t z wra\u017cliw\u0105 sk\u00f3r\u0105. Bardzo ekonomiczny &#8211; nale\u017cy rozcie\u0144czy\u0107 go wod\u0105 w stosunku 1:10.\u00a0Ma bezpieczny sk\u0142ad, nie zawiera silikon\u00f3w, paraben\u00f3w, ani SLS (laurylosiarczan sodu).<\/p>\n<p style=\"font-weight: 400;\">Linia HEALTHY COAT zosta\u0142a stworzona, aby utrzymywa\u0107 sk\u00f3r\u0119 i sier\u015b\u0107 kot\u00f3w oraz ps\u00f3w w zdrowej kondycji. Do produkcji kosmetyk\u00f3w u\u017cyto wy\u0142\u0105cznie starannie wyselekcjonowanych sk\u0142adnik\u00f3w najwy\u017cszej jako\u015bci.<\/p>\n<p style=\"font-weight: 400;\"><b><strong>Spos\u00f3b u\u017cycia:<\/strong><\/b>\u00a0Nale\u017cy rozcie\u0144czy\u0107 z wod\u0105 w stosunku1:10. Nast\u0119pnie zwil\u017cy\u0107 sier\u015b\u0107 wod\u0105, na\u0142o\u017cy\u0107 i wmasowywa\u0107 szampon przez ok.3 min. Sp\u0142uka\u0107 ciep\u0142a wod\u0105 i na\u0142o\u017cy\u0107 od\u017cywk\u0119 lub balsam. Dla lepszych rezultat\u00f3w stosowa\u0107 w po\u0142\u0105czeniu z wod\u0105 alkaliczn\u0105 Tauro Pro Line Pure Mist.<\/p>\n<p style=\"font-weight: 400;\"><b><strong>Sk\u0142ad:<\/strong><\/b>\u00a0AQUA (WATER), DISODIUM COCOAMPHODIACETATE, COCAMIDOPROPYL BETAINE, LAURETH-6 CARBOXYLIC ACID, COCAMIDOPROPYLAMINE OXIDE, PEG-90 GLYCERYL ISOSTEARATE, PEG-4 RAPESEEDAMIDE, POLYQUATERNIUM-7, PANTHENOL, GLYCERIN, SODIUM CHLORIDE, TETRASODIUM EDTA, LAURETH-2, LACTIC ACID, PHENOXYETHANOL, ETHYLHEXYLGLYCERIN, PARFUM (FRAGRANCE), CI 61100, CI 56059, CI 12245.<\/p>\n","protected":false},"excerpt":{"rendered":"<p>Perfekcyjnie czy\u015bci i zmywa brud. Nadaje sier\u015bci zdrowy blask.\u00a0Ceniony, ze wzgl\u0119du na swoje w\u0142a\u015bciwo\u015bci nawil\u017caj\u0105ce i antystatyczne. Dzi\u0119ki swojej delikatnej formule, jest idealnym rozwi\u0105zaniem dla zwierz\u0105t z wra\u017cliw\u0105 sk\u00f3r\u0105. Bardzo ekonomiczny &#8211; nale\u017cy rozcie\u0144czy\u0107 go wod\u0105 w stosunku 1:10.\u00a0Ma bezpieczny sk\u0142ad, nie zawiera silikon\u00f3w, paraben\u00f3w, ani SLS (laurylosiarczan sodu). Linia HEALTHY COAT zosta\u0142a stworzona, aby&hellip;<\/p>\n","protected":false},"featured_media":18740,"template":"","meta":[],"product_cat":[70,81,84,71,150,153,197],"product_tag":[1982,2097,617,2106,1975],"_links":{"self":[{"href":"https:\/\/sklep.nowyork.pl\/index.php\/wp-json\/wp\/v2\/product\/18739"}],"collection":[{"href":"https:\/\/sklep.nowyork.pl\/index.php\/wp-json\/wp\/v2\/product"}],"about":[{"href":"https:\/\/sklep.nowyork.pl\/index.php\/wp-json\/wp\/v2\/types\/product"}],"wp:featuredmedia":[{"embeddable":true,"href":"https:\/\/sklep.nowyork.pl\/index.php\/wp-json\/wp\/v2\/media\/18740"}],"wp:attachment":[{"href":"https:\/\/sklep.nowyork.pl\/index.php\/wp-json\/wp\/v2\/media?parent=18739"}],"wp:term":[{"taxonomy":"product_cat","embeddable":true,"href":"https:\/\/sklep.nowyork.pl\/index.php\/wp-json\/wp\/v2\/product_cat?post=18739"},{"taxonomy":"product_tag","embeddable":true,"href":"https:\/\/sklep.nowyork.pl\/index.php\/wp-json\/wp\/v2\/product_tag?post=18739"}],"curies":[{"name":"wp","href":"https:\/\/api.w.org\/{rel}","templated":true}]}}