{"id":18748,"date":"2022-07-22T16:16:44","date_gmt":"2022-07-22T14:16:44","guid":{"rendered":"https:\/\/sklep.nowyork.pl\/?post_type=product&#038;p=18748"},"modified":"2024-03-23T11:28:11","modified_gmt":"2024-03-23T10:28:11","slug":"tauro-pro-line-healthy-odzywka-dla-ras-szorstkowlosych-250-ml","status":"publish","type":"product","link":"https:\/\/sklep.nowyork.pl\/index.php\/produkt\/tauro-pro-line-healthy-odzywka-dla-ras-szorstkowlosych-250-ml\/","title":{"rendered":"Tauro Pro Line Healthy Od\u017cywka Dla Ras Szorstkow\u0142osych 250 ml"},"content":{"rendered":"<p style=\"font-weight: 400;\">Kosmetyk stworzony dla ps\u00f3w i kot\u00f3w z szorstk\u0105 sier\u015bci\u0105. Mas\u0142o shea od\u017cywia i nawil\u017ca sier\u015b\u0107, nadaj\u0105c jej zdrowy blask. Nie zmi\u0119kcza w\u0142osa, ani nie narusza naturalnej szorstko\u015bci.\u00a0Podkre\u015bla struktur\u0119 szaty, nadaje jej zdrowy wygl\u0105d i przyjemny zapach.\u00a0Bardzo wydajna &#8211; od\u017cywka jest koncentratem, kt\u00f3ry nale\u017cy rozcie\u0144czy\u0107.<\/p>\n<p style=\"font-weight: 400;\">Linia HEALTHY COAT zosta\u0142a stworzona, aby utrzymywa\u0107 sk\u00f3r\u0119 i sier\u015b\u0107 kot\u00f3w\u00a0oraz ps\u00f3w w zdrowej kondycji. Do produkcji kosmetyk\u00f3w u\u017cyto wy\u0142\u0105cznie starannie wyselekcjonowanych sk\u0142adnik\u00f3w najwy\u017cszej jako\u015bci.<\/p>\n<p style=\"font-weight: 400;\"><b><strong>Spos\u00f3b u\u017cycia:<\/strong><\/b>\u00a0Nale\u017cy rozcie\u0144czy\u0107 z ciep\u0142\u0105 wod\u0105 w stosunku 1:10. Po u\u017cyciu szamponu, wmasowa\u0107 rozcie\u0144czon\u0105 od\u017cywk\u0119 w sk\u00f3r\u0119 i sier\u015b\u0107. Pozostawi\u0107 na 1 minut\u0119, a nast\u0119pnie wyszczotkowa\u0107 i dok\u0142adnie sp\u0142uka\u0107 letni\u0105 wod\u0105. Dla lepszych rezultat\u00f3w stosowa\u0107 w po\u0142\u0105czeniu\u00a0z wod\u0105 alkaliczn\u0105 Tauro Pro Line Pure Mist.<\/p>\n<p style=\"font-weight: 400;\"><b><strong>Sk\u0142ad:<\/strong><\/b>\u00a0AQUA (WATER), CETEARYL ALCOHOL, CETRIMONIUM CHLORIDE, MYRISTYL LACTATE, BUTYROSPERMUM PARKII (SHEA SEED) BUTTER, CAPRYLIC\/CAPRIC TRIGLYCERIDE, HYDROLYZED WHEAT PROTEIN, CITRIC ACID, IMIDAZOLIDINYL UREA, PHENOXYETHANOL, ETHYLHEXYLGLYCERIN, HEXYL CINNAMAL, LINALOOL, PARFUM (FRAGRANCE).<\/p>\n","protected":false},"excerpt":{"rendered":"<p>Kosmetyk stworzony dla ps\u00f3w i kot\u00f3w z szorstk\u0105 sier\u015bci\u0105. Mas\u0142o shea od\u017cywia i nawil\u017ca sier\u015b\u0107, nadaj\u0105c jej zdrowy blask. Nie zmi\u0119kcza w\u0142osa, ani nie narusza naturalnej szorstko\u015bci.\u00a0Podkre\u015bla struktur\u0119 szaty, nadaje jej zdrowy wygl\u0105d i przyjemny zapach.\u00a0Bardzo wydajna &#8211; od\u017cywka jest koncentratem, kt\u00f3ry nale\u017cy rozcie\u0144czy\u0107. Linia HEALTHY COAT zosta\u0142a stworzona, aby utrzymywa\u0107 sk\u00f3r\u0119 i sier\u015b\u0107 kot\u00f3w\u00a0oraz&hellip;<\/p>\n","protected":false},"featured_media":18749,"template":"","meta":[],"product_cat":[70,81,84,71,150,153,197],"product_tag":[2109,2110,617,975,2108,1975],"_links":{"self":[{"href":"https:\/\/sklep.nowyork.pl\/index.php\/wp-json\/wp\/v2\/product\/18748"}],"collection":[{"href":"https:\/\/sklep.nowyork.pl\/index.php\/wp-json\/wp\/v2\/product"}],"about":[{"href":"https:\/\/sklep.nowyork.pl\/index.php\/wp-json\/wp\/v2\/types\/product"}],"wp:featuredmedia":[{"embeddable":true,"href":"https:\/\/sklep.nowyork.pl\/index.php\/wp-json\/wp\/v2\/media\/18749"}],"wp:attachment":[{"href":"https:\/\/sklep.nowyork.pl\/index.php\/wp-json\/wp\/v2\/media?parent=18748"}],"wp:term":[{"taxonomy":"product_cat","embeddable":true,"href":"https:\/\/sklep.nowyork.pl\/index.php\/wp-json\/wp\/v2\/product_cat?post=18748"},{"taxonomy":"product_tag","embeddable":true,"href":"https:\/\/sklep.nowyork.pl\/index.php\/wp-json\/wp\/v2\/product_tag?post=18748"}],"curies":[{"name":"wp","href":"https:\/\/api.w.org\/{rel}","templated":true}]}}