{"id":18783,"date":"2022-07-23T11:23:11","date_gmt":"2022-07-23T09:23:11","guid":{"rendered":"https:\/\/sklep.nowyork.pl\/?post_type=product&#038;p=18783"},"modified":"2024-03-23T11:25:45","modified_gmt":"2024-03-23T10:25:45","slug":"tauro-pro-line-healthy-maska-nawilzajaca-do-kazdego-rodzaju-siersci-bialej-jasnej-siersci-250-ml","status":"publish","type":"product","link":"https:\/\/sklep.nowyork.pl\/index.php\/produkt\/tauro-pro-line-healthy-maska-nawilzajaca-do-kazdego-rodzaju-siersci-bialej-jasnej-siersci-250-ml\/","title":{"rendered":"Tauro Pro Line Healthy Maska Nawil\u017caj\u0105ca Do Ka\u017cdego Rodzaju Sier\u015bci Bia\u0142ej \/ Jasnej Sier\u015bci 250 ml"},"content":{"rendered":"<p style=\"font-weight: 400;\">Maska zosta\u0142a stworzona, aby wzmocni\u0107 w\u0142os, nada\u0107 mu blask i roz\u015bwietli\u0107 kolor. Dedykowana psom i kotom o bia\u0142ym kolorze sier\u015bci.<\/p>\n<p style=\"font-weight: 400;\">Z ekstraktem z migda\u0142\u00f3w, kt\u00f3ry ma w\u0142a\u015bciwo\u015bci nawil\u017caj\u0105ce, wzmacnia naturalne warstwy ochronne sk\u00f3ry, poprawia struktur\u0119 i kondycj\u0119 w\u0142osa oraz nadaje sier\u015bci przyjemny zapach, przywraca jej zdrowy po\u0142ysk i mi\u0119kko\u015b\u0107.<\/p>\n<p>&nbsp;<\/p>\n<p style=\"font-weight: 400;\">Dzi\u0119ki swojej delikatnej formule, jest idealnym rozwi\u0105zaniem dla zwierz\u0105t z wra\u017cliw\u0105 sk\u00f3r\u0105. Bardzo ekonomiczna &#8211; nale\u017cy rozcie\u0144czy\u0107 j\u0105 z wod\u0105 w stosunku 1:10. Ma bezpieczny sk\u0142ad, nie zawiera silikon\u00f3w, paraben\u00f3w, ani SLS (laurylosiarczan sodu).<\/p>\n<p style=\"font-weight: 400;\">\n<p style=\"font-weight: 400;\">Linia WHITE COAT zosta\u0142a stworzona, aby piel\u0119gnowa\u0107 sk\u00f3r\u0119 i sier\u015b\u0107 kot\u00f3w oraz ps\u00f3w z bia\u0142\u0105 sier\u015bci\u0105. Do produkcji kosmetyk\u00f3w u\u017cyto wy\u0142\u0105cznie starannie wyselekcjonowanych sk\u0142adnik\u00f3w najwy\u017cszej jako\u015bci.<\/p>\n<p style=\"font-weight: 400;\">\n<p style=\"font-weight: 400;\"><b><strong>Spos\u00f3b u\u017cycia:<\/strong><\/b>\u00a0Nale\u017cy rozcie\u0144czy\u0107 z wod\u0105 w stosunku 1:10. Po umyciu szamponem, na\u0142o\u017cy\u0107 mask\u0119 i pozostawi\u0107 na 3 minuty. Nast\u0119pnie wyczesa\u0107 z sier\u015bci i sp\u0142uka\u0107 zwierz\u0119 letni\u0105 wod\u0105. Dla lepszych rezultat\u00f3w stosowa\u0107 w po\u0142\u0105czeniu z wod\u0105 alkaliczn\u0105 Tauro Pro Line Pure Mist.<\/p>\n<p style=\"font-weight: 400;\">\n<p style=\"font-weight: 400;\"><b><strong>Sk\u0142ad:<\/strong><\/b>\u00a0Aqua, Glycerin, Cetearyl Alcohol, Behenamidopropyl Dimethylamine, Behentrimonium Chloride, Betaine, Panthenol, Propylene Glycol, Prunus Amygdalus Dulcis (Almond) Extract, Phospholipids, Glycine Soja (Soybean) Oil, Glycolipids, Glycine Soja (Soybean) Sterols, Allantoin, Lactic Acid, Sodium Stearoyl Glutamate, Tocopherol, Lecithin, Ascorbyl Palmitate, Glyceryl Stearate, Glyceryl Oleate, Citric Acid, Phenoxyethanol, Ethylhexylglycerin, Parfum, Hexyl Cinnamal, Limonene.<\/p>\n","protected":false},"excerpt":{"rendered":"<p>Maska zosta\u0142a stworzona, aby wzmocni\u0107 w\u0142os, nada\u0107 mu blask i roz\u015bwietli\u0107 kolor. Dedykowana psom i kotom o bia\u0142ym kolorze sier\u015bci. Z ekstraktem z migda\u0142\u00f3w, kt\u00f3ry ma w\u0142a\u015bciwo\u015bci nawil\u017caj\u0105ce, wzmacnia naturalne warstwy ochronne sk\u00f3ry, poprawia struktur\u0119 i kondycj\u0119 w\u0142osa oraz nadaje sier\u015bci przyjemny zapach, przywraca jej zdrowy po\u0142ysk i mi\u0119kko\u015b\u0107. &nbsp; Dzi\u0119ki swojej delikatnej formule, jest&hellip;<\/p>\n","protected":false},"featured_media":18784,"template":"","meta":[],"product_cat":[70,81,84,71,150,153,197],"product_tag":[1982,2098,617,1975],"_links":{"self":[{"href":"https:\/\/sklep.nowyork.pl\/index.php\/wp-json\/wp\/v2\/product\/18783"}],"collection":[{"href":"https:\/\/sklep.nowyork.pl\/index.php\/wp-json\/wp\/v2\/product"}],"about":[{"href":"https:\/\/sklep.nowyork.pl\/index.php\/wp-json\/wp\/v2\/types\/product"}],"wp:featuredmedia":[{"embeddable":true,"href":"https:\/\/sklep.nowyork.pl\/index.php\/wp-json\/wp\/v2\/media\/18784"}],"wp:attachment":[{"href":"https:\/\/sklep.nowyork.pl\/index.php\/wp-json\/wp\/v2\/media?parent=18783"}],"wp:term":[{"taxonomy":"product_cat","embeddable":true,"href":"https:\/\/sklep.nowyork.pl\/index.php\/wp-json\/wp\/v2\/product_cat?post=18783"},{"taxonomy":"product_tag","embeddable":true,"href":"https:\/\/sklep.nowyork.pl\/index.php\/wp-json\/wp\/v2\/product_tag?post=18783"}],"curies":[{"name":"wp","href":"https:\/\/api.w.org\/{rel}","templated":true}]}}