{"id":18915,"date":"2022-12-28T13:42:31","date_gmt":"2022-12-28T12:42:31","guid":{"rendered":"https:\/\/sklep.nowyork.pl\/?post_type=product&#038;p=18915"},"modified":"2022-12-28T15:43:07","modified_gmt":"2022-12-28T14:43:07","slug":"misoko-wielorazowa-pielucha-dla-psow-roz-m-pieski-niebieskie","status":"publish","type":"product","link":"https:\/\/sklep.nowyork.pl\/index.php\/produkt\/misoko-wielorazowa-pielucha-dla-psow-roz-m-pieski-niebieskie\/","title":{"rendered":"MISOKO WIELORAZOWA PIELUCHA DLA PS\u00d3W ROZ.M PIESKI NIEBIESKIE"},"content":{"rendered":"<p><b>Wielorazowe pieluchy\u00a0<\/b><b>Misoko&amp;Co<\/b><b>\u00a0dla ps\u00f3w<\/b><\/p>\n<p><b>Pieluchy wielorazowego u\u017cytku<\/b>\u00a0\u2013 to praktyczne i u\u017cyteczne rozwi\u0105zanie dla szczeni\u0105t ucz\u0105cych si\u0119 za\u0142atwiania swoich potrzeb, dla starszych ps\u00f3w, kt\u00f3re maj\u0105 problem z nietrzymaniem moczu lub z nadmiernym oznaczaniem terenu.<\/p>\n<pre>Idealne podczas podr\u00f3\u017cy, pomagaj\u0105 unika\u0107 problem\u00f3w zwi\u0105zanych z niewyprowadzeniem psa z domu o wyznaczonej porze.<\/pre>\n<pre>Ekologiczne \u2013 mog\u0105 by\u0107 prane nawet 300 razy! Mo\u017cna je pra\u0107 w temp. Do 90\u00b0C, nie nale\u017cy u\u017cywa\u0107 \u015brodk\u00f3w wybielaj\u0105cych i zmi\u0119kczaj\u0105cych. Nie zaleca si\u0119 prasowania pieluch.<\/pre>\n<pre><\/pre>\n<pre><b>Sk\u0142ad:<\/b> poliester, laminat PCV i mikrofibra.<\/pre>\n","protected":false},"excerpt":{"rendered":"<p>Wielorazowe pieluchy\u00a0Misoko&amp;Co\u00a0dla ps\u00f3w Pieluchy wielorazowego u\u017cytku\u00a0\u2013 to praktyczne i u\u017cyteczne rozwi\u0105zanie dla szczeni\u0105t ucz\u0105cych si\u0119 za\u0142atwiania swoich potrzeb, dla starszych ps\u00f3w, kt\u00f3re maj\u0105 problem z nietrzymaniem moczu lub z nadmiernym oznaczaniem terenu. Idealne podczas podr\u00f3\u017cy, pomagaj\u0105 unika\u0107 problem\u00f3w zwi\u0105zanych z niewyprowadzeniem psa z domu o wyznaczonej porze. Ekologiczne \u2013 mog\u0105 by\u0107 prane nawet 300 razy!&hellip;<\/p>\n","protected":false},"featured_media":18916,"template":"","meta":[],"product_cat":[70,80,86,197],"product_tag":[352,2146,2128,2151,2152,2153],"_links":{"self":[{"href":"https:\/\/sklep.nowyork.pl\/index.php\/wp-json\/wp\/v2\/product\/18915"}],"collection":[{"href":"https:\/\/sklep.nowyork.pl\/index.php\/wp-json\/wp\/v2\/product"}],"about":[{"href":"https:\/\/sklep.nowyork.pl\/index.php\/wp-json\/wp\/v2\/types\/product"}],"wp:featuredmedia":[{"embeddable":true,"href":"https:\/\/sklep.nowyork.pl\/index.php\/wp-json\/wp\/v2\/media\/18916"}],"wp:attachment":[{"href":"https:\/\/sklep.nowyork.pl\/index.php\/wp-json\/wp\/v2\/media?parent=18915"}],"wp:term":[{"taxonomy":"product_cat","embeddable":true,"href":"https:\/\/sklep.nowyork.pl\/index.php\/wp-json\/wp\/v2\/product_cat?post=18915"},{"taxonomy":"product_tag","embeddable":true,"href":"https:\/\/sklep.nowyork.pl\/index.php\/wp-json\/wp\/v2\/product_tag?post=18915"}],"curies":[{"name":"wp","href":"https:\/\/api.w.org\/{rel}","templated":true}]}}