{"id":18919,"date":"2022-12-28T14:50:32","date_gmt":"2022-12-28T13:50:32","guid":{"rendered":"https:\/\/sklep.nowyork.pl\/?post_type=product&#038;p=18919"},"modified":"2022-12-28T15:41:18","modified_gmt":"2022-12-28T14:41:18","slug":"misoko-wielorazowa-pielucha-dla-suczek-roz-m-sowy","status":"publish","type":"product","link":"https:\/\/sklep.nowyork.pl\/index.php\/produkt\/misoko-wielorazowa-pielucha-dla-suczek-roz-m-sowy\/","title":{"rendered":"MISOKO WIELORAZOWA PIELUCHA DLA SUCZEK ROZ.M SOWY"},"content":{"rendered":"<p><b>Wielorazowe pieluchomajtki\u00a0<\/b><b>Misoko&amp;Co<\/b><b>\u00a0dla suczek<\/b><\/p>\n<h3><\/h3>\n<h3><b>Pieluchy wielorazowego u\u017cytku<\/b>\u00a0\u2013 to praktyczne i u\u017cyteczne rozwi\u0105zanie dla suczek w trakcie cieczki.<\/h3>\n<h3>Pieluchy doskonale wch\u0142aniaj\u0105 wilgo\u0107 i zapobiegaj\u0105 niepo\u017c\u0105danej uwadze samc\u00f3w. Nadaj\u0105 si\u0119 r\u00f3wnie\u017c dla starszych suczek, kt\u00f3re maj\u0105 problem z nietrzymaniem moczu oraz dla szczeni\u0105t ucz\u0105cych si\u0119 za\u0142atwiania swoich potrzeb.<\/h3>\n<h3>Idealne podczas podr\u00f3\u017cy, pomagaj\u0105 unika\u0107 problem\u00f3w zwi\u0105zanych z niewyprowadzeniem psa z domu o wyznaczonej porze.<\/h3>\n<h3>Ekologiczne \u2013 mog\u0105 by\u0107 prane nawet 300 razy! Mo\u017cna je pra\u0107 w temp. Do 90\u00b0C, nie nale\u017cy u\u017cywa\u0107 \u015brodk\u00f3w wybielaj\u0105cych i zmi\u0119kczaj\u0105cych. Nie zaleca si\u0119 prasowania pieluch.<\/h3>\n<h3><\/h3>\n<h3><b>Sk\u0142ad:<\/b> poliester, laminat PCV i mikrofibra.<\/h3>\n","protected":false},"excerpt":{"rendered":"<p>Wielorazowe pieluchomajtki\u00a0Misoko&amp;Co\u00a0dla suczek Pieluchy wielorazowego u\u017cytku\u00a0\u2013 to praktyczne i u\u017cyteczne rozwi\u0105zanie dla suczek w trakcie cieczki. Pieluchy doskonale wch\u0142aniaj\u0105 wilgo\u0107 i zapobiegaj\u0105 niepo\u017c\u0105danej uwadze samc\u00f3w. Nadaj\u0105 si\u0119 r\u00f3wnie\u017c dla starszych suczek, kt\u00f3re maj\u0105 problem z nietrzymaniem moczu oraz dla szczeni\u0105t ucz\u0105cych si\u0119 za\u0142atwiania swoich potrzeb. Idealne podczas podr\u00f3\u017cy, pomagaj\u0105 unika\u0107 problem\u00f3w zwi\u0105zanych z niewyprowadzeniem psa&hellip;<\/p>\n","protected":false},"featured_media":18920,"template":"","meta":[],"product_cat":[70,80,86,197],"product_tag":[2157,2146,2128,2151,2153],"_links":{"self":[{"href":"https:\/\/sklep.nowyork.pl\/index.php\/wp-json\/wp\/v2\/product\/18919"}],"collection":[{"href":"https:\/\/sklep.nowyork.pl\/index.php\/wp-json\/wp\/v2\/product"}],"about":[{"href":"https:\/\/sklep.nowyork.pl\/index.php\/wp-json\/wp\/v2\/types\/product"}],"wp:featuredmedia":[{"embeddable":true,"href":"https:\/\/sklep.nowyork.pl\/index.php\/wp-json\/wp\/v2\/media\/18920"}],"wp:attachment":[{"href":"https:\/\/sklep.nowyork.pl\/index.php\/wp-json\/wp\/v2\/media?parent=18919"}],"wp:term":[{"taxonomy":"product_cat","embeddable":true,"href":"https:\/\/sklep.nowyork.pl\/index.php\/wp-json\/wp\/v2\/product_cat?post=18919"},{"taxonomy":"product_tag","embeddable":true,"href":"https:\/\/sklep.nowyork.pl\/index.php\/wp-json\/wp\/v2\/product_tag?post=18919"}],"curies":[{"name":"wp","href":"https:\/\/api.w.org\/{rel}","templated":true}]}}