{"id":19071,"date":"2024-02-09T09:52:13","date_gmt":"2024-02-09T08:52:13","guid":{"rendered":"https:\/\/sklep.nowyork.pl\/?post_type=product&#038;p=19071"},"modified":"2024-03-23T12:53:26","modified_gmt":"2024-03-23T11:53:26","slug":"tauro-pro-line-pure-nature-stainless-look-3w1-pojemnosc-50ml","status":"publish","type":"product","link":"https:\/\/sklep.nowyork.pl\/index.php\/produkt\/tauro-pro-line-pure-nature-stainless-look-3w1-pojemnosc-50ml\/","title":{"rendered":"Tauro Pro Line Pure Nature Stainless Look 3w1 pojemno\u015b\u0107: 50ml"},"content":{"rendered":"<p>Tauro Pro Line Pure Nature Stainless Look 3w1 pojemno\u015b\u0107: 50ml<\/p>\n<p>&nbsp;<\/p>\n<p>Naturalna maska z glinki, kt\u00f3ra zapobiega powstawaniu przebarwie\u0144 na sier\u015bci. Przeciwdzia\u0142a powstawaniu br\u0105zowych zaciek\u00f3w wok\u00f3\u0142 oczu, pyszczka i na \u0142apach.<br \/>\nNie zawiera wybielaczy, ani nadtlenk\u00f3w, dzi\u0119ki czemu nie szkodzi strukturze w\u0142os\u00f3w.<\/p>\n<p>Zapobiega powstawaniu plam na sier\u015bci oraz pomaga usuwa\u0107 te, kt\u00f3re ju\u017c si\u0119 pojawi\u0142y.<\/p>\n<p>Odpowiednia dla ps\u00f3w i kot\u00f3w o bia\u0142ym umaszczeniu. Mo\u017cna j\u0105 stosowa\u0107 w ka\u017cdym wieku, idealna do przygotowania przed wystawami.<\/p>\n<p>&nbsp;<\/p>\n<p>Stworzona przez profesjonalist\u00f3w, ze sk\u0142adnik\u00f3w najwy\u017cszej jako\u015bci, ma bezpieczny sk\u0142ad \u2013 bez dodatku silikon\u00f3w, paraben\u00f3w, ani SLS. Odpowiednia dla ka\u017cdego rodzaju bia\u0142ej sier\u015bci.<\/p>\n<p>Sk\u0142ad: Aqua, Kaolin, Zeolite (MicroZeoGen), Sodium Levulinate, Sodium Benzoate, Silver (CI 77820), Lactic Acid.<\/p>\n<p>Spos\u00f3b u\u017cycia w zale\u017cno\u015bci od po\u017c\u0105danego efektu:<\/p>\n<p>Ochrona sier\u015bci przed powstawaniem przebarwie\u0144: starannie na\u0142\u00f3\u017c glink\u0119 na miejsca, kt\u00f3re s\u0105 nara\u017cone na przebarwienia, po wyschni\u0119ciu pozostaw produkt na sier\u015bci. Stosuj za ka\u017cdym razem, gdy jest to konieczne. Maska poch\u0142ania wilgo\u0107 \u0142ez i \u015bliny, nie wysuszaj\u0105c, ani nie uszkadzaj\u0105c sier\u015bci<br \/>\nUsuwanie br\u0105zowych plam z sier\u015bci: dok\u0142adnie na\u0142\u00f3\u017c mask\u0119 na przebarwione obszary sier\u015bci, poczekaj a\u017c wyschnie i wyszczotkuj. Nak\u0142adaj 1-2 razy dziennie, do momentu, gdy plamy znikn\u0105. W celu uzyskania najlepszych rezultat\u00f3w nale\u017cy stosowa\u0107 dodatkowo wod\u0119 alkaliczn\u0105 Tauro Pro Line Pure Mist.<br \/>\nWyprodukowana w UE.<\/p>\n","protected":false},"excerpt":{"rendered":"<p>Tauro Pro Line Pure Nature Stainless Look 3w1 pojemno\u015b\u0107: 50ml &nbsp; Naturalna maska z glinki, kt\u00f3ra zapobiega powstawaniu przebarwie\u0144 na sier\u015bci. Przeciwdzia\u0142a powstawaniu br\u0105zowych zaciek\u00f3w wok\u00f3\u0142 oczu, pyszczka i na \u0142apach. Nie zawiera wybielaczy, ani nadtlenk\u00f3w, dzi\u0119ki czemu nie szkodzi strukturze w\u0142os\u00f3w. Zapobiega powstawaniu plam na sier\u015bci oraz pomaga usuwa\u0107 te, kt\u00f3re ju\u017c si\u0119 pojawi\u0142y.&hellip;<\/p>\n","protected":false},"featured_media":19072,"template":"","meta":[],"product_cat":[785,1279,1298,1278,70,81,84,71,149,150,197],"product_tag":[334,2128,124,1975],"_links":{"self":[{"href":"https:\/\/sklep.nowyork.pl\/index.php\/wp-json\/wp\/v2\/product\/19071"}],"collection":[{"href":"https:\/\/sklep.nowyork.pl\/index.php\/wp-json\/wp\/v2\/product"}],"about":[{"href":"https:\/\/sklep.nowyork.pl\/index.php\/wp-json\/wp\/v2\/types\/product"}],"wp:featuredmedia":[{"embeddable":true,"href":"https:\/\/sklep.nowyork.pl\/index.php\/wp-json\/wp\/v2\/media\/19072"}],"wp:attachment":[{"href":"https:\/\/sklep.nowyork.pl\/index.php\/wp-json\/wp\/v2\/media?parent=19071"}],"wp:term":[{"taxonomy":"product_cat","embeddable":true,"href":"https:\/\/sklep.nowyork.pl\/index.php\/wp-json\/wp\/v2\/product_cat?post=19071"},{"taxonomy":"product_tag","embeddable":true,"href":"https:\/\/sklep.nowyork.pl\/index.php\/wp-json\/wp\/v2\/product_tag?post=19071"}],"curies":[{"name":"wp","href":"https:\/\/api.w.org\/{rel}","templated":true}]}}