{"id":19081,"date":"2024-02-09T09:57:42","date_gmt":"2024-02-09T08:57:42","guid":{"rendered":"https:\/\/sklep.nowyork.pl\/?post_type=product&#038;p=19081"},"modified":"2024-03-23T10:52:34","modified_gmt":"2024-03-23T09:52:34","slug":"tauro-pro-line-ultra-natural-care-deep-clean-shampoo-400ml-szampon-gleboko-czyszczacy-do-kazdego-rodzaju-i-koloru-siersci","status":"publish","type":"product","link":"https:\/\/sklep.nowyork.pl\/index.php\/produkt\/tauro-pro-line-ultra-natural-care-deep-clean-shampoo-400ml-szampon-gleboko-czyszczacy-do-kazdego-rodzaju-i-koloru-siersci\/","title":{"rendered":"Tauro Pro Line Ultra Natural Care Detangling Leave In Conditioner Spray 250ml  OD\u017bYWKA U\u0141ATWIAJ\u0104CA ROZCZESYWANIE, DO KA\u017bDEGO RODZAJU I KOLORU SIER\u015aCI"},"content":{"rendered":"<p><b>Tauro Pro Line Ultra Natural Care Detangling Leave In Conditioner Spray 250ml<\/b><\/p>\n<p>&nbsp;<\/p>\n<p><b>OD\u017bYWKA U\u0141ATWIAJ\u0104CA ROZCZESYWANIE, DO KA\u017bDEGO RODZAJU I KOLORU SIER\u015aCI<\/b><\/p>\n<p>&nbsp;<\/p>\n<p>Od\u017cywka w spray\u2019u, kt\u00f3ra u\u0142atwia rozczesywanie i jest odpowiednia dla kot\u00f3w i ps\u00f3w o nawet najbardziej wra\u017cliwej sk\u00f3rze i sier\u015bci.<\/p>\n<p>&nbsp;<\/p>\n<p>Jest \u0142agodna, a r\u00f3wnocze\u015bnie skuteczna, dzia\u0142a zar\u00f3wno jako od\u017cywka do sier\u015bci i sk\u00f3ry, jak i jako produkt nawil\u017caj\u0105cy u\u0142atwiaj\u0105cy szczotkowanie.\u00a0Pomaga usun\u0105\u0107 ko\u0142tuny sier\u015bci, u\u0142atwiaj\u0105c i przyspieszaj\u0105c rozczesywanie.\u00a0Gotowa do u\u017cycia formu\u0142a bez sp\u0142ukiwania pomaga wyeliminowa\u0107 spl\u0105tania i elektryzowanie si\u0119, jednocze\u015bnie zatrzymuj\u0105c i przywracaj\u0105c wilgo\u0107, pozostawiaj\u0105c sier\u015b\u0107 g\u0142adk\u0105 i b\u0142yszcz\u0105c\u0105.<\/p>\n<p>Hydrolizowana keratyna poprawia struktur\u0119 w\u0142os\u00f3w, zapewniaj\u0105c g\u0142adszy wygl\u0105d, jednocze\u015bnie odbudowuj\u0105c naturaln\u0105 warstw\u0119 ochronn\u0105 w\u0142os\u00f3w od wewn\u0105trz, wype\u0142niaj\u0105c je proteinami i zwi\u0119kszaj\u0105c obj\u0119to\u015b\u0107.<\/p>\n<p>Gliceryna s\u0142u\u017cy jako naturalny \u015brodek nawil\u017caj\u0105cy: g\u0142\u0119boko nasyca sk\u00f3r\u0119 i w\u0142osy wilgoci\u0105, poprawia elastyczno\u015b\u0107 w\u0142os\u00f3w i zmniejsza ich wypadanie.<\/p>\n<p>Z pantenolem (wit. B5), kt\u00f3ry sprawia, \u017ce sier\u015b\u0107 \u0142atwo si\u0119 rozczesuje, jest mi\u0119kka i ma zdrowy po\u0142ysk.<\/p>\n<p>Ekstrakt z nasion s\u0142onecznika\u00a0zawiera wiele witamin, minera\u0142\u00f3w i przeciwutleniaczy, kt\u00f3re pomagaj\u0105 zachowa\u0107 zdrow\u0105, pi\u0119kn\u0105 sk\u00f3r\u0119 i w\u0142osy.<\/p>\n<p>Ma w\u0142a\u015bciwo\u015bci antystatyczne, neutralizuj\u0105c \u0142adunek elektryczny na powierzchni w\u0142os\u00f3w.<\/p>\n<p>Dzi\u0119ki delikatnej formule od\u017cywka jest idealna dla zwierz\u0105t o wra\u017cliwej sk\u00f3rze.<\/p>\n<p>Formu\u0142a nie zawiera SLS, paraben\u00f3w, olej\u00f3w mineralnych i silikon\u00f3w.<\/p>\n<p>Wszystkie kosmetyki Tauro Pro Line to profesjonalne produkty, stworzone\u00a0\u00a0ze sk\u0142adnik\u00f3w najwy\u017cszej klasy!<\/p>\n<p><b>Spos\u00f3b u\u017cycia:\u00a0<\/b>przed u\u017cyciem nale\u017cy wstrz\u0105sn\u0105\u0107, rozpyli\u0107 niewielk\u0105 ilo\u015b\u0107 od\u017cywki na such\u0105 lub mokr\u0105 sier\u015b\u0107. Wyszczotkuj sier\u015b\u0107 i pozostaw. Kosmetyk nie wymaga sp\u0142ukiwania.<\/p>\n<p><b>Sk\u0142ad:<\/b>\u00a0Aqua, Betaine, Glycerin, Polysorbate 80, Panthenol, Hydrolyzed Keratin, Helianthus Annuus Seed Extract, Butylene Glycol, Cetearyl Alcohol, Cetrimonium Methosulfate, Quaternium-91, Phenoxyethanol, Aroma, Ethylhexylglycerin.<\/p>\n","protected":false},"excerpt":{"rendered":"<p>Tauro Pro Line Ultra Natural Care Detangling Leave In Conditioner Spray 250ml &nbsp; OD\u017bYWKA U\u0141ATWIAJ\u0104CA ROZCZESYWANIE, DO KA\u017bDEGO RODZAJU I KOLORU SIER\u015aCI &nbsp; Od\u017cywka w spray\u2019u, kt\u00f3ra u\u0142atwia rozczesywanie i jest odpowiednia dla kot\u00f3w i ps\u00f3w o nawet najbardziej wra\u017cliwej sk\u00f3rze i sier\u015bci. &nbsp; Jest \u0142agodna, a r\u00f3wnocze\u015bnie skuteczna, dzia\u0142a zar\u00f3wno jako od\u017cywka do sier\u015bci&hellip;<\/p>\n","protected":false},"featured_media":19084,"template":"","meta":[],"product_cat":[785,1279,1298,70,81,84,71,149,150,197],"product_tag":[334,2128,124,1975],"_links":{"self":[{"href":"https:\/\/sklep.nowyork.pl\/index.php\/wp-json\/wp\/v2\/product\/19081"}],"collection":[{"href":"https:\/\/sklep.nowyork.pl\/index.php\/wp-json\/wp\/v2\/product"}],"about":[{"href":"https:\/\/sklep.nowyork.pl\/index.php\/wp-json\/wp\/v2\/types\/product"}],"wp:featuredmedia":[{"embeddable":true,"href":"https:\/\/sklep.nowyork.pl\/index.php\/wp-json\/wp\/v2\/media\/19084"}],"wp:attachment":[{"href":"https:\/\/sklep.nowyork.pl\/index.php\/wp-json\/wp\/v2\/media?parent=19081"}],"wp:term":[{"taxonomy":"product_cat","embeddable":true,"href":"https:\/\/sklep.nowyork.pl\/index.php\/wp-json\/wp\/v2\/product_cat?post=19081"},{"taxonomy":"product_tag","embeddable":true,"href":"https:\/\/sklep.nowyork.pl\/index.php\/wp-json\/wp\/v2\/product_tag?post=19081"}],"curies":[{"name":"wp","href":"https:\/\/api.w.org\/{rel}","templated":true}]}}