{"id":19153,"date":"2024-02-09T11:16:10","date_gmt":"2024-02-09T10:16:10","guid":{"rendered":"https:\/\/sklep.nowyork.pl\/?post_type=product&#038;p=19153"},"modified":"2024-03-23T10:20:27","modified_gmt":"2024-03-23T09:20:27","slug":"tauro-pro-line-ultra-natural-care-volume-boost-mask-3785ml-odzywka-dodajaca-objetosci-do-kazdego-rodzaju-i-koloru-siersci","status":"publish","type":"product","link":"https:\/\/sklep.nowyork.pl\/index.php\/produkt\/tauro-pro-line-ultra-natural-care-volume-boost-mask-3785ml-odzywka-dodajaca-objetosci-do-kazdego-rodzaju-i-koloru-siersci\/","title":{"rendered":"Tauro Pro Line Ultra Natural Care Volume Boost Mask 3785ml OD\u017bYWKA DODAJ\u0104CA OBJ\u0118TO\u015aCI DO KA\u017bDEGO RODZAJU I KOLORU SIER\u015aCI"},"content":{"rendered":"<p><b>Tauro Pro Line Ultra Natural Care Volume Boost Mask 3785ml<\/b><\/p>\n<p>&nbsp;<\/p>\n<p><b>OD\u017bYWKA DODAJ\u0104CA OBJ\u0118TO\u015aCI DO KA\u017bDEGO RODZAJU I KOLORU SIER\u015aCI<\/b><\/p>\n<p>&nbsp;<\/p>\n<p>Maska stosowana podczas trzeciego kroku w trzyetapowym systemie piel\u0119gnacji Tauro Pro Line. Doskonale dodaje obj\u0119to\u015bci sier\u015bci, nie obci\u0105\u017caj\u0105c w\u0142osa.<\/p>\n<p>Kosmetyk zawiera proteiny pszenicy, kt\u00f3re charakteryzuj\u0105 si\u0119 silnymi w\u0142a\u015bciwo\u015bciami rewitalizuj\u0105cymi i nawil\u017caj\u0105cymi, bez obci\u0105\u017cania w\u0142os\u00f3w.\u00a0Bia\u0142ko pszenicy jest r\u00f3wnie\u017c dobre dla sk\u00f3ry: nawil\u017ca sk\u00f3r\u0119 i zmniejsza sucho\u015b\u0107.<\/p>\n<p>Olejek ze s\u0142odkich migda\u0142\u00f3w zmi\u0119kcza i od\u017cywia sk\u00f3r\u0119, ogranicza wypadanie sier\u015bci, nadaje sier\u015bci jedwabisty po\u0142ysk i poprawia jej elastyczno\u015b\u0107.<\/p>\n<p>Maska g\u0142\u0119boko wnika we w\u0142\u00f3kna w\u0142os\u00f3w, poprawia elastyczno\u015b\u0107 sk\u00f3ry i stymuluje regeneracj\u0119 kom\u00f3rek.\u00a0Regularne i prawid\u0142owe stosowanie przynosi widoczne efekty: sier\u015b\u0107 jest znacznie g\u0119stsza, mi\u0119kka i puszysta, a w\u0142os nie \u0142amie si\u0119.<\/p>\n<p>Dzi\u0119ki delikatnej formule od\u017cywka jest idealna dla zwierz\u0105t o wra\u017cliwej sk\u00f3rze.<\/p>\n<p>Formu\u0142a nie zawiera SLS, paraben\u00f3w, olej\u00f3w mineralnych i silikon\u00f3w.<\/p>\n<p>Wszystkie kosmetyki Tauro Pro Line to profesjonalne produkty, stworzone\u00a0\u00a0ze sk\u0142adnik\u00f3w najwy\u017cszej klasy!<\/p>\n<p>&nbsp;<\/p>\n<p><b>Spos\u00f3b u\u017cycia:\u00a0<\/b>Nale\u017cy rozcie\u0144czy\u0107 z letni\u0105 wod\u0105 w stosunku 1:10.\u00a0Nast\u0119pnie wmasowa\u0107 kosmetyk w sk\u00f3r\u0119 i sier\u015b\u0107 oraz pozostawi\u0107 na 3 minuty. Po up\u0142yni\u0119ciu tego czasu, dok\u0142adnie sp\u0142uka\u0107 letni\u0105 wod\u0105.<\/p>\n<p>&nbsp;<\/p>\n<p><b>Sk\u0142ad:<\/b>\u00a0Aqua, Cetearyl Alcohol, Behenamidopropyl Dimethylamine, Glyceryl Stearate SE, Hydrogenated Starch Hydrolysate, Prunus Amygdalus Dulcis Oil, Lactic Acid, PPG-3 Caprylyl Ether, Hydrolized Wheat Protein, Polyquaternium-10, Olus Oil, Phenoxyethanol, Ethylhexylglycerin, Sodium Benzoate, Parfum, Benzyl Salicylate, Hexyl Cinnamal.<\/p>\n","protected":false},"excerpt":{"rendered":"<p>Tauro Pro Line Ultra Natural Care Volume Boost Mask 3785ml &nbsp; OD\u017bYWKA DODAJ\u0104CA OBJ\u0118TO\u015aCI DO KA\u017bDEGO RODZAJU I KOLORU SIER\u015aCI &nbsp; Maska stosowana podczas trzeciego kroku w trzyetapowym systemie piel\u0119gnacji Tauro Pro Line. Doskonale dodaje obj\u0119to\u015bci sier\u015bci, nie obci\u0105\u017caj\u0105c w\u0142osa. Kosmetyk zawiera proteiny pszenicy, kt\u00f3re charakteryzuj\u0105 si\u0119 silnymi w\u0142a\u015bciwo\u015bciami rewitalizuj\u0105cymi i nawil\u017caj\u0105cymi, bez obci\u0105\u017cania w\u0142os\u00f3w.\u00a0Bia\u0142ko&hellip;<\/p>\n","protected":false},"featured_media":19154,"template":"","meta":[],"product_cat":[785,1279,1298,70,81,84,71,149,150,197],"product_tag":[334,2128,124,1975],"_links":{"self":[{"href":"https:\/\/sklep.nowyork.pl\/index.php\/wp-json\/wp\/v2\/product\/19153"}],"collection":[{"href":"https:\/\/sklep.nowyork.pl\/index.php\/wp-json\/wp\/v2\/product"}],"about":[{"href":"https:\/\/sklep.nowyork.pl\/index.php\/wp-json\/wp\/v2\/types\/product"}],"wp:featuredmedia":[{"embeddable":true,"href":"https:\/\/sklep.nowyork.pl\/index.php\/wp-json\/wp\/v2\/media\/19154"}],"wp:attachment":[{"href":"https:\/\/sklep.nowyork.pl\/index.php\/wp-json\/wp\/v2\/media?parent=19153"}],"wp:term":[{"taxonomy":"product_cat","embeddable":true,"href":"https:\/\/sklep.nowyork.pl\/index.php\/wp-json\/wp\/v2\/product_cat?post=19153"},{"taxonomy":"product_tag","embeddable":true,"href":"https:\/\/sklep.nowyork.pl\/index.php\/wp-json\/wp\/v2\/product_tag?post=19153"}],"curies":[{"name":"wp","href":"https:\/\/api.w.org\/{rel}","templated":true}]}}