{"id":19175,"date":"2024-03-23T13:09:46","date_gmt":"2024-03-23T12:09:46","guid":{"rendered":"https:\/\/sklep.nowyork.pl\/?post_type=product&#038;p=19175"},"modified":"2024-03-23T14:27:21","modified_gmt":"2024-03-23T13:27:21","slug":"np-microzeogen-advanced-detox-calcium-250g","status":"publish","type":"product","link":"https:\/\/sklep.nowyork.pl\/index.php\/produkt\/np-microzeogen-advanced-detox-calcium-250g\/","title":{"rendered":"NP MICROZEOGEN ADVANCED DETOX + CALCIUM 250G"},"content":{"rendered":"<p><b>Nature&#8217;s Protection MicroZeoGen with Calcium\u00a0&#8211; MicroZeoGen z wapniem 250g<\/b><\/p>\n<p><b>Suplement diety dla ps\u00f3w i kot\u00f3w, z\u0142o\u017cony z wulkanicznego klinoptylolitu (MicroZeoGenu) i w\u0119glanu wapnia.<\/b><\/p>\n<p>Suplement z\u0142o\u017cony z ca\u0142kowicie naturalnych sk\u0142adnik\u00f3w, prosto z natury!<\/p>\n<p><b>MicroZeoGen<\/b>, czyli klinoptylolit pochodzenia wulkanicznego, jest jednym z jego g\u0142\u00f3wnych sk\u0142adnik\u00f3w, mo\u017ce by\u0107 korzystny w przypadku kwasicy (podwy\u017cszona kwasowo\u015b\u0107 \u017co\u0142\u0105dka) i mo\u017ce by\u0107 stosowany do zapobiegania biegunce, eliminacji toksyn nagromadzonych w organizmie, a tym samym poprawy wch\u0142anianie witamin i sk\u0142adnik\u00f3w od\u017cywczych.<\/p>\n<p>Dynamicznie mikronizowany klinoptylolit aktywnie stymuluje zdrowie jelit i wch\u0142anianie sk\u0142adnik\u00f3w od\u017cywczych. Wychwytuje toksyny wytwarzane przez bakterie w przewodzie pokarmowym i poprawia kondycj\u0119 staw\u00f3w.<\/p>\n<p>Suplement zawiera r\u00f3wnie\u017c\u00a0<b>wap\u0144<\/b>, kt\u00f3ry jest kluczowym sk\u0142adnikiem zdrowego wzrostu mocnych ko\u015bci i z\u0119b\u00f3w, dzi\u0119ki czemu produkt jest niezb\u0119dny na etapie rozwoju z\u0119b\u00f3w Twojego zwierzaka. Je\u015bli Tw\u00f3j pupil ro\u015bnie zbyt szybko (zwykle dotyczy to tylko du\u017cych ras) \u2013 suplement mo\u017ce pom\u00f3c w zapewnieniu zdrowego rozwoju uk\u0142adu kostnego.<\/p>\n<p>Wap\u0144 jest r\u00f3wnie\u017c niezb\u0119dny do utrzymania zdrowych funkcji nerwowych i jest wa\u017cnym sk\u0142adnikiem krwi, poniewa\u017c zapewnia koagulacj\u0119. Nadaje si\u0119 profilaktycznie dla doros\u0142ych ps\u00f3w i kot\u00f3w \u2013 jako uzupe\u0142nienie naturalnych zasob\u00f3w wapnia zwierz\u0119cia. R\u00f3wnie\u017c dla zwierz\u0105t bardzo aktywnych, wysportowanych i starzej\u0105cych si\u0119 \u2013 jako dodatek do utrzymania kondycji ko\u015bci \u2013 a tak\u017ce dla kotek i ps\u00f3w w ci\u0105\u017cy i laktacji.<\/p>\n<p><b>Sk\u0142ad:<\/b>\u00a0klinoptylolit pochodzenia osadowego (1g 568) \u2013 75%, w\u0119glan wapnia \u2013 25%.<\/p>\n<p><b>Spos\u00f3b podawania:<\/b>\u00a0suplement nale\u017cy wymiesza\u0107 z karm\u0105. U\u017cywa\u0107 wy\u0142\u0105cznie czystego i suchego naczynia do wysypywania proszku z opakowania.<\/p>\n<p><b>Dawkowanie:<\/b><\/p>\n<p>Szczeni\u0119ta i doros\u0142e psy: 1\/2 \u0142y\u017ceczki (2 gramy)\/10 kg masy cia\u0142a, ale nie wi\u0119cej ni\u017c 2 \u0142y\u017ceczki dziennie.<\/p>\n<p>Koci\u0119ta: 1\/4 \u0142y\u017ceczki (1 gram) dziennie.<\/p>\n<p>Doros\u0142e koty: 1\/2 \u0142y\u017ceczki (2 gramy)\/3-8 kg masy cia\u0142a.<\/p>\n<p>&nbsp;<\/p>\n<p><b>Masa netto:\u00a0<\/b>250 g<a class=\"dt-pswp-item\" href=\"https:\/\/sklep.nowyork.pl\/wp-content\/uploads\/2024\/03\/mzg.jpg\" data-dt-img-description=\"\" data-large_image_width=\"600\" data-large_image_height=\"600\"><img loading=\"lazy\" class=\"alignnone size-medium wp-image-19176\" src=\"https:\/\/sklep.nowyork.pl\/wp-content\/uploads\/2024\/03\/mzg-300x300.jpg\" alt=\"\" width=\"300\" height=\"300\" srcset=\"https:\/\/sklep.nowyork.pl\/wp-content\/uploads\/2024\/03\/mzg-300x300.jpg 300w, https:\/\/sklep.nowyork.pl\/wp-content\/uploads\/2024\/03\/mzg-150x150.jpg 150w, https:\/\/sklep.nowyork.pl\/wp-content\/uploads\/2024\/03\/mzg-500x500.jpg 500w, https:\/\/sklep.nowyork.pl\/wp-content\/uploads\/2024\/03\/mzg-200x200.jpg 200w, https:\/\/sklep.nowyork.pl\/wp-content\/uploads\/2024\/03\/mzg.jpg 600w\" sizes=\"(max-width: 300px) 100vw, 300px\" \/><\/a><\/p>\n","protected":false},"excerpt":{"rendered":"<p>Nature&#8217;s Protection MicroZeoGen with Calcium\u00a0&#8211; MicroZeoGen z wapniem 250g Suplement diety dla ps\u00f3w i kot\u00f3w, z\u0142o\u017cony z wulkanicznego klinoptylolitu (MicroZeoGenu) i w\u0119glanu wapnia. Suplement z\u0142o\u017cony z ca\u0142kowicie naturalnych sk\u0142adnik\u00f3w, prosto z natury! MicroZeoGen, czyli klinoptylolit pochodzenia wulkanicznego, jest jednym z jego g\u0142\u00f3wnych sk\u0142adnik\u00f3w, mo\u017ce by\u0107 korzystny w przypadku kwasicy (podwy\u017cszona kwasowo\u015b\u0107 \u017co\u0142\u0105dka) i mo\u017ce by\u0107&hellip;<\/p>\n","protected":false},"featured_media":19176,"template":"","meta":[],"product_cat":[1279,1278,70,87,71,655],"product_tag":[125,2172],"_links":{"self":[{"href":"https:\/\/sklep.nowyork.pl\/index.php\/wp-json\/wp\/v2\/product\/19175"}],"collection":[{"href":"https:\/\/sklep.nowyork.pl\/index.php\/wp-json\/wp\/v2\/product"}],"about":[{"href":"https:\/\/sklep.nowyork.pl\/index.php\/wp-json\/wp\/v2\/types\/product"}],"wp:featuredmedia":[{"embeddable":true,"href":"https:\/\/sklep.nowyork.pl\/index.php\/wp-json\/wp\/v2\/media\/19176"}],"wp:attachment":[{"href":"https:\/\/sklep.nowyork.pl\/index.php\/wp-json\/wp\/v2\/media?parent=19175"}],"wp:term":[{"taxonomy":"product_cat","embeddable":true,"href":"https:\/\/sklep.nowyork.pl\/index.php\/wp-json\/wp\/v2\/product_cat?post=19175"},{"taxonomy":"product_tag","embeddable":true,"href":"https:\/\/sklep.nowyork.pl\/index.php\/wp-json\/wp\/v2\/product_tag?post=19175"}],"curies":[{"name":"wp","href":"https:\/\/api.w.org\/{rel}","templated":true}]}}