{"id":19266,"date":"2024-06-26T21:40:09","date_gmt":"2024-06-26T19:40:09","guid":{"rendered":"https:\/\/sklep.nowyork.pl\/?post_type=product&#038;p=19266"},"modified":"2024-06-26T21:41:06","modified_gmt":"2024-06-26T19:41:06","slug":"np-lifestyle-gf-salmon-krill-adult-small-breeds-10kg","status":"publish","type":"product","link":"https:\/\/sklep.nowyork.pl\/index.php\/produkt\/np-lifestyle-gf-salmon-krill-adult-small-breeds-10kg\/","title":{"rendered":"NP LIFESTYLE GF SALMON &#038; KRILL ADULT SMALL BREEDS 10KG"},"content":{"rendered":"<p><b><span style=\"font-family: Verdana; font-size: x-large;\">Nature&#8217;s Protection Lifestyle Grain Free Adult Salmon with Krill Small &amp; Mini Breeds<\/span><\/b><\/p>\n<p><strong>PE\u0141NOPORCJOWA SUCHA KARMA BEZ ZB\u00d3\u017b Z \u0141OSOSIEM I KRYLEM ANTARKTYCZNYM DLA DOROS\u0141YCH PS\u00d3W RAS MA\u0141YCH I MINIATUROWYCH (<\/strong><strong>1-10 kg)<\/strong><br \/>\n<strong>Od\u00a010 miesi\u0105ca \u017cycia.<\/strong><\/p>\n<p>&#8211; W 100% kompletna i zbalansowana karma dla doros\u0142ych ps\u00f3w\u00a0z certyfikowanym \u0142ososiem norweskim oraz unikalnym krylem antarktycznym.<\/p>\n<p>&#8211; Bogata w kwasy t\u0142uszczowe Omega-3 i Omega-6, kt\u00f3re maj\u0105 korzystny wp\u0142yw na wzmocnienie uk\u0142adu odporno\u015bciowego, utrzymanie prawid\u0142owego funkcjonowania m\u00f3zgu i uk\u0142adu sercowo-naczyniowego oraz na zmniejszenie proces\u00f3w zapalnych. W po\u0142\u0105czeniu z cynkiem i witaminami z grupy B utrzymuj\u0105 tak\u017ce w doskona\u0142ej\u00a0kondycji sier\u015b\u0107 i\u00a0sk\u00f3r\u0119.<\/p>\n<p>&#8211; Kryl antarktyczny to unikalne, w 100% efektywne \u017ar\u00f3d\u0142o kwas\u00f3w Omega-3, kt\u00f3re przynosi wiele korzy\u015bci organizmowi Twojego pupila. Cholina jest niezb\u0119dna do utrzymania prawid\u0142owego rozwoju i pracy m\u00f3zgu.<\/p>\n<p>&#8211; Karma nie zawiera zb\u00f3\u017c, dzi\u0119ki czemu mo\u017ce pom\u00f3c\u00a0zmniejszy\u0107 ryzyko alergii na gluten pszenicy.<\/p>\n<p><span style=\"font-family: Verdana;\"><strong>Sk\u0142ad:\u00a0<\/strong>\u0142oso\u015b 44%\u00a0(suszony i drobno zmielony),\u00a0p\u0142atki ziemniaczane, groch, t\u0142uszcz drobiowy, s\u0142odkie ziemniaki,\u00a0m\u0105czka z kryla\u00a0(min. 4%),\u00a0pulpa buraczana, olej \u0142ososiowy, dynamicznie mikronizowany klinoptylolit (1%), nasiona lnu, fruktooligosacharydy, wyci\u0105g z jukki,\u00a0suszony nagietek (\u017ar\u00f3d\u0142o luteiny).<\/span><\/p>\n<p><b><span style=\"font-family: Verdana;\">Dodatki\/1 kg: dodatki dietetyczne:<\/span><\/b>\u00a0dodatki dietetyczne: witamina A (3a672a) \u2013 18000 JM, witamina D<sub>3<\/sub>\u00a0(3a671) \u2013 1500 JM, witamina E (3a700) \u2013 530 mg, kwas foliowy (3a316) \u2013 1 mg,\u00a0\u00a0biotyna (3a880) \u2013 1 mg, niacyna (3a314) \u2013 35 mg,\u00a0witamina B<sub>6\u00a0<\/sub>(3a831) \u2013 3 mg,\u00a0witamina B<sub>1\u00a0<\/sub>\u2013 3 mg,\u00a0witamina B<sub>12\u00a0<\/sub>\u2013 0,05 mg,\u00a0siarczan \u017celaza (II), monohydrat\u00a0(3b103)\u00a0\u2013 50 mg,\u00a0bezwodny jodan wapnia (3b202) \u2013 1,5 mg,\u00a0pentahydrat siarczanu miedzi(II) (3b405)\u00a0\u2013 5 mg, siarczan manganu, monohydrat (3b503) \u2013 20 mg, siarczan cynku, monohydrat (3b605) \u2013 115 mg,\u00a0<span style=\"font-family: Verdana;\">selenin sodu<\/span><span style=\"font-family: Verdana;\">\u00a0(3b801) \u2013 0,1 mg.<\/span><\/p>\n<p><b>Dodatki technologiczne:<\/b>\u00a0wyci\u0105g z rozmarynu, ekstrakty tokoferolu z olej\u00f3w ro\u015blinnych (1b306(i)).<\/p>\n<p><span style=\"font-family: Verdana;\"><b>Sk\u0142adniki analityczne:<\/b>\u00a0bia\u0142ko surowe \u2013 25%, oleje i t\u0142uszcze surowe \u2013 15%, popi\u00f3\u0142 surowy \u2013 9%, w\u0142\u00f3kno surowe \u2013 3,5%, wap\u0144 \u2013 1,2%, fosfor \u2013 0,9%, potas \u2013 0,6%, s\u00f3d \u2013 0,4%, kwasy t\u0142uszczowe Omega-3 \u2013 0,57%, kwasy t\u0142uszczowe Omega-6\u00a0\u2013 2,74%.<\/span><\/p>\n<p><span style=\"font-family: Verdana;\">*Przechowywa\u0107 w suchym i ch\u0142odnym miejscu.<\/span><\/p>\n","protected":false},"excerpt":{"rendered":"<p>Nature&#8217;s Protection Lifestyle Grain Free Adult Salmon with Krill Small &amp; Mini Breeds PE\u0141NOPORCJOWA SUCHA KARMA BEZ ZB\u00d3\u017b Z \u0141OSOSIEM I KRYLEM ANTARKTYCZNYM DLA DOROS\u0141YCH PS\u00d3W RAS MA\u0141YCH I MINIATUROWYCH (1-10 kg) Od\u00a010 miesi\u0105ca \u017cycia. &#8211; W 100% kompletna i zbalansowana karma dla doros\u0142ych ps\u00f3w\u00a0z certyfikowanym \u0142ososiem norweskim oraz unikalnym krylem antarktycznym. &#8211; Bogata w&hellip;<\/p>\n","protected":false},"featured_media":19267,"template":"","meta":[],"product_cat":[70,76,77,394,197],"product_tag":[1662,125,617,124],"_links":{"self":[{"href":"https:\/\/sklep.nowyork.pl\/index.php\/wp-json\/wp\/v2\/product\/19266"}],"collection":[{"href":"https:\/\/sklep.nowyork.pl\/index.php\/wp-json\/wp\/v2\/product"}],"about":[{"href":"https:\/\/sklep.nowyork.pl\/index.php\/wp-json\/wp\/v2\/types\/product"}],"wp:featuredmedia":[{"embeddable":true,"href":"https:\/\/sklep.nowyork.pl\/index.php\/wp-json\/wp\/v2\/media\/19267"}],"wp:attachment":[{"href":"https:\/\/sklep.nowyork.pl\/index.php\/wp-json\/wp\/v2\/media?parent=19266"}],"wp:term":[{"taxonomy":"product_cat","embeddable":true,"href":"https:\/\/sklep.nowyork.pl\/index.php\/wp-json\/wp\/v2\/product_cat?post=19266"},{"taxonomy":"product_tag","embeddable":true,"href":"https:\/\/sklep.nowyork.pl\/index.php\/wp-json\/wp\/v2\/product_tag?post=19266"}],"curies":[{"name":"wp","href":"https:\/\/api.w.org\/{rel}","templated":true}]}}