{"id":19289,"date":"2024-06-27T14:35:03","date_gmt":"2024-06-27T12:35:03","guid":{"rendered":"https:\/\/sklep.nowyork.pl\/?post_type=product&#038;p=19289"},"modified":"2024-06-27T14:36:16","modified_gmt":"2024-06-27T12:36:16","slug":"np-mini-adult-lamb-2-kg","status":"publish","type":"product","link":"https:\/\/sklep.nowyork.pl\/index.php\/produkt\/np-mini-adult-lamb-2-kg\/","title":{"rendered":"NP MINI ADULT LAMB 2 KG"},"content":{"rendered":"<p style=\"font-weight: 400;\"><b><strong>Nature&#8217;s Protection Mini Adult Lamb<\/strong><\/b><\/p>\n<p style=\"font-weight: 400;\"><b><strong>PE\u0141NOPORCJOWA SUCHA KARMA\u00a0Z JAGNI\u0118CIN\u0104 DLA DOROS\u0141YCH PS\u00d3W MA\u0141YCH RAS\u00a0\u00a0(1-10 kg)<\/strong><\/b><\/p>\n<p style=\"font-weight: 400;\"><b><strong>Od 10 miesi\u0105ca \u017cycia.<\/strong><\/b><\/p>\n<p style=\"font-weight: 400;\">-Wyselekcjonowane przez lekarzy weterynarii i ekspert\u00f3w \u017cywienia na podstawie naturalnego zapotrzebowania.<\/p>\n<p style=\"font-weight: 400;\">-Wysoka smakowito\u015b\u0107 i strawno\u015b\u0107.<\/p>\n<p style=\"font-weight: 400;\">-Zawiera wysokiej jako\u015bci jagni\u0119cin\u0119 i \u0142atwostrawne bia\u0142ka.<\/p>\n<p style=\"font-weight: 400;\">-Ogranicza wzrost poziomu glukozy we krwi po posi\u0142kach.<\/p>\n<p style=\"font-weight: 400;\">-Proteiny pochodzenia zwierz\u0119cego oraz starannie zbilansowany poziom kwas\u00f3w t\u0142uszczowych Omega 3 i 6, pochodz\u0105cych ze zwierz\u0105t morskich wspieraj\u0105 kondycj\u0119 sk\u00f3ry i zapewniaj\u0105 sier\u015bci zdrowy blask.<\/p>\n<p style=\"font-weight: 400;\">-Starannie dobrany zestaw minera\u0142\u00f3w dla zdrowyh z\u0119b\u00f3w i dzi\u0105se\u0142, dobrej higieny jamy ustnej i \u015bwie\u017cego oddechu.<\/p>\n<p style=\"font-weight: 400;\">-Nie zawiera pszenicy.<\/p>\n<p style=\"font-weight: 400;\"><b><strong>Sk\u0142ad:\u00a0<\/strong><\/b>mi\u0119so jagni\u0119ce 38% (suszone i drobno zmielone), ry\u017c, kukurydza, gluten kukurydziany, t\u0142uszcz drobiowy, j\u0119czmie\u0144, pulpa buraczana, siemi\u0119 lniane,m\u0105czka rybna, dynamicznie mikronizowany klinoptylolit\u00a0 (1%), ekstrakt z cykorii, mannanooligosacharydy (MOS), ekstrakt z juki, m\u0105czka z nagietka.<\/p>\n<p style=\"font-weight: 400;\"><b><strong>Dodatki\/1 kg:\u00a0<\/strong><\/b>dodatki dietetyczne: witamina A (3a672a) \u2013 18000 IU, witamina D3 (3a671) \u2013 1500 IU, witamina E (3a700) \u2013 530 mg,\u00a0 siarczan jednowodny\u00a0 \u017celaza (II) (3b103) \u2013 50 mg,\u00a0 jodan wapnia bezwodny\u00a0 (3b202) \u2013 1,5 mg, pentahydrat siarczanu miedzi (II)\u00a0 (3b405) \u2013 5 mg, monohydrat siarczanu manganu (3b503) \u2013 20 mg, monohydrat siarczanu cynku (3b605) \u2013 115 mg, selenin sodu (3b801) \u2013 0,1 mg, L-karnityna (3a910) \u2013 100 mg.<\/p>\n<p style=\"font-weight: 400;\"><b><strong>Dodatki technologiczne:\u00a0<\/strong><\/b>ekstrakt z rozmarynu, ekstrakty tokoferolu z olej\u00f3w ro\u015blinnych (1b306(i)).<\/p>\n<p style=\"font-weight: 400;\"><b><strong>Sk\u0142adniki analityczne:<\/strong><\/b>\u00a0bia\u0142ko surowe\u00a0 \u2013 24%, surowe oleje i t\u0142uszcze \u2013 13%, popi\u00f3\u0142 surowy \u2013 7%, w\u0142\u00f3kno surowe \u2013 2,5%, wap\u0144 \u2013 1,2%, fosfor \u2013 1%, potas \u2013 0,5%, s\u00f3d \u2013 0,4%, kwasy t\u0142uszczowe Omega-3 \u2013 0,35%, kwasy t\u0142uszczowe Omega-6 \u2013 2,65%.<\/p>\n","protected":false},"excerpt":{"rendered":"<p>Nature&#8217;s Protection Mini Adult Lamb PE\u0141NOPORCJOWA SUCHA KARMA\u00a0Z JAGNI\u0118CIN\u0104 DLA DOROS\u0141YCH PS\u00d3W MA\u0141YCH RAS\u00a0\u00a0(1-10 kg) Od 10 miesi\u0105ca \u017cycia. -Wyselekcjonowane przez lekarzy weterynarii i ekspert\u00f3w \u017cywienia na podstawie naturalnego zapotrzebowania. -Wysoka smakowito\u015b\u0107 i strawno\u015b\u0107. -Zawiera wysokiej jako\u015bci jagni\u0119cin\u0119 i \u0142atwostrawne bia\u0142ka. -Ogranicza wzrost poziomu glukozy we krwi po posi\u0142kach. -Proteiny pochodzenia zwierz\u0119cego oraz starannie zbilansowany&hellip;<\/p>\n","protected":false},"featured_media":19290,"template":"","meta":[],"product_cat":[70,76,77,394,197],"product_tag":[1662,125,617,124],"_links":{"self":[{"href":"https:\/\/sklep.nowyork.pl\/index.php\/wp-json\/wp\/v2\/product\/19289"}],"collection":[{"href":"https:\/\/sklep.nowyork.pl\/index.php\/wp-json\/wp\/v2\/product"}],"about":[{"href":"https:\/\/sklep.nowyork.pl\/index.php\/wp-json\/wp\/v2\/types\/product"}],"wp:featuredmedia":[{"embeddable":true,"href":"https:\/\/sklep.nowyork.pl\/index.php\/wp-json\/wp\/v2\/media\/19290"}],"wp:attachment":[{"href":"https:\/\/sklep.nowyork.pl\/index.php\/wp-json\/wp\/v2\/media?parent=19289"}],"wp:term":[{"taxonomy":"product_cat","embeddable":true,"href":"https:\/\/sklep.nowyork.pl\/index.php\/wp-json\/wp\/v2\/product_cat?post=19289"},{"taxonomy":"product_tag","embeddable":true,"href":"https:\/\/sklep.nowyork.pl\/index.php\/wp-json\/wp\/v2\/product_tag?post=19289"}],"curies":[{"name":"wp","href":"https:\/\/api.w.org\/{rel}","templated":true}]}}