{"id":19313,"date":"2024-06-28T16:49:24","date_gmt":"2024-06-28T14:49:24","guid":{"rendered":"https:\/\/sklep.nowyork.pl\/?post_type=product&#038;p=19313"},"modified":"2024-06-28T16:50:07","modified_gmt":"2024-06-28T14:50:07","slug":"np-mini-senior-poultry-75kg","status":"publish","type":"product","link":"https:\/\/sklep.nowyork.pl\/index.php\/produkt\/np-mini-senior-poultry-75kg\/","title":{"rendered":"NP MINI SENIOR POULTRY 7,5KG"},"content":{"rendered":"<p style=\"font-weight: 400;\"><b><strong>Nature&#8217;s Protection Mini Senior Poultry<\/strong><\/b><\/p>\n<p style=\"font-weight: 400;\"><b><strong>PE\u0141NOPORCJOWA SUCHA KARMA\u00a0Z DROBIEM DLA STARSZYCH PS\u00d3W MA\u0141YCH RAS<\/strong><\/b><\/p>\n<p style=\"font-weight: 400;\"><b><strong>Od 7 roku \u017cycia.<\/strong><\/b><\/p>\n<p style=\"font-weight: 400;\">\u2013 Specjalnie skomponowane, w 100% kompletne i zr\u00f3wnowa\u017cone po\u017cywienie, pomagaj\u0105ce zachowa\u0107 zdrowie i dobre samopoczucie psa w jesieni jego \u017cycia.<br \/>\n\u2013 Karma bogata w wysokiej jako\u015bci bia\u0142ko zwierz\u0119ce dla optymalnego utrzymania tkanki mi\u0119\u015bniowej.<br \/>\n\u2013 Wyselekcjonowane w\u0119glowodany zapobiegaj\u0105 zwi\u0119kszonemu ryzyku cukrzycy.<br \/>\n\u2013 Starannie skomponowana formu\u0142a redukuje negatywne skutki spowolnionego metabolizmu.<br \/>\n\u2013 Odpowiednio zbalansowany zestaw minera\u0142\u00f3w wp\u0142ywa korzystnie na zdrowie z\u0119b\u00f3w i jamy ustnej, zapewnia te\u017c \u015bwie\u017cy oddech.<br \/>\n\u2013 Karma nie zawiera pszenicy.<\/p>\n<p style=\"font-weight: 400;\"><b><strong>Sk\u0142ad:\u00a0<\/strong><\/b>mi\u0119so drobiowe 37% (suszone i drobno zmielone), sorgo, ry\u017c, kukurydza, gluten kukurydziany, t\u0142uszcz drobiowy, pulpa buraczana, groszek, dynamicznie mikronizowany klinoptylolit (1%), m\u0105czka rybna, siemi\u0119 lniane, jaja w proszku, mannanooligosacharydy (MOS), ekstrakt z juki, glukozamina (500 mg\/kg), m\u0105czka z nagietka, siarczan chondroityny (200 mg\/kg).<\/p>\n<p><b><strong>Dodatki\/1 kg:\u00a0<\/strong><\/b>dodatki dietetyczne: witamina A (3a672a) \u2013 19800 IU, witamina D3 (3a671) \u2013 1650 IU, witamina E (3a700) \u2013 583 mg, siarczan jednowodny\u00a0 \u017celaza (II) (3b103) \u2013 55 mg,\u00a0 jodan wapnia bezwodny (3b202) \u2013 1,7 mg, pentahydrat siarczanu miedzi (II) (3b405) \u2013 5,5 mg, monohydrat siarczanu manganu (3b503) \u2013 22 mg, monohydrat siarczanu cynku (3b605) \u2013 126,5 mg, selenin sodu (3b801) \u2013 0,11 mg, tauryna (3a370) \u2013 250 mg, L-karnityna (3a910) \u2013 50 mg.<\/p>\n<p><b><strong>Dodatki technologiczne:\u00a0<\/strong><\/b>ekstrakt z rozmarynu, ekstrakty tokoferolu z olej\u00f3w ro\u015blinnych (1b306(i)).<\/p>\n<p style=\"font-weight: 400;\"><b><strong>Sk\u0142adniki analityczne:\u00a0<\/strong><\/b>bia\u0142ko surowe \u2013 29%, w\u0142\u00f3kno surowe \u2013 1,5%, olej surowy \u2013 15%, popi\u00f3\u0142 surowy \u2013 6,5%, wap\u0144 \u2013 1%, fosfor \u2013 0,8%, potas \u2013 0,6%, s\u00f3d \u2013 0,4%, kwasy t\u0142uszczowe Omega-3\u2013 0,35%,\u00a0 kwasy t\u0142uszczowe Omega-6 \u2013 2,60%.<\/p>\n","protected":false},"excerpt":{"rendered":"<p>Nature&#8217;s Protection Mini Senior Poultry PE\u0141NOPORCJOWA SUCHA KARMA\u00a0Z DROBIEM DLA STARSZYCH PS\u00d3W MA\u0141YCH RAS Od 7 roku \u017cycia. \u2013 Specjalnie skomponowane, w 100% kompletne i zr\u00f3wnowa\u017cone po\u017cywienie, pomagaj\u0105ce zachowa\u0107 zdrowie i dobre samopoczucie psa w jesieni jego \u017cycia. \u2013 Karma bogata w wysokiej jako\u015bci bia\u0142ko zwierz\u0119ce dla optymalnego utrzymania tkanki mi\u0119\u015bniowej. \u2013 Wyselekcjonowane w\u0119glowodany zapobiegaj\u0105&hellip;<\/p>\n","protected":false},"featured_media":19314,"template":"","meta":[],"product_cat":[70,76,77,394,197],"product_tag":[1662,125,617,124],"_links":{"self":[{"href":"https:\/\/sklep.nowyork.pl\/index.php\/wp-json\/wp\/v2\/product\/19313"}],"collection":[{"href":"https:\/\/sklep.nowyork.pl\/index.php\/wp-json\/wp\/v2\/product"}],"about":[{"href":"https:\/\/sklep.nowyork.pl\/index.php\/wp-json\/wp\/v2\/types\/product"}],"wp:featuredmedia":[{"embeddable":true,"href":"https:\/\/sklep.nowyork.pl\/index.php\/wp-json\/wp\/v2\/media\/19314"}],"wp:attachment":[{"href":"https:\/\/sklep.nowyork.pl\/index.php\/wp-json\/wp\/v2\/media?parent=19313"}],"wp:term":[{"taxonomy":"product_cat","embeddable":true,"href":"https:\/\/sklep.nowyork.pl\/index.php\/wp-json\/wp\/v2\/product_cat?post=19313"},{"taxonomy":"product_tag","embeddable":true,"href":"https:\/\/sklep.nowyork.pl\/index.php\/wp-json\/wp\/v2\/product_tag?post=19313"}],"curies":[{"name":"wp","href":"https:\/\/api.w.org\/{rel}","templated":true}]}}