{"id":19318,"date":"2024-06-28T16:54:27","date_gmt":"2024-06-28T14:54:27","guid":{"rendered":"https:\/\/sklep.nowyork.pl\/?post_type=product&#038;p=19318"},"modified":"2024-06-28T16:55:04","modified_gmt":"2024-06-28T14:55:04","slug":"np-puppy-starter-salmon-krill-all-breeds-500g","status":"publish","type":"product","link":"https:\/\/sklep.nowyork.pl\/index.php\/produkt\/np-puppy-starter-salmon-krill-all-breeds-500g\/","title":{"rendered":"NP PUPPY STARTER SALMON &#038; KRILL ALL BREEDS 500G"},"content":{"rendered":"<p><strong>Nature&#8217;s Protection Puppy Starter Salmon with Krill All Breeds<\/strong><b><\/b><\/p>\n<p><strong><span style=\"font-family: Verdana;\">PE\u0141NOPORCJOWA SUCHA KARMA Z \u0141OSOSIEM I KRYLEM ANTARKTYCZNYM DLA SZCZENI\u0104T WSZYSTKICH RAS W OKRESIE ODSTAWIANIA OD MATKI<\/span><\/strong><\/p>\n<p><strong><span style=\"font-family: Verdana;\">Od 4-12 tygodnia \u017cycia.<\/span><\/strong><\/p>\n<p>&#8211; W 100% kompletne i zr\u00f3wnowa\u017cone po\u017cywienie zapewniaj\u0105ce szczeniakom optymalny start w newralgicznym okresie ich \u017cycia.<\/p>\n<p>&#8211; Odpowiednia tak\u017ce dla karmi\u0105cych suk, aby szczeniaki mog\u0142y uczy\u0107 si\u0119 je\u015b\u0107 sta\u0142y pokarm przy matce.<\/p>\n<p>&#8211; Wysoce strawna karma dbaj\u0105ca o delikatny uk\u0142ad pokarmowy szczeni\u0105t, aby odstawienie od matki przechodzi\u0142o bezproblemowo.<\/p>\n<p>&#8211; Mo\u017ce zosta\u0107 zamieniona w papk\u0119 poprzez\u00a0\u00a0dodanie wody, aby u\u0142atwi\u0107 przej\u015bcie od mleka matki do sta\u0142ego pokarmu.<\/p>\n<p>&#8211; Starannie wyselekcjonowane sk\u0142adniki i dodatki dietetyczne przygotowuj\u0105 szczeni\u0119ta do przej\u015bcia na karmy Junior, zarazem dostarczaj\u0105c im wszystkich korzy\u015bci cechuj\u0105cych pozosta\u0142e karmy Nature\u2019s Protection.<\/p>\n<p><b>Sk\u0142ad:<\/b>\u00a0mi\u0119so \u0142ososia 43% (suszone i drobno zmielone), suszona pulpa ziemniaczana, t\u0142uszcz drobiowy, bataty, groszek, m\u0105czka z kryla (min. 4%), pulpa buraczana, olej z \u0142ososia, dynamicznie mikronizowany klinoptylolit (1%), siemi\u0119 lniane, fruktooligosacharydy (FOS), suszony nagietek (\u017ar\u00f3d\u0142o luteiny).<\/p>\n<p><b><\/b><\/p>\n<p><b>Dodatki dietetyczne (na kg):<\/b>\u00a0witamina A (3a672a) \u2013 18000 IU, witamina D3 (3a671) \u2013 1500 IU, witamina E (3a700) \u2013 530 mg, kwas foliowy (3a316) \u2013 1 mg, biotyna (3a880) \u2013 1 mg, siarczan jednowodny \u017celaza (II) (3b103) \u2013 50 mg, jodan wapnia bezwodny (3b202) \u2013 1,5 mg,\u00a0\u00a0pentahydrat siarczanu miedzi (II) (3b405) \u2013 5 mg, monohydrat siarczanu manganu (3b503) \u2013 20 mg, monohydrat siarczanu cynku (3b605) \u2013 115 mg,selenin sodu (3b801) \u2013 0,1 mg.<\/p>\n<p><b>Dodatki technologiczne:\u00a0<\/b>ekstrakt z rozmarynu, ekstrakty tokoferolu z olej\u00f3w ro\u015blinnych (1b306(i)).<\/p>\n<p>&nbsp;<\/p>\n<p><b>Sk\u0142adniki analityczne:<\/b>\u00a0Bia\u0142ko surowe \u2013 27%, w\u0142\u00f3kno surowe \u2013 3%, t\u0142uszcz surowy \u2013 16%, popi\u00f3\u0142 surowy \u2013 8,5%, wap\u0144 \u2013 1,4%, fosfor \u2013 1%, potas \u2013 0,6%, s\u00f3d \u2013 0,4%, kwasy t\u0142uszczowe Omega-3 \u2013 0,46%, kwasy t\u0142uszczowe Omega-6 \u2013 2,55%.<\/p>\n","protected":false},"excerpt":{"rendered":"<p>Nature&#8217;s Protection Puppy Starter Salmon with Krill All Breeds PE\u0141NOPORCJOWA SUCHA KARMA Z \u0141OSOSIEM I KRYLEM ANTARKTYCZNYM DLA SZCZENI\u0104T WSZYSTKICH RAS W OKRESIE ODSTAWIANIA OD MATKI Od 4-12 tygodnia \u017cycia. &#8211; W 100% kompletne i zr\u00f3wnowa\u017cone po\u017cywienie zapewniaj\u0105ce szczeniakom optymalny start w newralgicznym okresie ich \u017cycia. &#8211; Odpowiednia tak\u017ce dla karmi\u0105cych suk, aby szczeniaki mog\u0142y&hellip;<\/p>\n","protected":false},"featured_media":19317,"template":"","meta":[],"product_cat":[70,76,77,395,197],"product_tag":[481,125,617,124,398],"_links":{"self":[{"href":"https:\/\/sklep.nowyork.pl\/index.php\/wp-json\/wp\/v2\/product\/19318"}],"collection":[{"href":"https:\/\/sklep.nowyork.pl\/index.php\/wp-json\/wp\/v2\/product"}],"about":[{"href":"https:\/\/sklep.nowyork.pl\/index.php\/wp-json\/wp\/v2\/types\/product"}],"wp:featuredmedia":[{"embeddable":true,"href":"https:\/\/sklep.nowyork.pl\/index.php\/wp-json\/wp\/v2\/media\/19317"}],"wp:attachment":[{"href":"https:\/\/sklep.nowyork.pl\/index.php\/wp-json\/wp\/v2\/media?parent=19318"}],"wp:term":[{"taxonomy":"product_cat","embeddable":true,"href":"https:\/\/sklep.nowyork.pl\/index.php\/wp-json\/wp\/v2\/product_cat?post=19318"},{"taxonomy":"product_tag","embeddable":true,"href":"https:\/\/sklep.nowyork.pl\/index.php\/wp-json\/wp\/v2\/product_tag?post=19318"}],"curies":[{"name":"wp","href":"https:\/\/api.w.org\/{rel}","templated":true}]}}