{"id":19437,"date":"2024-06-30T22:11:54","date_gmt":"2024-06-30T20:11:54","guid":{"rendered":"https:\/\/sklep.nowyork.pl\/?post_type=product&#038;p=19437"},"modified":"2024-06-30T22:12:47","modified_gmt":"2024-06-30T20:12:47","slug":"np-weight-control-sterilised-poultry-krill-4kg","status":"publish","type":"product","link":"https:\/\/sklep.nowyork.pl\/index.php\/produkt\/np-weight-control-sterilised-poultry-krill-4kg\/","title":{"rendered":"NP WEIGHT CONTROL STERILISED POULTRY &#038; KRILL 4KG"},"content":{"rendered":"<p style=\"font-weight: 400;\"><b><strong>Nature&#8217;s Protection Weight Control Sterilised Poultry with Krill Adult All Breeds<\/strong><\/b><\/p>\n<p><b><strong>PE\u0141NOPORCJOWA SUCHA KARMA O OBNI\u017bONEJ ZAWARTO\u015aCI KALORII Z DROBIEM I KRYLEM ANTARKTYCZNYM DLA DOROS\u0141YCH PS\u00d3W WSZYSTKICH RAS PO STERYLIZACJI LUB Z TENDENCJ\u0104 DO NADWAGI<\/strong><\/b><\/p>\n<p style=\"font-weight: 400;\"><b><strong>Od 1 roku \u017cycia.<\/strong><\/b><\/p>\n<p><span style=\"font-weight: 400;\"><b><strong><br \/>\n<\/strong><\/b>&#8211; Specjalnie zaprojektowana, bardzo smaczna i lekkostrawna formu\u0142a\u00a0dla ps\u00f3w z tendencj\u0105 do nadwagi lub obni\u017conym poziomem aktywno\u015bci.<br \/>\n&#8211; W 100% kompletne i zr\u00f3wnowa\u017cone po\u017cywienie, zawieraj\u0105ce unikalny kryl antarktyczny oraz\u00a0o 35% mniej t\u0142uszczu, ni\u017c przeci\u0119tna karma dla doros\u0142ych ps\u00f3w.<br \/>\n&#8211; G\u0142\u00f3wnym sk\u0142adnikiem bia\u0142ka jest mi\u0119so\u00a0z kurczaka.<br \/>\n&#8211; Starannie dobrane \u017ar\u00f3d\u0142a w\u0119glowodan\u00f3w daj\u0105 poczucie syto\u015bci bez zmniejszania warto\u015bci od\u017cywczej przez \u201ezapychanie\u201d.<br \/>\n&#8211; Zawarto\u015b\u0107 kwas\u00f3w t\u0142uszczowych Omega 3 i 6 pomaga psu utrzyma\u0107 l\u015bni\u0105c\u0105 sier\u015b\u0107, podczas redukowania masy cia\u0142a.<br \/>\n&#8211; Zawiera L-karnityn\u0119 dla pobudzenia metabolizmu i gospodarki t\u0142uszczowej organizmu.<\/span><\/p>\n<p style=\"font-weight: 400;\">&#8211; Karma nie zawiera pszenicy.<\/p>\n<p style=\"font-weight: 400;\"><b><strong>Sk\u0142ad:<\/strong><\/b>\u00a0mi\u0119so drobiowe 35% (suszone i drobno zmielone), ry\u017c, sorgo, j\u0119czmie\u0144, kukurydza, t\u0142uszcz drobiowy, m\u0105czka z kryla (min. 4%), pulpa buraczana, groszek, siemi\u0119 lniane, dynamicznie mikronizowany klinoptylolit (1%), dro\u017cd\u017ce piwowarskie, ekstrakt z cykorii, mannanooligosacharydy (MOS), m\u0105czka z nagietka, ekstrakt z juki.<\/p>\n<p style=\"font-weight: 400;\"><b><strong>Dodatki\/1 kg: dodatki dietetyczne:<\/strong><\/b>\u00a0witamina A (3a672a) \u2013 18000 IU, witamina D3 (3a671) \u2013 1500 IU, witamina E (3a700) \u2013 530 mg, siarczan jednowodny \u017celaza (II) (3b103) \u2013 50 mg,\u00a0 jodan wapnia bezwodny (3b202) \u2013 1,5 mg, pentahydrat siarczanu miedzi (II) (3b405) \u2013 5 mg, monohydrat siarczanu manganu (3b503) \u2013 20 mg, monohydrat siarczanu cynku (3b605) \u2013 115 mg, selenin sodu (3b801) \u2013 0,1 mg, L-karnityna (3a910) \u2013 100 mg.<\/p>\n<p style=\"font-weight: 400;\"><b><strong>Dodatki technologiczne:<\/strong><\/b>\u00a0ekstrakt z rozmarynu, ekstrakty tokoferolu z olej\u00f3w ro\u015blinnych (1b306(i)). Sk\u0142adniki analityczne: bia\u0142ko surowe \u2013 21%, surowe oleje i t\u0142uszcze \u2013 10%, popi\u00f3\u0142 surowy \u2013 6,3%, w\u0142\u00f3kno surowe \u2013 2,5%, wap\u0144 \u2013 0,8%, fosfor \u2013 0,7%, potas \u2013 0,6%, s\u00f3d \u2013 0,3%, kwasy t\u0142uszczowe Omega-3 \u2013 0,32%, kwasy t\u0142uszczowe Omega-6 \u2013 1,72%.<\/p>\n","protected":false},"excerpt":{"rendered":"<p>&nbsp;<\/p>\n<p>&nbsp;<\/p>\n","protected":false},"featured_media":19438,"template":"","meta":[],"product_cat":[70,76,77,394,197],"product_tag":[1662,125,617,124],"_links":{"self":[{"href":"https:\/\/sklep.nowyork.pl\/index.php\/wp-json\/wp\/v2\/product\/19437"}],"collection":[{"href":"https:\/\/sklep.nowyork.pl\/index.php\/wp-json\/wp\/v2\/product"}],"about":[{"href":"https:\/\/sklep.nowyork.pl\/index.php\/wp-json\/wp\/v2\/types\/product"}],"wp:featuredmedia":[{"embeddable":true,"href":"https:\/\/sklep.nowyork.pl\/index.php\/wp-json\/wp\/v2\/media\/19438"}],"wp:attachment":[{"href":"https:\/\/sklep.nowyork.pl\/index.php\/wp-json\/wp\/v2\/media?parent=19437"}],"wp:term":[{"taxonomy":"product_cat","embeddable":true,"href":"https:\/\/sklep.nowyork.pl\/index.php\/wp-json\/wp\/v2\/product_cat?post=19437"},{"taxonomy":"product_tag","embeddable":true,"href":"https:\/\/sklep.nowyork.pl\/index.php\/wp-json\/wp\/v2\/product_tag?post=19437"}],"curies":[{"name":"wp","href":"https:\/\/api.w.org\/{rel}","templated":true}]}}