{"id":19574,"date":"2024-07-04T15:07:13","date_gmt":"2024-07-04T13:07:13","guid":{"rendered":"https:\/\/sklep.nowyork.pl\/?post_type=product&#038;p=19574"},"modified":"2024-07-04T15:08:09","modified_gmt":"2024-07-04T13:08:09","slug":"np-sc-natures-protection-superior-care-dark-cats-grain-free-herring-adult-all-breeds-400g","status":"publish","type":"product","link":"https:\/\/sklep.nowyork.pl\/index.php\/produkt\/np-sc-natures-protection-superior-care-dark-cats-grain-free-herring-adult-all-breeds-400g\/","title":{"rendered":"NP SC NATURE&#8217;S PROTECTION SUPERIOR CARE DARK CATS GRAIN FREE HERRING ADULT ALL BREEDS 400G"},"content":{"rendered":"<p><b>Nature&#8217;s Protection Superior Care Dark Cats Grain Free with Herring Adult All Breeds<\/b><br \/>\n<b>PE\u0141NOPORCJOWA SUCHA KARMA ZE \u015aLEDZIEM DLA DOROS\u0141YCH KOT\u00d3W O CZARNYM I CIEMNYM UMASZCZENIU<\/b><\/p>\n<p>&nbsp;<\/p>\n<p><b>Od 1 roku \u017cycia.<\/b><\/p>\n<p>&nbsp;<\/p>\n<p>Najpopularniejsze koty z ciemnym i czarnym futrem:<br \/>\n&#8211; Rosyjski niebieski;<br \/>\n&#8211; Turecka Angora:<br \/>\n&#8211; Brytyjski kr\u00f3tkow\u0142osy.<\/p>\n<p>&nbsp;<\/p>\n<p><b>Nasi dietetycy\u00a0wraz z ekspertami weterynarii i \u017cywienia zwierz\u0105t, wykorzystali swoje badania i technologie produkcyjne w celu z\u0142agodzenia problem\u00f3w kot\u00f3w z bia\u0142\u0105 i jasn\u0105 sier\u015bci\u0105, rudych oraz czarnych. Ze wzgl\u0119du na kolor sier\u015bci i stan sk\u00f3ry, jak i utrzymanie uk\u0142adu moczowego w zdrowiu, koty te wymagaj\u0105 rozwi\u0105za\u0144 \u201eszytych na miar\u0119\u201d, kt\u00f3re mo\u017cna zapewni\u0107 poprzez najnowocze\u015bniejsze \u017cywienie.<\/b><\/p>\n<p>&nbsp;<\/p>\n<p>G\u0142\u00f3wnym \u017ar\u00f3d\u0142em bia\u0142ka jest\u00a0<b>\u015bled\u017a<\/b>\u00a0&#8211; wysokiej jako\u015bci chude bia\u0142ko, dostarczaj\u0105ce organizmowi potrzebnych aminokwas\u00f3w, kt\u00f3re s\u0105 niezb\u0119dne do budowy mocnych mi\u0119\u015bni, zdrowej sk\u00f3ry i l\u015bni\u0105cej sier\u015bci. To warto\u015bciowe \u017ar\u00f3d\u0142o witamin i minera\u0142\u00f3w bardzo korzystnych dla kot\u00f3w (dostarcza m.in. witamin\u0119<span lang=\"EN-GB\">\u00a0D, B\u2081\u2082\u00a0<\/span>i selen)<span lang=\"EN-GB\">.\u00a0<\/span>Dodatkowo zawiera kwasy\u00a0<span lang=\"EN-US\">Omega-3<\/span>, kt\u00f3re wspieraj\u0105 prawid\u0142ow\u0105 prac\u0119 m\u00f3zgu, wzrok oraz sk\u00f3r\u0119 i sier\u015b\u0107. Bia\u0142ko \u015bledzia jest \u0142atwostrawne, wspiera zdrowe trawienie i redukuje ryzyko chor\u00f3b uk\u0142adu trawiennego.<\/p>\n<p>&nbsp;<\/p>\n<p><b><span lang=\"EN-GB\">DCE Complex (Dark Coat Enhancer Balanced Amino Acid Complex)\u00a0<\/span><\/b>to kompleks zbalansowanych aminokwas\u00f3w, kt\u00f3ry wspiera produkcj\u0119 czarnego pigmentu sier\u015bci.<\/p>\n<p>&nbsp;<\/p>\n<p>Zwi\u0119kszona ilo\u015b\u0107 biotyny (witaminy\u00a0<span lang=\"EN-GB\">B<sub>7<\/sub><\/span>),\u00a0wspiera zdrowie kociej sk\u00f3ry, sier\u015bci i pazur\u00f3w. Kwasy t\u0142uszczowe\u00a0<span lang=\"LT\">O<\/span><span lang=\"EN-US\">mega<\/span><span lang=\"LT\">&#8211;<\/span><span lang=\"EN-US\">6\u00a0<\/span>i\u00a0<span lang=\"LT\">O<\/span><span lang=\"EN-US\">mega-3\u00a0<\/span>wzmacniaj\u0105 funkcje ochronne sk\u00f3ry oraz utrzymuj\u0105 sier\u015b\u0107 zdrow\u0105 i b\u0142yszcz\u0105c\u0105.<\/p>\n<p>&nbsp;<\/p>\n<p>Sk\u0142adniki karmy s\u0105\u00a0<b>bogate w celuloz\u0119 i b\u0142onnik<\/b>, wi\u0119c pomagaj\u0105 w przemieszczaniu si\u0119 w\u0142os\u00f3w przez uk\u0142ad trawienny i zapobiegaj\u0105 ich utkni\u0119ciu w \u017co\u0142\u0105dku.<span style=\"font-family: Calibri;\">\u00a0<\/span>Karmy o wysokiej smakowito\u015bci, stworzone ze sk\u0142adnik\u00f3w najwy\u017cszej jako\u015bci. Maj\u0105 wysok\u0105 strawno\u015b\u0107, dzi\u0119ki czemu stolce s\u0105 niewielkie i zwarte.<\/p>\n<p>&nbsp;<\/p>\n<p><b><span lang=\"EN-US\">DL-Met<\/span><\/b><b>ionina<\/b>\u00a0efektywnie redukuje ryzyko powstawania kamieni i kryszta\u0142\u00f3w w uk\u0142adzie moczowym.<span style=\"font-family: Calibri;\">\u00a0<\/span><span lang=\"EN-US\">Sprawia, \u017ce<\/span>\u00a0poziom\u00a0<span lang=\"EN-US\">pH\u00a0<\/span>moczu<span lang=\"EN-US\">\u00a0jest bardziej kwa\u015bny<\/span>, a przez to mniej sprzyjaj\u0105cy tworzeniu si\u0119 kryszta\u0142\u00f3w i kamieni struwitowych. Pomaga zapobiega\u0107 rozwojowi problem\u00f3w z drogami moczowymi i utrzymuje kota w zdrowiu.<\/p>\n<p>&nbsp;<\/p>\n<p>Starannie zbalansowane\u00a0<b>aminokwasy i zwi\u0119kszona ilo\u015b\u0107 biotyny<\/b>\u00a0<span lang=\"EN-US\">(<\/span>w<span lang=\"EN-US\">itamin<\/span>y<span lang=\"EN-US\">\u00a0B<sub>7<\/sub>)\u00a0<\/span>pomagaj\u0105 od\u015bwie\u017cy\u0107 i roz\u015bwietla\u0107 matowy kolor sier\u015bci oraz utrzymuj\u0105 zdrowy stan sk\u00f3ry.<\/p>\n<p>&nbsp;<\/p>\n<p>&nbsp;<\/p>\n<p>&nbsp;<\/p>\n<p><b>Sk\u0142ad:<\/b>\u00a0\u015bled\u017a (suszony i drobno zmielony \u2013 47%), suszona pulpa ziemniaczana, bia\u0142ko grochu, groszek, t\u0142uszcz drobiowy, bia\u0142ko ziemniaczane, pulpa buraczana, nasiona lnu, dynamicznie mikronizowany klinoptylolit (1%), olej z \u0142ososia, dro\u017cd\u017ce piwne, proszek jajeczny, mannanooligosacharydy (MOS), ekstrakt z cykorii, jukka mojave, zielona herbata (0,05%), m\u0105czka z nagietka (0,02%).<\/p>\n<p>&nbsp;<\/p>\n<p>&nbsp;<\/p>\n<p>&nbsp;<\/p>\n<p><b>Dodatki dietetyczne\/1kg:<\/b>\u00a0witamina A (3a672a) \u2013 25 000 j.m., Witamina D3 (3a671)* \u2013 1875 j.m., witamina E (3a700)\u2013 688 mg, siarczan \u017celaza (II) monohydrat (3b103) \u2013 62,5mg, bezwodny jodan wapnia (3b202) &#8211; 1,9mg, pentahydrat siarczanu miedzi (II) (3b405) \u2013 6,3mg, monohydrat siarczanu manganu (3b503) \u2013 25mg, monohydrat siarczanu cynku (3b605) \u2013 143,75mg, selenin sodu (3b801) \u2013 0,125mg, tauryna (3a370) &#8211; 1250mg, DL-metionina czysta technicznie (3c301) &#8211; 5000mg, L-tyrozyna (3c401) \u2013 500mg, L-cystyna (3c391) \u2013 1000mg, L-tryptofan (3c440) \u2013 500mg.\u00a0\u00a0*R\u00f3wnoczesne podawanie witaminy\u00a0<span lang=\"EN-GB\">D\u2082\u00a0<\/span>jest zabronione.<\/p>\n<p>&nbsp;<\/p>\n<p><b>Dodatki technologiczne:\u00a0<\/b>wyci\u0105g z rozmarynu, ekstrakty tokoferolu z olej\u00f3w ro\u015blinnych (1b306(i)).<\/p>\n<p>&nbsp;<\/p>\n<p><b>Sk\u0142adniki analityczne:<\/b>\u00a0bia\u0142ko surowe \u2013 33%, t\u0142uszcz surowy \u2013 15,5%, popi\u00f3\u0142 surowy \u2013 7,2%, w\u0142\u00f3kno surowe \u2013 2%, wap\u0144 \u2013 1,2%, fosfor \u2013 0,9%, potas \u2013 0,6%, s\u00f3d \u2013 0,4%, Omega-3 &#8211; 0,68%, Omega-6 \u2013 3,45%.<\/p>\n<p>&nbsp;<\/p>\n<p><b>Tabela dawkowania:<\/b><\/p>\n<p>&nbsp;<\/p>\n<table border=\"1\" cellspacing=\"0\" cellpadding=\"0\">\n<tbody>\n<tr>\n<td valign=\"top\" width=\"302\">\n<p align=\"center\"><b>Waga doros\u0142ego kota (kg)<\/b><\/p>\n<\/td>\n<td valign=\"top\" width=\"302\">\n<p align=\"center\"><b>Dzienna dawka (g)<\/b><\/p>\n<\/td>\n<\/tr>\n<tr>\n<td valign=\"top\" width=\"302\">\n<p align=\"center\">1-2<\/p>\n<\/td>\n<td valign=\"top\" width=\"302\">\n<p align=\"center\">21-44<\/p>\n<\/td>\n<\/tr>\n<tr>\n<td valign=\"top\" width=\"302\">\n<p align=\"center\">2-3<\/p>\n<\/td>\n<td valign=\"top\" width=\"302\">\n<p align=\"center\">44-57<\/p>\n<\/td>\n<\/tr>\n<tr>\n<td valign=\"top\" width=\"302\">\n<p align=\"center\">3-4<\/p>\n<\/td>\n<td valign=\"top\" width=\"302\">\n<p align=\"center\">57-69<\/p>\n<\/td>\n<\/tr>\n<tr>\n<td valign=\"top\" width=\"302\">\n<p align=\"center\">4-5<\/p>\n<\/td>\n<td valign=\"top\" width=\"302\">\n<p align=\"center\">69-81<\/p>\n<\/td>\n<\/tr>\n<tr>\n<td valign=\"top\" width=\"302\">\n<p align=\"center\">5-6<\/p>\n<\/td>\n<td valign=\"top\" width=\"302\">\n<p align=\"center\">81-91<\/p>\n<\/td>\n<\/tr>\n<tr>\n<td valign=\"top\" width=\"302\">\n<p align=\"center\">6-7<\/p>\n<\/td>\n<td valign=\"top\" width=\"302\">\n<p align=\"center\">91-101<\/p>\n<\/td>\n<\/tr>\n<tr>\n<td valign=\"top\" width=\"302\">\n<p align=\"center\">7-8<\/p>\n<\/td>\n<td valign=\"top\" width=\"302\">\n<p align=\"center\">101-110<\/p>\n<\/td>\n<\/tr>\n<\/tbody>\n<\/table>\n","protected":false},"excerpt":{"rendered":"<p>&nbsp;<\/p>\n<p>&nbsp;<\/p>\n","protected":false},"featured_media":19575,"template":"","meta":[],"product_cat":[71,145,146,605,197],"product_tag":[334,125,617],"_links":{"self":[{"href":"https:\/\/sklep.nowyork.pl\/index.php\/wp-json\/wp\/v2\/product\/19574"}],"collection":[{"href":"https:\/\/sklep.nowyork.pl\/index.php\/wp-json\/wp\/v2\/product"}],"about":[{"href":"https:\/\/sklep.nowyork.pl\/index.php\/wp-json\/wp\/v2\/types\/product"}],"wp:featuredmedia":[{"embeddable":true,"href":"https:\/\/sklep.nowyork.pl\/index.php\/wp-json\/wp\/v2\/media\/19575"}],"wp:attachment":[{"href":"https:\/\/sklep.nowyork.pl\/index.php\/wp-json\/wp\/v2\/media?parent=19574"}],"wp:term":[{"taxonomy":"product_cat","embeddable":true,"href":"https:\/\/sklep.nowyork.pl\/index.php\/wp-json\/wp\/v2\/product_cat?post=19574"},{"taxonomy":"product_tag","embeddable":true,"href":"https:\/\/sklep.nowyork.pl\/index.php\/wp-json\/wp\/v2\/product_tag?post=19574"}],"curies":[{"name":"wp","href":"https:\/\/api.w.org\/{rel}","templated":true}]}}