{"id":19680,"date":"2024-07-04T16:23:28","date_gmt":"2024-07-04T14:23:28","guid":{"rendered":"https:\/\/sklep.nowyork.pl\/?post_type=product&#038;p=19680"},"modified":"2024-07-04T16:24:05","modified_gmt":"2024-07-04T14:24:05","slug":"np-weight-control-adult-cat-chicken-with-salmon-and-tuna-100-g","status":"publish","type":"product","link":"https:\/\/sklep.nowyork.pl\/index.php\/produkt\/np-weight-control-adult-cat-chicken-with-salmon-and-tuna-100-g\/","title":{"rendered":"NP WEIGHT CONTROL ADULT CAT CHICKEN WITH SALMON AND TUNA 100 G"},"content":{"rendered":"<p><b><span lang=\"LT\">Nature&#8217;s Protection\u00a0Adult Weight Control Chicken with Salmon and Tuna 100 g<\/span><\/b><\/p>\n<p>&nbsp;<\/p>\n<p><b><span lang=\"LT\">KOMPLETNA MOKRA KARMA BEZ ZB\u00d3\u017b, Z KURCZAKIEM, \u0141OSOSIEM I TU\u0143CZYKIEM DLA UTRZYMANIA PRAWID\u0141OWEJ WAGI DOROS\u0141YCH KOT\u00d3W<\/span><\/b><\/p>\n<p>&nbsp;<\/p>\n<p><b><span lang=\"LT\"><span style=\"font-family: Verdana; font-size: large;\">Od 1 roku \u017cycia.<\/span><\/span><\/b><\/p>\n<p>&nbsp;<\/p>\n<p><span lang=\"LT\"><span style=\"font-family: Verdana;\">\u00a0<\/span><\/span><\/p>\n<p>&nbsp;<\/p>\n<p><span style=\"font-family: Verdana;\">&#8211;\u00a0Mi\u0119kkie, \u0142atwe do prze\u017cucia kawa\u0142ki mi\u0119sa w pysznym sosie.\u00a0Bez sztucznych barwnik\u00f3w i wzmacniaczy smaku.\u00a0Do produkcji saszetek wykorzystywane s\u0105 najwy\u017cszej jako\u015bci surowce, minera\u0142y i witaminy.<\/span><\/p>\n<p>&nbsp;<\/p>\n<p><span style=\"font-family: Verdana;\"><span lang=\"LT\">&#8211;\u00a0<\/span>Karma zosta\u0142a stworzona, aby wspomaga\u0107 optymaln\u0105 wag\u0119 cia\u0142a doros\u0142ych kot\u00f3w.\u00a0Kurczak, \u0142oso\u015b i tu\u0144czyk to \u0142atwo przyswajalne bia\u0142ka pochodzenia zwierz\u0119cego, wspomagaj\u0105ce utrzymanie prawid\u0142owego napi\u0119cia mi\u0119\u015bniowego.\u00a0Dostarczaj\u0105 organizmowi zbilansowan\u0105 ilo\u015b\u0107 aminokwas\u00f3w zapewniaj\u0105cych zdrowe i d\u0142u\u017csze \u017cycie.<\/span><\/p>\n<p>&nbsp;<\/p>\n<p>&nbsp;<\/p>\n<p><span style=\"font-family: Verdana;\">\u00a0<\/span><\/p>\n<p>&nbsp;<\/p>\n<p><span style=\"font-family: Verdana;\">&#8211; Po\u0142\u0105czenie witamin i minera\u0142\u00f3w\u00a0(witaminy: D3, E, B1, mied\u017a, mangan, cynk, jodek potasu) pomagaj\u0105\u00a0\u00a0w utrzymaniu zdrowego uk\u0142adu odporno\u015bciowego.<\/span><\/p>\n<p>&nbsp;<\/p>\n<p><span style=\"font-family: Verdana;\">\u00a0<\/span><\/p>\n<p>&nbsp;<\/p>\n<p><span style=\"font-family: Verdana;\">&#8211; Karma wzbogacona o tauryn\u0119, niezb\u0119dny aminokwas, kt\u00f3ry jest szczeg\u00f3lnie wa\u017cny dla zdrowego i silnego serca.<\/span><\/p>\n<p>&nbsp;<\/p>\n<p><span lang=\"LT\"><span style=\"font-family: Verdana;\">\u00a0<\/span><\/span><\/p>\n<p>&nbsp;<\/p>\n<p><span style=\"font-family: Verdana;\">&#8211; Specjalna formu\u0142a bez zb\u00f3\u017c &#8211; idealna dla kot\u00f3w z wra\u017cliwym uk\u0142adem pokarmowym.<\/span><\/p>\n<p>&nbsp;<\/p>\n<p><span style=\"font-family: Verdana;\">\u00a0<\/span><\/p>\n<p>&nbsp;<\/p>\n<p><span style=\"font-family: Verdana;\"><b>Sk\u0142ad:\u00a0<\/b>mi\u0119so i produkty pochodzenia zwierz\u0119cego 32% (26% kurczak), ryby i produkty rybne (4% \u0142oso\u015b, 4% tu\u0144czyk), minera\u0142y, produkty ro\u015blinne, r\u00f3\u017cne cukry.<\/span><\/p>\n<p>&nbsp;<\/p>\n<p>&nbsp;<\/p>\n<p>&nbsp;<\/p>\n<p>&nbsp;<\/p>\n<p>&nbsp;<\/p>\n<p><span style=\"font-family: Verdana;\">\u00a0<\/span><\/p>\n<p>&nbsp;<\/p>\n<p><span style=\"font-family: Verdana;\"><b>Dodatki\/1 kg: dodatki dietetyczne:<\/b>\u00a0wit.\u00a0D3 (3a671)* \u2013 300 IU, wit.\u00a0E (3a700) \u2013 100 mg, jednowodny siarczan \u017celaza (II) (3b103) \u2013 2 mg, jodan wapnia bezwodny (3b202) \u2013 0,7 mg, pi\u0119ciowodny siarczan miedzi (II) (3b405) \u2013 2 mg, jednowodny siarczan manganu (3b503) ) \u2013 2 mg, tlenek cynku (3b603) \u2013 10 mg, biotyna (3a880) \u2013 100 \u00b5g, tauryna (3a370) \u2013 1000 mg, DL-metionina technicznie czysta (3c301) \u2013 200 mg.\u00a0* Niedopuszczalne jest jednoczesne stosowanie witaminy D2.<\/span><\/p>\n<p>&nbsp;<\/p>\n<p>&nbsp;<\/p>\n<p>&nbsp;<\/p>\n<p>&nbsp;<\/p>\n<p>&nbsp;<\/p>\n<p><span style=\"font-family: Verdana;\">\u00a0<\/span><\/p>\n<p>&nbsp;<\/p>\n<p><span style=\"font-family: Verdana;\"><b>Sk\u0142adniki analityczne:<\/b>\u00a0bia\u0142ko surowe \u2013 9%, w\u0142\u00f3kno surowe \u2013 0,80%, t\u0142uszcz surowy \u2013 3,50%, popi\u00f3\u0142 surowy \u2013 2,50%, wilgotno\u015b\u0107 \u2013 82%.<\/span><\/p>\n<p>&nbsp;<\/p>\n<p>&nbsp;<\/p>\n<p><span style=\"font-family: Verdana;\"><b>Spos\u00f3b karmienia:\u00a0<\/b><span lang=\"LT\">Podawa\u0107 w temp. pokojowej. Czysta, \u015bwie\u017ca woda powinna by\u0107 ca\u0142y czas \u0142atwo dost\u0119pna.\u00a0<\/span><span lang=\"LT\">Zaleca si\u0119 dostosowa\u0107 dawkowanie do poziomu aktywno\u015bci, wieku i rasy kota.<\/span><\/span><\/p>\n<p>&nbsp;<\/p>\n<p>&nbsp;<\/p>\n<p>&nbsp;<\/p>\n<p><b>Przechowywanie:\u00a0<\/b>Po otwarciu przechowywa\u0107 w lod\u00f3wce\u00a0<span lang=\"LT\">(+4\u00b0C) i zu\u017cy\u0107 w ci\u0105gu 48h.<\/span><\/p>\n","protected":false},"excerpt":{"rendered":"<p>&nbsp;<\/p>\n<p>&nbsp;<\/p>\n","protected":false},"featured_media":19681,"template":"","meta":[],"product_cat":[71,145,147,603,197],"product_tag":[334,125,617],"_links":{"self":[{"href":"https:\/\/sklep.nowyork.pl\/index.php\/wp-json\/wp\/v2\/product\/19680"}],"collection":[{"href":"https:\/\/sklep.nowyork.pl\/index.php\/wp-json\/wp\/v2\/product"}],"about":[{"href":"https:\/\/sklep.nowyork.pl\/index.php\/wp-json\/wp\/v2\/types\/product"}],"wp:featuredmedia":[{"embeddable":true,"href":"https:\/\/sklep.nowyork.pl\/index.php\/wp-json\/wp\/v2\/media\/19681"}],"wp:attachment":[{"href":"https:\/\/sklep.nowyork.pl\/index.php\/wp-json\/wp\/v2\/media?parent=19680"}],"wp:term":[{"taxonomy":"product_cat","embeddable":true,"href":"https:\/\/sklep.nowyork.pl\/index.php\/wp-json\/wp\/v2\/product_cat?post=19680"},{"taxonomy":"product_tag","embeddable":true,"href":"https:\/\/sklep.nowyork.pl\/index.php\/wp-json\/wp\/v2\/product_tag?post=19680"}],"curies":[{"name":"wp","href":"https:\/\/api.w.org\/{rel}","templated":true}]}}