{"id":19723,"date":"2024-07-04T19:18:10","date_gmt":"2024-07-04T17:18:10","guid":{"rendered":"https:\/\/sklep.nowyork.pl\/?post_type=product&#038;p=19723"},"modified":"2024-07-04T19:18:53","modified_gmt":"2024-07-04T17:18:53","slug":"amelum-mieszanka-olejkow-eterycznych-shield-10-ml","status":"publish","type":"product","link":"https:\/\/sklep.nowyork.pl\/index.php\/produkt\/amelum-mieszanka-olejkow-eterycznych-shield-10-ml\/","title":{"rendered":"AMELUM MIESZANKA OLEJK\u00d3W ETERYCZNYCH SHIELD, 10 ML"},"content":{"rendered":"<pre><strong>Mieszanka olejk\u00f3w eterycznych AMELUM<\/strong><\/pre>\n<p>&nbsp;<\/p>\n<p>Mieszanka kropli olejk\u00f3w eterycznych chroni przed niepo\u017c\u0105danymi bakteriami, wzmacnia uk\u0142ad odporno\u015bciowy i stabilizuje stan emocjonalny.<br \/>\nUnikalna kompozycja 14 czystych olejk\u00f3w eterycznych mo\u017ce pom\u00f3c wspiera\u0107 naturalne funkcje uk\u0142adu odporno\u015bciowego, u\u0142atwia\u0107 oddychanie i chroni\u0107 przed niepo\u017c\u0105danymi bakteriami. Mo\u017ce r\u00f3wnie\u017c pom\u00f3c wspiera\u0107 jasno\u015b\u0107 my\u015blenia i og\u00f3lny stan zdrowia.<\/p>\n<p>&nbsp;<\/p>\n<p><b>Boswellia Serrata:<\/b><br \/>\nCzysty, cytrusowy zapach olejku Frankincense Serrata by\u0142 wspominany w staro\u017cytnych mitach i u\u017cywany w \u015bwi\u0119tych ceremoniach, a jego w\u0142a\u015bciwo\u015bci lecznicze uczyni\u0142y go integraln\u0105 cz\u0119\u015bci\u0105 medycyny ajurwedyjskiej. Olejek jest powszechnie stosowany do \u0142agodzenia niewielkich b\u00f3l\u00f3w i stan\u00f3w zapalnych zwi\u0105zanych z b\u00f3lami g\u0142owy i napi\u0119ciem mi\u0119\u015bni. Przynosi ulg\u0119 uk\u0142adowi oddechowemu i pomaga usun\u0105\u0107 przekrwienie. Olejek zawiera w\u0142a\u015bciwo\u015bci przeciwbakteryjne, kt\u00f3re pomagaj\u0105 niszczy\u0107 szkodliwe mikroby i bakterie, zar\u00f3wno na ciele, jak i na powierzchniach. Olejek z kadzid\u0142owca cytrusowego oferuje szeroki zakres w\u0142a\u015bciwo\u015bci przeciwstarzeniowych: mo\u017ce usun\u0105\u0107 zmarszczki, znacznie zmniejszy\u0107 widoczno\u015b\u0107 blizn, oczy\u015bci\u0107 tr\u0105dzik i inne skazy, wyblakn\u0105\u0107 rozst\u0119py i leczy\u0107 pop\u0119kan\u0105 lub such\u0105 sk\u00f3r\u0119. Frankincense jest legendarny ze wzgl\u0119du na swoje tradycyjne i \u015bwi\u0119te zastosowania oraz zdolno\u015b\u0107 do przynoszenia g\u0142\u0119bokiego spokoju umys\u0142u, co czyni go idealnym do medytacji.<br \/>\n<b>Sza\u0142wia wonna:<\/b><br \/>\nOlejek z sza\u0142wii muszkato\u0142owej mo\u017ce pom\u00f3c z\u0142agodzi\u0107 niewielki b\u00f3l i stan zapalny, jednocze\u015bnie \u0142agodz\u0105c skurcze mi\u0119\u015bni. Olejek mo\u017ce wzmocni\u0107 os\u0142abiony uk\u0142ad odporno\u015bciowy i pom\u00f3c zmniejszy\u0107 niepo\u017c\u0105dan\u0105 aktywno\u015b\u0107 bakterii. Doskona\u0142e wsparcie dla zdrowych funkcji p\u0142uc, mo\u017ce pom\u00f3c otworzy\u0107 drogi oddechowe podczas niewielkiego ataku astmy.<br \/>\nStosowany w aromaterapii, olejek z sza\u0142wii muszkato\u0142owej podnosi na duchu i poprawia nastr\u00f3j. Jest doskona\u0142ym wyborem do stosowania w mieszankach do zarz\u0105dzania sytuacyjnym niepokojem i promowania spokojnego snu, olejek \u0142agodzi napi\u0119cie wynikaj\u0105ce z codziennego stresu i utrzymuje poczucie spokoju. Olejek sza\u0142wiowy pozwala na swobodny przep\u0142yw tw\u00f3rczej inspiracji, cz\u0119sto pomaga w czasach niezdecydowania lub emocjonalnego zamieszania. Jest r\u00f3wnie\u017c uwa\u017cany za silny afrodyzjak w wielu kulturach i mo\u017ce by\u0107 przydatny w obszarach zdrowia seksualnego.<br \/>\n<b>Lawenda:<\/b><br \/>\nCh\u0142odz\u0105cy, relaksuj\u0105cy i poprawiaj\u0105cy nastr\u00f3j, Olejek Lawendowy jest uprawiany na ca\u0142ym \u015bwiecie od tysi\u0119cy lat. Jest szeroko stosowany w aromaterapii i dzia\u0142a jako naturalny \u015brodek u\u0142atwiaj\u0105cy zasypianie. Olejek lawendowy jest przydatny w tworzeniu mieszanek, kt\u00f3re pomagaj\u0105 w oczyszczaniu, \u0142agodzeniu b\u00f3lu i stan\u00f3w zapalnych oraz wspomagaj\u0105 gojenie si\u0119 sk\u00f3ry. Jest to doskona\u0142y wyb\u00f3r do promowania lepszego zdrowia i blasku sk\u00f3ry. Olejek lawendowy ma naturalne w\u0142a\u015bciwo\u015bci odstraszaj\u0105ce owady i jest stosowany w tego typu produktach. Jego koj\u0105ce dzia\u0142anie mo\u017ce nawet pom\u00f3c pozby\u0107 si\u0119 uk\u0105sze\u0144 i u\u017c\u0105dle\u0144 owad\u00f3w. Stosowany w aromaterapii, olejek lawendowy ma dzia\u0142anie ch\u0142odz\u0105ce i osuszaj\u0105ce, kt\u00f3re pomaga zrelaksowa\u0107 umys\u0142, z\u0142agodzi\u0107 niepok\u00f3j i depresj\u0119 oraz wywo\u0142a\u0107 spok\u00f3j. Olejek mo\u017ce pom\u00f3c w okresie menopauzy i mo\u017ce pochwali\u0107 si\u0119 rzadk\u0105 zdolno\u015bci\u0105 do uspokajania napi\u0119tych nerw\u00f3w i emocji spowodowanych cyklem hormonalnym.<br \/>\n<b>Mi\u0119ta pieprzowa:<\/b><br \/>\nOlejek z mi\u0119ty pieprzowej, o \u015bwie\u017cym, intensywnym mi\u0119towym aromacie, jest dobrze znany ze swoich w\u0142a\u015bciwo\u015bci, kt\u00f3re mog\u0105 pom\u00f3c w \u0142agodzeniu problem\u00f3w trawiennych oraz z w\u0142a\u015bciwo\u015bci przeciwzapalnych, przeciwbakteryjnych. Olejek z mi\u0119ty pieprzowej ma dzia\u0142anie stymuluj\u0105ce uk\u0142ad odporno\u015bciowy, a tak\u017ce w\u0142a\u015bciwo\u015bci ch\u0142odz\u0105ce, kt\u00f3re od\u015bwie\u017caj\u0105 cia\u0142o i zmys\u0142y. Stosowany jako \u015brodek przeciw nudno\u015bciom, olejek ma w\u0142a\u015bciwo\u015bci, kt\u00f3re mog\u0105 by\u0107 r\u00f3wnie\u017c przydatne w zmniejszaniu gaz\u00f3w. Wykazano nawet, \u017ce stosowanie olejku z mi\u0119ty pieprzowej \u0142agodzi objawy choroby Le\u015bniowskiego-Crohna, zapalenia jelita grubego i zespo\u0142u jelita dra\u017cliwego u niekt\u00f3rych pacjent\u00f3w. W\u0142a\u015bciwo\u015bci u\u015bmierzaj\u0105ce b\u00f3l i ch\u0142odz\u0105ce olejku z mi\u0119ty pieprzowej mog\u0105 pom\u00f3c w zmniejszeniu b\u00f3lu przy drobnych skaleczeniach i ranach. Olejek z mi\u0119ty pieprzowej mo\u017ce r\u00f3wnie\u017c stymulowa\u0107 odkrztuszanie i dzia\u0142a jak \u015brodek obkurczaj\u0105cy, co jest dobre dla p\u0142uc. Ch\u0142odny i od\u015bwie\u017caj\u0105cy, olejek z mi\u0119ty pieprzowej pomaga opanowa\u0107 objawy alergii, zapewnia \u015bwie\u017cszy oddech, szybsz\u0105 wydajno\u015b\u0107 umys\u0142ow\u0105 i pomaga lepiej si\u0119 skoncentrowa\u0107.<br \/>\n<b>Jod\u0142a:<\/b><br \/>\nJasny i podnosz\u0105cy na duchu olejek z jod\u0142y balsamicznej jest bardzo zalecany do stosowania w dyfuzorach w celu oczyszczenia \u015brodowiska w pomieszczeniach, a w szczeg\u00f3lno\u015bci, aby pom\u00f3c w odp\u0119dzaniu zaka\u017anych bakterii, kt\u00f3re rozprzestrzeniaj\u0105 si\u0119 w zimnym sezonie. Olejek ten przyczynia si\u0119 do zdrowego funkcjonowania p\u0142uc, zw\u0142aszcza gdy osoba czuje si\u0119 zat\u0142oczona.<br \/>\nOpr\u00f3cz wspierania zdrowych p\u0142uc, je\u017cynowy olejek balsamiczny ma wp\u0142yw na r\u00f3wnowag\u0119 emocjonaln\u0105. Podnosz\u0105cy na duchu, a jednocze\u015bnie uspokajaj\u0105cy, olejek ten jest idealnym wyborem do wdychania po m\u0119cz\u0105cym dniu w mie\u015bcie lub d\u0142ugiej podr\u00f3\u017cy, z ka\u017cdym oddechem staje si\u0119 bardziej orze\u017awiaj\u0105cy. Jest r\u00f3wnie\u017c doskona\u0142y do \u0142agodzenia mi\u0119\u015bni i staw\u00f3w po d\u0142ugim dniu lub intensywnym treningu.<br \/>\nOlejek Petitgrain jest doskona\u0142ym wyborem dla z\u0142agodzenia i ukojenia niechcianych skurcz\u00f3w mi\u0119\u015bni i promowania poczucia r\u00f3wnowagi i spokoju. W produktach do piel\u0119gnacji sk\u00f3ry olejek pomaga zr\u00f3wnowa\u017cy\u0107 produkcj\u0119 sebum i jest skutecznym i \u0142agodnym \u015brodkiem antyseptycznym. Jego w\u0142a\u015bciwo\u015bci przeciwbakteryjne i antybakteryjne sprawiaj\u0105, \u017ce jest przydatny dla sk\u00f3ry z tr\u0105dzikiem i nadmiernym wydzielaniem sebum oraz dla sk\u00f3ry g\u0142owy dotkni\u0119tej \u0142upie\u017cem. Ch\u0142odz\u0105ce dzia\u0142anie tego olejku jest idealne do rozpylania w pomieszczeniach lub do produkcji \u015brodk\u00f3w czyszcz\u0105cych, a tak\u017ce pomaga zmniejszy\u0107 niepo\u017c\u0105dan\u0105 aktywno\u015b\u0107 drobnoustroj\u00f3w. Gorzki olejek cytrynowy ma ch\u0142odz\u0105c\u0105 i osuszaj\u0105c\u0105 energiczno\u015b\u0107, kt\u00f3ra pomaga zrelaksowa\u0107 umys\u0142, z\u0142agodzi\u0107 niepok\u00f3j i depresj\u0119 i wywo\u0142a\u0107 spok\u00f3j. Uwa\u017ca si\u0119, \u017ce ma \u0142agodne w\u0142a\u015bciwo\u015bci euforyczne, kt\u00f3re mog\u0105 pom\u00f3c z\u0142agodzi\u0107 napi\u0119cie wynikaj\u0105ce z codziennego stresu i uspokoi\u0107 umys\u0142. Olejek ma w\u0142a\u015bciwo\u015bci afrodyzjaku i dodaje wyrafinowanej g\u0142\u0119bi mieszankom.<br \/>\n<b>Balsam peruwia\u0144ski:<\/b><br \/>\nDzi\u0119ki bogatemu, waniliowemu aromatowi, olejek z Balsamu Peru jest op\u0142acalnym zamiennikiem dla naturalnych perfumerii, gdy po\u017c\u0105dana jest s\u0142odka nuta wanilii. Jest \u0142atwo rozpuszczalny w alkoholu i jest doskona\u0142ym utrwalaczem w perfumerii naturalnej. G\u0142\u00f3wnym sk\u0142adnikiem Peruvian Balsam Oil jest kwas benzoesowy, kt\u00f3ry ma wyj\u0105tkow\u0105 zdolno\u015b\u0107 do dezynfekcji drobnych zadrapa\u0144 i problem\u00f3w sk\u00f3rnych. Balsam peruwia\u0144ski jest idealny dla wi\u0119kszo\u015bci typ\u00f3w sk\u00f3ry, \u0142agodzi i nadaje naturalny blask, mo\u017ce pom\u00f3c suchej lub szorstkiej, czerwonej sk\u00f3rze. Cz\u0119sto stosowany do piel\u0119gnacji ran i problem\u00f3w sk\u00f3rnych w celu zmniejszenia rozprzestrzeniania si\u0119 zarazk\u00f3w. Mo\u017ce by\u0107 stosowany do \u0142agodzenia niedro\u017cno\u015bci dr\u00f3g oddechowych.<br \/>\nOlejek eteryczny z balsamu peruwia\u0144skiego rozgrzewa, otwiera i pociesza zmys\u0142y. Ten wspania\u0142y aromat pomaga si\u0119 zrelaksowa\u0107, wyciszy\u0107 emocje, napi\u0119cie nerwowe i promuje bardziej spokojne otoczenie.<br \/>\n<b>Cytrusy:<\/b><br \/>\nPerski Olejek Limetkowy jest powszechnie stosowany w przemy\u015ble spo\u017cywczym i napoj\u00f3w oraz przy tworzeniu kompozycji zapachowych. Olejek o zapachu cytrusowym jest cz\u0119stym sk\u0142adnikiem dodawanym do \u015brodk\u00f3w czysto\u015bci, detergent\u00f3w, myde\u0142 i innych produkt\u00f3w kosmetycznych. Mo\u017cna go stosowa\u0107 na powierzchni\u0119 sk\u00f3ry, aby z\u0142agodzi\u0107 podra\u017cnienia sk\u00f3ry i uk\u0105szenia owad\u00f3w. Po odpowiednim rozcie\u0144czeniu, olej ten mo\u017ce pom\u00f3c w usuni\u0119ciu nadmiaru sebum ze sk\u00f3ry i zmniejszy\u0107 uszkodzenia tr\u0105dziku. Efekt od\u015bwie\u017caj\u0105cy promuje m\u0142odzie\u0144czy wygl\u0105d i mo\u017ce pom\u00f3c rozja\u015bni\u0107 ciemne plamy. Olejek z perskiej limonki mo\u017ce by\u0107 stosowany do promowania \u015bwie\u017cszego oddechu, zapewnienia si\u0142y i wzmocnienia w sezonie przezi\u0119bienia i grypy.<br \/>\nJest stosowany w aromaterapii ze wzgl\u0119du na sw\u00f3j od\u015bwie\u017caj\u0105cy i stymuluj\u0105cy efekt oraz w\u0142a\u015bciwo\u015bci oczyszczaj\u0105ce. Mo\u017ce pom\u00f3c w \u0142agodzeniu epizod\u00f3w niepokoju i depresji. Jak wiele olejk\u00f3w cytrusowych, ten olejek eteryczny jest pocieszaj\u0105cy i znajomy, o przyjemnym i od\u015bwie\u017caj\u0105cym dzia\u0142aniu. Olejek przynosi ciep\u0142o i \u015bwiat\u0142o do umys\u0142u, cia\u0142a i ducha. Jest skuteczny przeciwko komarom i chrz\u0105szczom, poniewa\u017c owady reaguj\u0105 negatywnie na zapachy cytrus\u00f3w i unikaj\u0105 ich.<br \/>\n<b>Mi\u0119ta lekarska:<\/b><br \/>\nOlejek eteryczny z mi\u0119ty kukurydzianej jest doskona\u0142ym wyborem do \u0142agodzenia bolesnych skurcz\u00f3w mi\u0119\u015bni i \u0142agodzenia drobnych b\u00f3l\u00f3w i stan\u00f3w zapalnych. Ze wzgl\u0119du na dzia\u0142anie ch\u0142odz\u0105ce jest cz\u0119sto stosowany w produktach do piel\u0119gnacji sk\u00f3ry, aby utrzyma\u0107 j\u0105 zdrow\u0105 i promienn\u0105. Olejek jest r\u00f3wnie\u017c skuteczny w leczeniu sk\u00f3ry poparzonej s\u0142o\u0144cem i \u0142agodzeniu b\u00f3lu spowodowanego oparzeniami s\u0142onecznymi. W\u0142a\u015bciwo\u015bci olejku, kt\u00f3re u\u0142atwiaj\u0105 jego uwalnianie, sprawiaj\u0105, \u017ce jest on skutecznym sposobem walki z tr\u0105dzikiem. Stosowany w produktach do piel\u0119gnacji w\u0142os\u00f3w, mi\u0119towy olejek wnika g\u0142\u0119boko w korzenie, stymuluje mieszki w\u0142osowe i u\u0142atwia kr\u0105\u017cenie krwi, co sprzyja wzrostowi silniejszych i zdrowszych w\u0142os\u00f3w. Olejek jest r\u00f3wnie\u017c szeroko stosowany w produkcji myde\u0142, past do z\u0119b\u00f3w, detergent\u00f3w, kosmetyk\u00f3w, perfum, a w szczeg\u00f3lno\u015bci zapach\u00f3w przemys\u0142owych.<br \/>\nUwa\u017ca si\u0119, \u017ce s\u0142odki mi\u0119towy aromat ma dzia\u0142anie emocjonalne i \u017cyciodajne, zapewniaj\u0105c ulg\u0119 psychiczn\u0105 i stabilno\u015b\u0107 emocjonaln\u0105. Olejek eteryczny z mi\u0119ty pieprzowej mo\u017ce uspokoi\u0107 nastr\u00f3j, jednocze\u015bnie promuj\u0105c otwarto\u015b\u0107, pozytywno\u015b\u0107 i jasno\u015b\u0107 my\u015bli.<br \/>\n<b>Drzewo cytrynowe:<\/b><br \/>\nOlejek z drzewa herbacianego cytrynowego mo\u017ce pom\u00f3c zmniejszy\u0107 rozprzestrzenianie si\u0119 bakterii, grzyb\u00f3w lub wirus\u00f3w oraz wspom\u00f3c funkcjonowanie p\u0142uc i uk\u0142adu oddechowego. Olejek mo\u017ce r\u00f3wnie\u017c pom\u00f3c zmniejszy\u0107 b\u00f3l i stan zapalny, zw\u0142aszcza gdy mamy do czynienia z przewlek\u0142ym stanem zapalnym lub napi\u0119ciem mi\u0119\u015bni. Wiadomo, \u017ce jest niezwykle bogaty w zwi\u0105zek chemiczny cytral, kt\u00f3ry zapewnia wyj\u0105tkowe w\u0142a\u015bciwo\u015bci bakteriob\u00f3jcze, dzi\u0119ki czemu olejek jest doskona\u0142ym dodatkiem do \u015brodk\u00f3w czysto\u015bci. Jest znany jako jeden z najlepszych olejk\u00f3w eterycznych do naturalnych \u015brodk\u00f3w odstraszaj\u0105cych owady.<br \/>\nCytrynowy olejek eteryczny z drzewa herbacianego jest doskona\u0142ym naturalnym \u015brodkiem antyseptycznym w przypadku infekcji sk\u00f3rnych. Olejek natychmiast przenika do zewn\u0119trznych warstw sk\u00f3ry i \u0142\u0105czy si\u0119 z olejkami do cia\u0142a, aby pom\u00f3c w leczeniu uk\u0105sze\u0144 owad\u00f3w, skalecze\u0144, oparze\u0144, tr\u0105dziku, zaka\u017conych ran, siniak\u00f3w i oparze\u0144 s\u0142onecznych. Olejek z cytrynowego drzewa herbacianego ma r\u00f3wnie\u017c w\u0142a\u015bciwo\u015bci antybakteryjne, kt\u00f3re zabijaj\u0105 bakterie rozprzestrzeniaj\u0105ce si\u0119 na sk\u00f3rze i powoduj\u0105ce nieprzyjemny zapach cia\u0142a.<br \/>\nCytrynowy olejek z drzewa herbacianego jest podnosz\u0105cy na duchu i emocjonalnie koj\u0105cy. Ten olejek eteryczny daje jasno\u015b\u0107 umys\u0142u, zwi\u0119ksza pewno\u015b\u0107 siebie i jest bardzo motywuj\u0105cy. Olejek z drzewa herbacianego od\u015bwie\u017ca umys\u0142, cia\u0142o i ducha, zmniejszaj\u0105c zm\u0119czenie emocjonalne i fizyczne.<br \/>\n<b>Eukaliptus:<\/b><br \/>\nOlejek eukaliptusowy to doskona\u0142y wyb\u00f3r o niesamowitych w\u0142a\u015bciwo\u015bciach leczniczych. Olejek jest przydatny w promowaniu zdrowych funkcji p\u0142uc i uk\u0142adu oddechowego oraz zmniejszaniu rozprzestrzeniania si\u0119 bakterii, wirus\u00f3w lub grzyb\u00f3w. Jest r\u00f3wnie\u017c skuteczny jako pomoc w przypadku obola\u0142ych lub przepracowanych mi\u0119\u015bni i staw\u00f3w z powodu nadmiernej eksploatacji, takiej jak ci\u0119\u017cki trening na si\u0142owni, lub naturalnych zmian w stawach, kt\u00f3re wyst\u0119puj\u0105 z wiekiem. Od\u015bwie\u017caj\u0105ce w\u0142a\u015bciwo\u015bci mi\u0119towego olejku eukaliptusowego mog\u0105 pom\u00f3c o\u017cywi\u0107 zm\u0119czone stopy po d\u0142ugim dniu w relaksuj\u0105cej k\u0105pieli dla st\u00f3p. Mo\u017cna go r\u00f3wnie\u017c miesza\u0107 z domowymi \u015brodkami czysto\u015bci, aby nada\u0107 im \u015bwie\u017cszy zapach i zwi\u0119kszy\u0107 skuteczno\u015b\u0107. Ten olejek eteryczny mo\u017ce pom\u00f3c w wyg\u0142adzeniu i uj\u0119drnieniu sk\u00f3ry, zw\u0142aszcza je\u015bli na sk\u00f3rze wyst\u0119puj\u0105 plamy pigmentowe.<br \/>\nW aromaterapii olejek z mi\u0119ty eukaliptusowej jest cz\u0119sto stosowany do oczyszczania umys\u0142u, cia\u0142a i ducha, zw\u0142aszcza gdy celem jest zmniejszenie negatywnych emocji. Olejek kojarzy si\u0119 z \u0142agodzeniem \u017calu i smutku, otwieraniem serca i intelektu, a jednocze\u015bnie przynosi r\u00f3wnowag\u0119 emocjom.<br \/>\n<b>Mirt cytrynowy:<\/b><br \/>\nMirt cytrynowy ma doskona\u0142e w\u0142a\u015bciwo\u015bci antybakteryjne, kt\u00f3re s\u0105 najbardziej skuteczne, gdy s\u0105 zawarte w mieszankach dyfuzor\u00f3w, sprayach i innych produktach przeznaczonych do wspierania uk\u0142adu oddechowego i odporno\u015bciowego oraz wspomagania dobrego samopoczucia. Pomaga zapobiega\u0107 chorobom sezonowym i u\u0142atwia oddychanie podczas przekrwienia. Olejek z melisy pomaga r\u00f3wnie\u017c zwalcza\u0107 nieprzyjemne zapachy i jest bardzo przydatnym sk\u0142adnikiem domowych \u015brodk\u00f3w czysto\u015bci. Melisa jest badana przez naukowc\u00f3w pod k\u0105tem mo\u017cliwo\u015bci wykorzystania jej w leczeniu grzybiczych infekcji sk\u00f3ry. Olejek ten jest stosowany w bardzo ma\u0142ych ilo\u015bciach do piel\u0119gnacji sk\u00f3ry i jest cenny dla sk\u00f3ry t\u0142ustej. Olejek eteryczny z mirtu cytrynowego podnosi na duchu i od\u015bwie\u017ca emocjonalnie i fizycznie. Ma r\u00f3wnie\u017c dzia\u0142anie uspokajaj\u0105ce, kt\u00f3re mo\u017ce pom\u00f3c z\u0142agodzi\u0107 napi\u0119cie wynikaj\u0105ce z codziennego stresu i uspokoi\u0107 umys\u0142 w czasach niepokoju i stresu. Stosowany przed snem, olejek z mirtu cytrynowego pomaga spa\u0107 spokojniej.<br \/>\n<b>Rozmaryn:<\/b><br \/>\nUwa\u017cany przez staro\u017cytnych Grek\u00f3w i Rzymian za symbol regeneracji, olejek rozmarynowy pomaga \u0142agodzi\u0107 drobne b\u00f3le i stany zapalne, zw\u0142aszcza z napi\u0119tych mi\u0119\u015bni. Jest doskona\u0142ym wyborem dla promowania zdrowych funkcji uk\u0142adu oddechowego i jest szczeg\u00f3lnie pomocny w zwalczaniu przezi\u0119bienia lub grypy. Olejek rozmarynowy pomaga r\u00f3wnie\u017c w utrzymaniu zdrowej, czystej sk\u00f3ry i mo\u017ce pom\u00f3c w leczeniu starszych blizn, poniewa\u017c ma w\u0142a\u015bciwo\u015bci, kt\u00f3re mog\u0105 pom\u00f3c w odm\u0142odzeniu sk\u00f3ry.<br \/>\nStosowany w aromaterapii, olejek rozmarynowy wspomaga jasno\u015b\u0107 my\u015blenia, a tak\u017ce dostarcza energii i poprawia nastr\u00f3j. Mo\u017ce r\u00f3wnie\u017c pom\u00f3c oczy\u015bci\u0107 negatywne my\u015bli, zainspirowa\u0107 bardziej pozytywne spojrzenie i poprawi\u0107 wydajno\u015b\u0107 umys\u0142ow\u0105. Olejek jest cz\u0119sto stosowany w celu poprawy jako\u015bci snu i zmniejszenia poziomu niepokoju.<br \/>\n<b>Werbena cytrynowa:<\/b><br \/>\nOlejek eteryczny z werbeny cytrynowej, stosowany w po\u0142\u0105czeniu z dyfuzorem sprzyja lepszemu samopoczuciu. Stosowany jako sk\u0142adnik balsam\u00f3w do r\u0105k i st\u00f3p oraz mgie\u0142ek do cia\u0142a lub w naturalnej perfumerii, aby doda\u0107 cytrusowej jasno\u015bci i blasku. W\u0142a\u015bciwo\u015bci przeciwskurczowe i przeciwb\u00f3lowe olejku z werbeny cytrynowej sprawiaj\u0105, \u017ce jest on skuteczny w \u0142agodzeniu drobnych b\u00f3l\u00f3w i dolegliwo\u015bci \u017cycia codziennego. Jest on r\u00f3wnie\u017c skuteczny w promowaniu zdrowszego uk\u0142adu trawiennego i mo\u017ce pom\u00f3c wspiera\u0107 zdrowy uk\u0142ad odporno\u015bciowy.<br \/>\nOlejek eteryczny z werbeny cytrynowej jest bogaty w zwi\u0105zek chemiczny, kt\u00f3ry sprawia, \u017ce jest doskona\u0142y w eliminowaniu niepo\u017c\u0105danego rozprzestrzeniania si\u0119 bakterii, grzyb\u00f3w i wirus\u00f3w. Olejek mo\u017ce r\u00f3wnie\u017c pom\u00f3c wspiera\u0107 os\u0142abiony uk\u0142ad odporno\u015bciowy i zmniejszy\u0107 skutki przezi\u0119bienia oraz z\u0142agodzi\u0107 objawy grypy. Do cel\u00f3w piel\u0119gnacyjnych nadaje si\u0119 raczej do sk\u00f3ry t\u0142ustej. Jest skutecznym \u015brodkiem przeciwbakteryjnym i antybakteryjnym, a tak\u017ce chroni przed infekcjami.<br \/>\nStosowany w aromaterapii, olejek z werbeny cytrynowej mo\u017ce pom\u00f3c w zmniejszeniu l\u0119ku i depresji. Dzi\u0119ki swoim w\u0142a\u015bciwo\u015bciom uspokajaj\u0105cym i afrodyzjakom pomaga zrelaksowa\u0107 umys\u0142 i poprawi\u0107 nastr\u00f3j, a tak\u017ce dzia\u0142a uspokajaj\u0105co na uk\u0142ad nerwowy.<\/p>\n<p>&nbsp;<\/p>\n<p><b>Sk\u0142ad:<\/b>\u00a0Boswellia Serrata (Frankincense Serrata), Salvia Sclarea (Clary Sage), Lavandula Angustifolia (Lavender), Mentha x Piperita (Peppermint), Abies Balsamea (Balsam Fir), Citrus Aurantium var. Amara (Neroli), Myroxylon Balsamum var. Pereirae (Peruvian Balsam), Citrus x Latifolia (Persian Lime), Mentha Arvensis (Corn Mint), Leptospermum Petersonii (Lemon Tea Tree), Eucalyptus Dives (Eukaliptus Dives), Backhousia Citriodora (Lemon Myrtle), Rosmarinus Officinalis (Rosemary), Aloysia Citriodora (Lemon Verbena) olejki eteryczne.<br \/>\n<b>Spos\u00f3b u\u017cycia:<\/b>\u00a0dodaj 3-5 kropli olejku eterycznego do dyfuzora aromaterapeutycznego lub k\u0105pieli. Dodaj kilka kropli olejku eterycznego do wody, aby zrobi\u0107 spray zapachowy w domu lub umie\u015bci\u0107 kilka kropli na tekstyliach i umie\u015bci\u0107 je w wybranym miejscu.<br \/>\n<b>Ostrze\u017cenie:<\/b>\u00a0tylko do u\u017cytku zewn\u0119trznego. Tylko do u\u017cytku zewn\u0119trznego. Przechowywa\u0107 z dala od dzieci.<\/p>\n<p>Wyprodukowano w Unii Europejskiej.<\/p>\n","protected":false},"excerpt":{"rendered":"<p>&nbsp;<\/p>\n<p>&nbsp;<\/p>\n","protected":false},"featured_media":19724,"template":"","meta":[],"product_cat":[785,197],"product_tag":[2174,2113,617],"_links":{"self":[{"href":"https:\/\/sklep.nowyork.pl\/index.php\/wp-json\/wp\/v2\/product\/19723"}],"collection":[{"href":"https:\/\/sklep.nowyork.pl\/index.php\/wp-json\/wp\/v2\/product"}],"about":[{"href":"https:\/\/sklep.nowyork.pl\/index.php\/wp-json\/wp\/v2\/types\/product"}],"wp:featuredmedia":[{"embeddable":true,"href":"https:\/\/sklep.nowyork.pl\/index.php\/wp-json\/wp\/v2\/media\/19724"}],"wp:attachment":[{"href":"https:\/\/sklep.nowyork.pl\/index.php\/wp-json\/wp\/v2\/media?parent=19723"}],"wp:term":[{"taxonomy":"product_cat","embeddable":true,"href":"https:\/\/sklep.nowyork.pl\/index.php\/wp-json\/wp\/v2\/product_cat?post=19723"},{"taxonomy":"product_tag","embeddable":true,"href":"https:\/\/sklep.nowyork.pl\/index.php\/wp-json\/wp\/v2\/product_tag?post=19723"}],"curies":[{"name":"wp","href":"https:\/\/api.w.org\/{rel}","templated":true}]}}